{"id":3630,"date":"2024-04-08T16:28:01","date_gmt":"2024-04-08T14:28:01","guid":{"rendered":"https:\/\/dev.camping-omaha-beach.fr\/die-velomaritime\/"},"modified":"2025-11-28T15:53:11","modified_gmt":"2025-11-28T14:53:11","slug":"die-velomaritime","status":"publish","type":"page","link":"https:\/\/www.campingomaha.fr\/de\/in-der-umgebung\/die-velomaritime\/","title":{"rendered":"Die Velomaritime"},"content":{"rendered":"\t\t<div data-elementor-type=\"wp-page\" data-elementor-id=\"3630\" class=\"elementor elementor-3630 elementor-2487\" data-elementor-post-type=\"page\">\n\t\t\t\t<div class=\"elementor-element elementor-element-52991e9 e-con-full shape-wave e-flex e-con e-parent\" data-id=\"52991e9\" data-element_type=\"container\" data-e-type=\"container\">\n\t\t<div class=\"elementor-element elementor-element-ab4c62c e-flex e-con-boxed e-con e-child\" data-id=\"ab4c62c\" data-element_type=\"container\" data-e-type=\"container\">\n\t\t\t\t\t<div class=\"e-con-inner\">\n\t\t<div class=\"elementor-element elementor-element-c3f0066 e-flex e-con-boxed e-con e-child\" data-id=\"c3f0066\" data-element_type=\"container\" data-e-type=\"container\" data-settings=\"{&quot;sticky_on&quot;:[&quot;desktop&quot;,&quot;tablet&quot;],&quot;sticky_offset&quot;:115,&quot;sticky_parent&quot;:&quot;yes&quot;,&quot;sticky&quot;:&quot;top&quot;,&quot;sticky_effects_offset&quot;:0,&quot;sticky_anchor_link_offset&quot;:0}\">\n\t\t\t\t\t<div class=\"e-con-inner\">\n\t\t\t\t<div class=\"elementor-element elementor-element-bdc889e elementor-widget elementor-widget-heading\" data-id=\"bdc889e\" data-element_type=\"widget\" data-e-type=\"widget\" data-widget_type=\"heading.default\">\n\t\t\t\t<div class=\"elementor-widget-container\">\n\t\t\t\t\t<h2 class=\"elementor-heading-title elementor-size-default\">Die velomaritime in der n\u00e4he des campingplatzes<\/h2>\t\t\t\t<\/div>\n\t\t\t\t<\/div>\n\t\t\t\t<div class=\"elementor-element elementor-element-476671e elementor-widget elementor-widget-text-editor\" data-id=\"476671e\" data-element_type=\"widget\" data-e-type=\"widget\" data-widget_type=\"text-editor.default\">\n\t\t\t\t<div class=\"elementor-widget-container\">\n\t\t\t\t\t\t\t\t\t<p>Die V\u00e9lomaritime ist mehr als <strong>1500 km mit dem Fahrrad<\/strong> vom \u00c4rmelkanal bis zur Nordsee entfernt. Von Roscoff in der Bretagne bis nach D\u00fcnkirchen an der belgischen Grenze ist der Radweg zu mehr als 90 % ausgebaut und durchquert mythische St\u00e4tten wie den Rosa Granit, den Mont St. Michel und seine Bucht, <strong>die Landungsstr\u00e4nde<\/strong>, die Klippen von Etretat, die Somme-Bucht oder die Opalk\u00fcste.<\/p><p>Mit einigen gemeinsamen Fahrspuren ist es eine ideale Radroute f\u00fcr Radfahrer, die Flucht, Herausforderung, kulturelle und gastronomische Entdeckung suchen.<\/p><p>Nutzen Sie Ihren Aufenthalt, um das maritime Fahrrad zu entdecken, der Campingplatz liegt an der Route: <a href=\"https:\/\/www.lavelomaritime.fr\/itineraire\/grandcamp-maisy-port-en-bessin-huppain\" target=\"_blank\" rel=\"noopener\">GRANDCAMP MAISY &#8211; PORT EN BESSIN<\/a><\/p><p>Treten Sie in die Fu\u00dfstapfen des Angriffs vom 6. Juni 1944. Kurz nach <strong>Grandcamp-Maisy<\/strong> halten Sie an der <strong>Pointe du Hoc<\/strong>, die zeigt, was eine Artillerie-Batterie war. Die Route, die derzeit entwickelt wird, bietet eine tempor\u00e4re retrolitorale Route. Auf halbem Weg erm\u00f6glicht Ihnen eine Verbindung einen Kurzurlaub nach <strong>Omaha Beach<\/strong>, wo die Amerikaner unter feindlichem Beschuss gelandet sind. Sie kommen in <strong>Port-en-Bessin<\/strong> an, wo Sie am Hafen eine gute Meeresfr\u00fcchteplatte erwartet.<\/p>\t\t\t\t\t\t\t\t<\/div>\n\t\t\t\t<\/div>\n\t\t\t\t<div class=\"elementor-element elementor-element-4df89a2 elementor-widget elementor-widget-button\" data-id=\"4df89a2\" data-element_type=\"widget\" data-e-type=\"widget\" data-widget_type=\"button.default\">\n\t\t\t\t<div class=\"elementor-widget-container\">\n\t\t\t\t\t\t\t\t\t<div class=\"elementor-button-wrapper\">\n\t\t\t\t\t<a class=\"elementor-button elementor-button-link elementor-size-sm\" href=\"https:\/\/www.lavelomaritime.fr\/itineraire\/grandcamp-maisy-port-en-bessin-huppain\" target=\"_blank\" rel=\"nofollow noopener\">\n\t\t\t\t\t\t<span class=\"elementor-button-content-wrapper\">\n\t\t\t\t\t\t\t\t\t<span class=\"elementor-button-text\">Velomaritime website<\/span>\n\t\t\t\t\t<\/span>\n\t\t\t\t\t<\/a>\n\t\t\t\t<\/div>\n\t\t\t\t\t\t\t\t<\/div>\n\t\t\t\t<\/div>\n\t\t\t\t\t<\/div>\n\t\t\t\t<\/div>\n\t\t<div class=\"elementor-element elementor-element-f261ece e-con-full e-flex e-con e-child\" data-id=\"f261ece\" data-element_type=\"container\" data-e-type=\"container\">\n\t\t\t\t<div class=\"elementor-element elementor-element-a1b924f elementor-skin-carousel elementor-arrows-yes elementor-pagination-type-bullets elementor-pagination-position-outside elementor-widget elementor-widget-media-carousel\" data-id=\"a1b924f\" data-element_type=\"widget\" data-e-type=\"widget\" data-settings=\"{&quot;slides_per_view&quot;:&quot;2&quot;,&quot;slides_to_scroll&quot;:&quot;1&quot;,&quot;skin&quot;:&quot;carousel&quot;,&quot;effect&quot;:&quot;slide&quot;,&quot;show_arrows&quot;:&quot;yes&quot;,&quot;pagination&quot;:&quot;bullets&quot;,&quot;speed&quot;:500,&quot;autoplay&quot;:&quot;yes&quot;,&quot;autoplay_speed&quot;:5000,&quot;loop&quot;:&quot;yes&quot;,&quot;pause_on_hover&quot;:&quot;yes&quot;,&quot;pause_on_interaction&quot;:&quot;yes&quot;,&quot;space_between&quot;:{&quot;unit&quot;:&quot;px&quot;,&quot;size&quot;:10,&quot;sizes&quot;:[]},&quot;space_between_tablet&quot;:{&quot;unit&quot;:&quot;px&quot;,&quot;size&quot;:10,&quot;sizes&quot;:[]},&quot;space_between_mobile&quot;:{&quot;unit&quot;:&quot;px&quot;,&quot;size&quot;:10,&quot;sizes&quot;:[]}}\" data-widget_type=\"media-carousel.default\">\n\t\t\t\t<div class=\"elementor-widget-container\">\n\t\t\t\t\t\t\t\t\t<div class=\"elementor-swiper\">\n\t\t\t\t\t<div class=\"elementor-main-swiper swiper\" role=\"region\" aria-roledescription=\"carousel\" aria-label=\"Diapositives\">\n\t\t\t\t<div class=\"swiper-wrapper\">\n\t\t\t\t\t\t\t\t\t\t\t<div class=\"swiper-slide\" role=\"group\" aria-roledescription=\"slide\">\n\t\t\t\t\t\t\t\t\t<div class=\"elementor-carousel-image\" role=\"img\" aria-label=\"IMG_20221006_123341\" style=\"background-image: url(&#039;https:\/\/www.campingomaha.fr\/wp-content\/uploads\/2024\/10\/IMG_20221006_123341-1-scaled.jpg&#039;)\">\n\n\t\t\t\n\t\t\t\t\t<\/div>\n\t\t\t\t\t\t\t\t<\/div>\n\t\t\t\t\t\t\t\t\t\t\t<div class=\"swiper-slide\" role=\"group\" aria-roledescription=\"slide\">\n\t\t\t\t\t\t\t\t\t<div class=\"elementor-carousel-image\" role=\"img\" aria-label=\"IMG_0386\" style=\"background-image: url(&#039;https:\/\/www.campingomaha.fr\/wp-content\/uploads\/2024\/10\/IMG_0386-scaled.jpg&#039;)\">\n\n\t\t\t\n\t\t\t\t\t<\/div>\n\t\t\t\t\t\t\t\t<\/div>\n\t\t\t\t\t\t\t\t\t\t\t<div class=\"swiper-slide\" role=\"group\" aria-roledescription=\"slide\">\n\t\t\t\t\t\t\t\t\t<div class=\"elementor-carousel-image\" role=\"img\" aria-label=\"20221109_154138\" style=\"background-image: url(&#039;https:\/\/www.campingomaha.fr\/wp-content\/uploads\/2024\/10\/20221109_154138-scaled.jpg&#039;)\">\n\n\t\t\t\n\t\t\t\t\t<\/div>\n\t\t\t\t\t\t\t\t<\/div>\n\t\t\t\t\t\t\t\t\t\t\t<div class=\"swiper-slide\" role=\"group\" aria-roledescription=\"slide\">\n\t\t\t\t\t\t\t\t\t<div class=\"elementor-carousel-image\" role=\"img\" aria-label=\"20220530_171442_resized\" style=\"background-image: url(&#039;https:\/\/www.campingomaha.fr\/wp-content\/uploads\/2024\/10\/20220530_171442_resized.jpg&#039;)\">\n\n\t\t\t\n\t\t\t\t\t<\/div>\n\t\t\t\t\t\t\t\t<\/div>\n\t\t\t\t\t\t\t\t\t\t\t<div class=\"swiper-slide\" role=\"group\" aria-roledescription=\"slide\">\n\t\t\t\t\t\t\t\t\t<div class=\"elementor-carousel-image\" role=\"img\" aria-label=\"V\u00e9lomaritime\" style=\"background-image: url(&#039;https:\/\/www.campingomaha.fr\/wp-content\/uploads\/2024\/10\/1000000256-scaled.jpeg&#039;)\">\n\n\t\t\t\n\t\t\t\t\t<\/div>\n\t\t\t\t\t\t\t\t<\/div>\n\t\t\t\t\t\t\t\t\t\t\t<div class=\"swiper-slide\" role=\"group\" aria-roledescription=\"slide\">\n\t\t\t\t\t\t\t\t\t<div class=\"elementor-carousel-image\" role=\"img\" aria-label=\"IMG_20221006_124634\" style=\"background-image: url(&#039;https:\/\/www.campingomaha.fr\/wp-content\/uploads\/2024\/10\/IMG_20221006_124634-scaled.jpg&#039;)\">\n\n\t\t\t\n\t\t\t\t\t<\/div>\n\t\t\t\t\t\t\t\t<\/div>\n\t\t\t\t\t\t\t\t\t<\/div>\n\t\t\t\t\t\t\t\t\t\t\t\t\t\t\t<div class=\"elementor-swiper-button elementor-swiper-button-prev\" role=\"button\" tabindex=\"0\" aria-label=\"Voriger\">\n\t\t\t\t\t\t\t<svg aria-hidden=\"true\" class=\"e-font-icon-svg e-eicon-chevron-left\" viewBox=\"0 0 1000 1000\" xmlns=\"http:\/\/www.w3.org\/2000\/svg\"><path d=\"M646 125C629 125 613 133 604 142L308 442C296 454 292 471 292 487 292 504 296 521 308 533L604 854C617 867 629 875 646 875 663 875 679 871 692 858 704 846 713 829 713 812 713 796 708 779 692 767L438 487 692 225C700 217 708 204 708 187 708 171 704 154 692 142 675 129 663 125 646 125Z\"><\/path><\/svg>\t\t\t\t\t\t<\/div>\n\t\t\t\t\t\t<div class=\"elementor-swiper-button elementor-swiper-button-next\" role=\"button\" tabindex=\"0\" aria-label=\"N\u00e4chster\">\n\t\t\t\t\t\t\t<svg aria-hidden=\"true\" class=\"e-font-icon-svg e-eicon-chevron-right\" viewBox=\"0 0 1000 1000\" xmlns=\"http:\/\/www.w3.org\/2000\/svg\"><path d=\"M696 533C708 521 713 504 713 487 713 471 708 454 696 446L400 146C388 133 375 125 354 125 338 125 325 129 313 142 300 154 292 171 292 187 292 204 296 221 308 233L563 492 304 771C292 783 288 800 288 817 288 833 296 850 308 863 321 871 338 875 354 875 371 875 388 867 400 854L696 533Z\"><\/path><\/svg>\t\t\t\t\t\t<\/div>\n\t\t\t\t\t\t\t\t\t\t\t\t\t\t\t\t<div class=\"swiper-pagination\"><\/div>\n\t\t\t\t\t\t\t\t\t\t\t\t<\/div>\n\t\t\t\t<\/div>\n\t\t\t\t\t\t\t\t<\/div>\n\t\t\t\t<\/div>\n\t\t\t\t<\/div>\n\t\t\t\t\t<\/div>\n\t\t\t\t<\/div>\n\t\t\t\t<\/div>\n\t\t<div class=\"elementor-element elementor-element-6092067 e-flex e-con-boxed e-con e-parent\" data-id=\"6092067\" data-element_type=\"container\" data-e-type=\"container\">\n\t\t\t\t\t<div class=\"e-con-inner\">\n\t\t\t\t<div class=\"elementor-element elementor-element-5b741ef elementor-pagination-type-bullets elementor-arrows-position-inside elementor-pagination-position-outside elementor-widget elementor-widget-n-carousel\" data-id=\"5b741ef\" data-element_type=\"widget\" data-e-type=\"widget\" data-settings=\"{&quot;carousel_items&quot;:[{&quot;slide_title&quot;:&quot;Diapositive N\\u00b01&quot;,&quot;_id&quot;:&quot;35b04f7&quot;},{&quot;slide_title&quot;:&quot;Diapositive N\\u00b02&quot;,&quot;_id&quot;:&quot;be02924&quot;},{&quot;slide_title&quot;:&quot;Diapositive N\\u00b03&quot;,&quot;_id&quot;:&quot;3a39b96&quot;}],&quot;slides_to_show_tablet&quot;:&quot;2&quot;,&quot;slides_to_show_mobile&quot;:&quot;1&quot;,&quot;autoplay&quot;:&quot;yes&quot;,&quot;autoplay_speed&quot;:5000,&quot;pause_on_hover&quot;:&quot;yes&quot;,&quot;pause_on_interaction&quot;:&quot;yes&quot;,&quot;infinite&quot;:&quot;yes&quot;,&quot;speed&quot;:500,&quot;offset_sides&quot;:&quot;none&quot;,&quot;arrows&quot;:&quot;yes&quot;,&quot;pagination&quot;:&quot;bullets&quot;,&quot;image_spacing_custom&quot;:{&quot;unit&quot;:&quot;px&quot;,&quot;size&quot;:10,&quot;sizes&quot;:[]},&quot;image_spacing_custom_tablet&quot;:{&quot;unit&quot;:&quot;px&quot;,&quot;size&quot;:&quot;&quot;,&quot;sizes&quot;:[]},&quot;image_spacing_custom_mobile&quot;:{&quot;unit&quot;:&quot;px&quot;,&quot;size&quot;:&quot;&quot;,&quot;sizes&quot;:[]}}\" data-widget_type=\"nested-carousel.default\">\n\t\t\t\t<div class=\"elementor-widget-container\">\n\t\t\t\t\t\t\t<div class=\"e-n-carousel swiper\" role=\"region\" aria-roledescription=\"carousel\" aria-label=\"Carousel\" dir=\"ltr\">\n\t\t\t<div class=\"swiper-wrapper\" aria-live=\"off\">\n\t\t\t\t\t\t\t\t\t\t<div class=\"swiper-slide\" data-slide=\"1\" role=\"group\" aria-roledescription=\"slide\" aria-label=\"1 von 3\">\n\t\t\t\t\t\t\t<div class=\"elementor-element elementor-element-e7de846 e-flex e-con-boxed e-con e-child\" data-id=\"e7de846\" data-element_type=\"container\" data-e-type=\"container\">\n\t\t\t\t\t<div class=\"e-con-inner\">\n\t\t<div class=\"elementor-element elementor-element-24b4eb3 e-con-full e-flex e-con e-child\" data-id=\"24b4eb3\" data-element_type=\"container\" data-e-type=\"container\">\n\t\t\t\t<div class=\"elementor-element elementor-element-f3a2e06 elementor-widget elementor-widget-image\" data-id=\"f3a2e06\" data-element_type=\"widget\" data-e-type=\"widget\" data-widget_type=\"image.default\">\n\t\t\t\t<div class=\"elementor-widget-container\">\n\t\t\t\t\t\t\t\t\t\t\t\t\t\t\t<img fetchpriority=\"high\" decoding=\"async\" width=\"640\" height=\"288\" src=\"https:\/\/www.campingomaha.fr\/wp-content\/uploads\/2024\/10\/IMG_20221006_123341-1024x461.jpg\" class=\"attachment-large size-large wp-image-6572\" alt=\"\" srcset=\"https:\/\/www.campingomaha.fr\/wp-content\/uploads\/2024\/10\/IMG_20221006_123341-1024x461.jpg 1024w, https:\/\/www.campingomaha.fr\/wp-content\/uploads\/2024\/10\/IMG_20221006_123341-500x225.jpg 500w, https:\/\/www.campingomaha.fr\/wp-content\/uploads\/2024\/10\/IMG_20221006_123341-768x346.jpg 768w, https:\/\/www.campingomaha.fr\/wp-content\/uploads\/2024\/10\/IMG_20221006_123341-1536x691.jpg 1536w, https:\/\/www.campingomaha.fr\/wp-content\/uploads\/2024\/10\/IMG_20221006_123341-2048x922.jpg 2048w\" sizes=\"(max-width: 640px) 100vw, 640px\" \/>\t\t\t\t\t\t\t\t\t\t\t\t\t\t\t<\/div>\n\t\t\t\t<\/div>\n\t\t\t\t<\/div>\n\t\t\t\t\t<\/div>\n\t\t\t\t<\/div>\n\t\t\t\t\t\t\t\t<\/div>\n\t\t\t\t\t\t\t\t\t\t\t<div class=\"swiper-slide\" data-slide=\"2\" role=\"group\" aria-roledescription=\"slide\" aria-label=\"2 von 3\">\n\t\t\t\t\t\t\t<div class=\"elementor-element elementor-element-cf15843 e-flex e-con-boxed e-con e-child\" data-id=\"cf15843\" data-element_type=\"container\" data-e-type=\"container\">\n\t\t\t\t\t<div class=\"e-con-inner\">\n\t\t<div class=\"elementor-element elementor-element-77d28e9 e-con-full e-flex e-con e-child\" data-id=\"77d28e9\" data-element_type=\"container\" data-e-type=\"container\">\n\t\t\t\t<div class=\"elementor-element elementor-element-1334615 elementor-widget elementor-widget-image\" data-id=\"1334615\" data-element_type=\"widget\" data-e-type=\"widget\" data-widget_type=\"image.default\">\n\t\t\t\t<div class=\"elementor-widget-container\">\n\t\t\t\t\t\t\t\t\t\t\t\t\t\t\t<img decoding=\"async\" width=\"640\" height=\"288\" src=\"https:\/\/www.campingomaha.fr\/wp-content\/uploads\/2024\/10\/IMG_20221006_131234-1024x461.jpg\" class=\"attachment-large size-large wp-image-6557\" alt=\"\" srcset=\"https:\/\/www.campingomaha.fr\/wp-content\/uploads\/2024\/10\/IMG_20221006_131234-1024x461.jpg 1024w, https:\/\/www.campingomaha.fr\/wp-content\/uploads\/2024\/10\/IMG_20221006_131234-500x225.jpg 500w, https:\/\/www.campingomaha.fr\/wp-content\/uploads\/2024\/10\/IMG_20221006_131234-768x346.jpg 768w, https:\/\/www.campingomaha.fr\/wp-content\/uploads\/2024\/10\/IMG_20221006_131234-1536x691.jpg 1536w, https:\/\/www.campingomaha.fr\/wp-content\/uploads\/2024\/10\/IMG_20221006_131234-2048x922.jpg 2048w\" sizes=\"(max-width: 640px) 100vw, 640px\" \/>\t\t\t\t\t\t\t\t\t\t\t\t\t\t\t<\/div>\n\t\t\t\t<\/div>\n\t\t\t\t<\/div>\n\t\t\t\t\t<\/div>\n\t\t\t\t<\/div>\n\t\t\t\t\t\t\t\t<\/div>\n\t\t\t\t\t\t\t\t\t\t\t<div class=\"swiper-slide\" data-slide=\"3\" role=\"group\" aria-roledescription=\"slide\" aria-label=\"3 von 3\">\n\t\t\t\t\t\t\t<div class=\"elementor-element elementor-element-eb3f3f1 e-flex e-con-boxed e-con e-child\" data-id=\"eb3f3f1\" data-element_type=\"container\" data-e-type=\"container\">\n\t\t\t\t\t<div class=\"e-con-inner\">\n\t\t<div class=\"elementor-element elementor-element-403a4d7 e-con-full e-flex e-con e-child\" data-id=\"403a4d7\" data-element_type=\"container\" data-e-type=\"container\">\n\t\t\t\t<div class=\"elementor-element elementor-element-fc01dca elementor-widget elementor-widget-image\" data-id=\"fc01dca\" data-element_type=\"widget\" data-e-type=\"widget\" data-widget_type=\"image.default\">\n\t\t\t\t<div class=\"elementor-widget-container\">\n\t\t\t\t\t\t\t\t\t\t\t\t\t\t\t<img decoding=\"async\" width=\"640\" height=\"288\" src=\"https:\/\/www.campingomaha.fr\/wp-content\/uploads\/2024\/10\/IMG_20221006_123333-1024x461.jpg\" class=\"attachment-large size-large wp-image-6576\" alt=\"\" srcset=\"https:\/\/www.campingomaha.fr\/wp-content\/uploads\/2024\/10\/IMG_20221006_123333-1024x461.jpg 1024w, https:\/\/www.campingomaha.fr\/wp-content\/uploads\/2024\/10\/IMG_20221006_123333-500x225.jpg 500w, https:\/\/www.campingomaha.fr\/wp-content\/uploads\/2024\/10\/IMG_20221006_123333-768x346.jpg 768w, https:\/\/www.campingomaha.fr\/wp-content\/uploads\/2024\/10\/IMG_20221006_123333-1536x691.jpg 1536w, https:\/\/www.campingomaha.fr\/wp-content\/uploads\/2024\/10\/IMG_20221006_123333-2048x922.jpg 2048w\" sizes=\"(max-width: 640px) 100vw, 640px\" \/>\t\t\t\t\t\t\t\t\t\t\t\t\t\t\t<\/div>\n\t\t\t\t<\/div>\n\t\t\t\t<\/div>\n\t\t\t\t\t<\/div>\n\t\t\t\t<\/div>\n\t\t\t\t\t\t\t\t<\/div>\n\t\t\t\t\t\t\t\t<\/div>\n\t\t<\/div>\n\t\t\t\t\t<div class=\"elementor-swiper-button elementor-swiper-button-prev\" role=\"button\" tabindex=\"0\" aria-label=\"Voriger\">\n\t\t\t\t<svg aria-hidden=\"true\" class=\"e-font-icon-svg e-eicon-chevron-left\" viewBox=\"0 0 1000 1000\" xmlns=\"http:\/\/www.w3.org\/2000\/svg\"><path d=\"M646 125C629 125 613 133 604 142L308 442C296 454 292 471 292 487 292 504 296 521 308 533L604 854C617 867 629 875 646 875 663 875 679 871 692 858 704 846 713 829 713 812 713 796 708 779 692 767L438 487 692 225C700 217 708 204 708 187 708 171 704 154 692 142 675 129 663 125 646 125Z\"><\/path><\/svg>\t\t\t<\/div>\n\t\t\t<div class=\"elementor-swiper-button elementor-swiper-button-next\" role=\"button\" tabindex=\"0\" aria-label=\"N\u00e4chster\">\n\t\t\t\t<svg aria-hidden=\"true\" class=\"e-font-icon-svg e-eicon-chevron-right\" viewBox=\"0 0 1000 1000\" xmlns=\"http:\/\/www.w3.org\/2000\/svg\"><path d=\"M696 533C708 521 713 504 713 487 713 471 708 454 696 446L400 146C388 133 375 125 354 125 338 125 325 129 313 142 300 154 292 171 292 187 292 204 296 221 308 233L563 492 304 771C292 783 288 800 288 817 288 833 296 850 308 863 321 871 338 875 354 875 371 875 388 867 400 854L696 533Z\"><\/path><\/svg>\t\t\t<\/div>\n\t\t\t\t\t<div class=\"swiper-pagination\"><\/div>\n\t\t\t\t\t\t<\/div>\n\t\t\t\t<\/div>\n\t\t\t\t\t<\/div>\n\t\t\t\t<\/div>\n\t\t<div class=\"elementor-element elementor-element-9688da5 e-flex e-con-boxed e-con e-parent\" data-id=\"9688da5\" data-element_type=\"container\" data-e-type=\"container\">\n\t\t\t\t\t<div class=\"e-con-inner\">\n\t\t<div class=\"elementor-element elementor-element-f8718b2 e-con-full e-flex e-con e-child\" data-id=\"f8718b2\" data-element_type=\"container\" data-e-type=\"container\">\n\t\t<div class=\"elementor-element elementor-element-7916ecf e-flex e-con-boxed e-con e-child\" data-id=\"7916ecf\" data-element_type=\"container\" data-e-type=\"container\">\n\t\t\t\t\t<div class=\"e-con-inner\">\n\t\t\t\t<div class=\"elementor-element elementor-element-44eb678 elementor-widget elementor-widget-heading\" data-id=\"44eb678\" data-element_type=\"widget\" data-e-type=\"widget\" data-widget_type=\"heading.default\">\n\t\t\t\t<div class=\"elementor-widget-container\">\n\t\t\t\t\t<h2 class=\"elementor-heading-title elementor-size-default\">Elektrofahrradverleih<\/h2>\t\t\t\t<\/div>\n\t\t\t\t<\/div>\n\t\t\t\t<div class=\"elementor-element elementor-element-7db3f48 elementor-widget elementor-widget-text-editor\" data-id=\"7db3f48\" data-element_type=\"widget\" data-e-type=\"widget\" data-widget_type=\"text-editor.default\">\n\t\t\t\t<div class=\"elementor-widget-container\">\n\t\t\t\t\t\t\t\t\t<p>Entdecken Sie unseren <strong>neuen Verleihservice f\u00fcr Elektrofahrr\u00e4der <\/strong>auf dem Campingplatz, der in <a href=\"https:\/\/www.campingomaha.fr\/de\/in-der-umgebung\/die-velomaritime\/\">der N\u00e4he der V\u00e9lo Maritime<\/a> liegt. Unsere Fahrr\u00e4der stehen am Eingang des Campingplatzes zur Verf\u00fcgung und sind ideal entlang der Route platziert.<br>Die Preise sind flexibel und passen sich an alle Bed\u00fcrfnisse an, egal ob Sie einen ganzen Tag oder nur ein paar Stunden fahren m\u00f6chten. <\/p>\n<p><b>ELEKTRISCHE FAHRR\u00c4DER<\/b><\/p>\n<ul>\n<li>\n<p class=\"justifyright\">12\u20ac f\u00fcr 4 Stunden<\/p>\n<\/li>\n<li>20\u20ac pro Tag<\/li>\n<\/ul>\n<p><b>MUSKELFAHRR\u00c4DER<\/b><\/p>\n<ul>\n<li>10\u20ac f\u00fcr 4 Stunden<\/li>\n<li>15\u20ac pro Tag<\/li>\n<\/ul>\t\t\t\t\t\t\t\t<\/div>\n\t\t\t\t<\/div>\n\t\t\t\t<div class=\"elementor-element elementor-element-4bc0fee elementor-widget-divider--view-line elementor-widget elementor-widget-divider\" data-id=\"4bc0fee\" data-element_type=\"widget\" data-e-type=\"widget\" data-widget_type=\"divider.default\">\n\t\t\t\t<div class=\"elementor-widget-container\">\n\t\t\t\t\t\t\t<div class=\"elementor-divider\">\n\t\t\t<span class=\"elementor-divider-separator\">\n\t\t\t\t\t\t<\/span>\n\t\t<\/div>\n\t\t\t\t\t\t<\/div>\n\t\t\t\t<\/div>\n\t\t\t\t\t<\/div>\n\t\t\t\t<\/div>\n\t\t\t\t<\/div>\n\t\t\t\t\t<\/div>\n\t\t\t\t<\/div>\n\t\t\t\t<\/div>\n\t\t","protected":false},"excerpt":{"rendered":"<p>Die velomaritime in der n\u00e4he des campingplatzes Die V\u00e9lomaritime ist mehr als 1500 km mit dem Fahrrad vom \u00c4rmelkanal bis zur Nordsee entfernt. Von Roscoff in der Bretagne bis nach D\u00fcnkirchen an der belgischen Grenze ist der Radweg zu mehr als 90 % ausgebaut und durchquert mythische St\u00e4tten wie den Rosa Granit, den Mont St. [&hellip;]<\/p>\n","protected":false},"author":1,"featured_media":3581,"parent":3649,"menu_order":0,"comment_status":"closed","ping_status":"closed","template":"","meta":{"_acf_changed":false,"footnotes":""},"class_list":["post-3630","page","type-page","status-publish","has-post-thumbnail","hentry"],"acf":[],"_links":{"self":[{"href":"https:\/\/www.campingomaha.fr\/de\/wp-json\/wp\/v2\/pages\/3630","targetHints":{"allow":["GET"]}}],"collection":[{"href":"https:\/\/www.campingomaha.fr\/de\/wp-json\/wp\/v2\/pages"}],"about":[{"href":"https:\/\/www.campingomaha.fr\/de\/wp-json\/wp\/v2\/types\/page"}],"author":[{"embeddable":true,"href":"https:\/\/www.campingomaha.fr\/de\/wp-json\/wp\/v2\/users\/1"}],"replies":[{"embeddable":true,"href":"https:\/\/www.campingomaha.fr\/de\/wp-json\/wp\/v2\/comments?post=3630"}],"version-history":[{"count":3,"href":"https:\/\/www.campingomaha.fr\/de\/wp-json\/wp\/v2\/pages\/3630\/revisions"}],"predecessor-version":[{"id":9531,"href":"https:\/\/www.campingomaha.fr\/de\/wp-json\/wp\/v2\/pages\/3630\/revisions\/9531"}],"up":[{"embeddable":true,"href":"https:\/\/www.campingomaha.fr\/de\/wp-json\/wp\/v2\/pages\/3649"}],"wp:featuredmedia":[{"embeddable":true,"href":"https:\/\/www.campingomaha.fr\/de\/wp-json\/wp\/v2\/media\/3581"}],"wp:attachment":[{"href":"https:\/\/www.campingomaha.fr\/de\/wp-json\/wp\/v2\/media?parent=3630"}],"curies":[{"name":"wp","href":"https:\/\/api.w.org\/{rel}","templated":true}]}}