{"id":3671,"date":"2025-09-30T10:35:25","date_gmt":"2025-09-30T08:35:25","guid":{"rendered":"https:\/\/dev.camping-omaha-beach.fr\/versicherung\/"},"modified":"2025-11-28T10:44:17","modified_gmt":"2025-11-28T09:44:17","slug":"versicherung","status":"publish","type":"page","link":"https:\/\/www.campingomaha.fr\/de\/praktische-informationen\/versicherung\/","title":{"rendered":"Bezahlen Sie in 4 Raten mit Floa!"},"content":{"rendered":"\t\t<div data-elementor-type=\"wp-page\" data-elementor-id=\"3671\" class=\"elementor elementor-3671 elementor-2419\" data-elementor-post-type=\"page\">\n\t\t\t\t<div class=\"elementor-element elementor-element-0f401cb e-con-full shape-wave e-flex e-con e-parent\" data-id=\"0f401cb\" data-element_type=\"container\" data-e-type=\"container\">\n\t\t<div class=\"elementor-element elementor-element-a4321a8 e-flex e-con-boxed e-con e-child\" data-id=\"a4321a8\" data-element_type=\"container\" data-e-type=\"container\">\n\t\t\t\t\t<div class=\"e-con-inner\">\n\t\t<div class=\"elementor-element elementor-element-f268300 e-flex e-con-boxed e-con e-child\" data-id=\"f268300\" data-element_type=\"container\" data-e-type=\"container\">\n\t\t\t\t\t<div class=\"e-con-inner\">\n\t\t\t\t<div class=\"elementor-element elementor-element-f7ca259 elementor-widget elementor-widget-heading\" data-id=\"f7ca259\" data-element_type=\"widget\" data-e-type=\"widget\" data-widget_type=\"heading.default\">\n\t\t\t\t<div class=\"elementor-widget-container\">\n\t\t\t\t\t<h2 class=\"elementor-heading-title elementor-size-default\">Floa Bank<\/h2>\t\t\t\t<\/div>\n\t\t\t\t<\/div>\n\t\t<div class=\"elementor-element elementor-element-c93cb89 e-grid e-con-boxed e-con e-child\" data-id=\"c93cb89\" data-element_type=\"container\" data-e-type=\"container\">\n\t\t\t\t\t<div class=\"e-con-inner\">\n\t\t<div class=\"elementor-element elementor-element-42befc2 e-flex e-con-boxed e-con e-child\" data-id=\"42befc2\" data-element_type=\"container\" data-e-type=\"container\">\n\t\t\t\t\t<div class=\"e-con-inner\">\n\t\t\t\t<div class=\"elementor-element elementor-element-ab816d0 elementor-widget elementor-widget-image\" data-id=\"ab816d0\" data-element_type=\"widget\" data-e-type=\"widget\" data-widget_type=\"image.default\">\n\t\t\t\t<div class=\"elementor-widget-container\">\n\t\t\t\t\t\t\t\t\t\t\t\t\t\t\t<img decoding=\"async\" width=\"150\" height=\"150\" src=\"https:\/\/www.campingomaha.fr\/wp-content\/uploads\/2025\/09\/2-150x150.png\" class=\"attachment-thumbnail size-thumbnail wp-image-8869\" alt=\"\" srcset=\"https:\/\/www.campingomaha.fr\/wp-content\/uploads\/2025\/09\/2-150x150.png 150w, https:\/\/www.campingomaha.fr\/wp-content\/uploads\/2025\/09\/2.png 500w\" sizes=\"(max-width: 150px) 100vw, 150px\" \/>\t\t\t\t\t\t\t\t\t\t\t\t\t\t\t<\/div>\n\t\t\t\t<\/div>\n\t\t<div class=\"elementor-element elementor-element-5bed78f e-con-full e-flex e-con e-child\" data-id=\"5bed78f\" data-element_type=\"container\" data-e-type=\"container\">\n\t\t\t\t<div class=\"elementor-element elementor-element-946bf5a elementor-widget elementor-widget-heading\" data-id=\"946bf5a\" data-element_type=\"widget\" data-e-type=\"widget\" data-widget_type=\"heading.default\">\n\t\t\t\t<div class=\"elementor-widget-container\">\n\t\t\t\t\t<p class=\"elementor-heading-title elementor-size-default\">Medizinische Gr\u00fcnde<\/p>\t\t\t\t<\/div>\n\t\t\t\t<\/div>\n\t\t\t\t<div class=\"elementor-element elementor-element-9c8d6dc elementor-widget elementor-widget-text-editor\" data-id=\"9c8d6dc\" data-element_type=\"widget\" data-e-type=\"widget\" data-widget_type=\"text-editor.default\">\n\t\t\t\t<div class=\"elementor-widget-container\">\n\t\t\t\t\t\t\t\t\t<p>Weil Urlaub Spa\u00df und Ruhe bedeuten soll, bietet Flower Campings Ihnen die M\u00f6glichkeit, Ihren Aufenthalt auf dem Campingplatz in Raten zu bezahlen. Dank unseres Partners FLOA k\u00f6nnen Sie Ihre Buchung ganz einfach in 3 oder 4 Raten bezahlen.   <\/p><p>Mit der Ratenzahlung m\u00fcssen Sie bei Ihren Urlaubsw\u00fcnschen keine Kompromisse mehr eingehen. Jetzt k\u00f6nnen Sie sich das perfekte Erlebnis leisten. Entdecken Sie verschiedene Stimmungen und erleben Sie einzigartige Momente, w\u00e4hrend Sie Ihr Budget im Auge behalten.  <\/p>\t\t\t\t\t\t\t\t<\/div>\n\t\t\t\t<\/div>\n\t\t\t\t<\/div>\n\t\t\t\t\t<\/div>\n\t\t\t\t<\/div>\n\t\t<div class=\"elementor-element elementor-element-27d23ca e-flex e-con-boxed e-con e-child\" data-id=\"27d23ca\" data-element_type=\"container\" data-e-type=\"container\">\n\t\t\t\t\t<div class=\"e-con-inner\">\n\t\t\t\t<div class=\"elementor-element elementor-element-84684b4 elementor-widget elementor-widget-image\" data-id=\"84684b4\" data-element_type=\"widget\" data-e-type=\"widget\" data-widget_type=\"image.default\">\n\t\t\t\t<div class=\"elementor-widget-container\">\n\t\t\t\t\t\t\t\t\t\t\t\t\t\t\t<img decoding=\"async\" width=\"50\" height=\"45\" src=\"https:\/\/www.campingomaha.fr\/wp-content\/uploads\/2024\/03\/icon-email.png\" class=\"attachment-thumbnail size-thumbnail wp-image-3281\" alt=\"\" \/>\t\t\t\t\t\t\t\t\t\t\t\t\t\t\t<\/div>\n\t\t\t\t<\/div>\n\t\t<div class=\"elementor-element elementor-element-ae54caf e-con-full e-flex e-con e-child\" data-id=\"ae54caf\" data-element_type=\"container\" data-e-type=\"container\">\n\t\t\t\t<div class=\"elementor-element elementor-element-8a518ed elementor-widget elementor-widget-heading\" data-id=\"8a518ed\" data-element_type=\"widget\" data-e-type=\"widget\" data-widget_type=\"heading.default\">\n\t\t\t\t<div class=\"elementor-widget-container\">\n\t\t\t\t\t<p class=\"elementor-heading-title elementor-size-default\">Pers\u00f6nliche Gr\u00fcnde<\/p>\t\t\t\t<\/div>\n\t\t\t\t<\/div>\n\t\t\t\t<div class=\"elementor-element elementor-element-5669f44 elementor-widget elementor-widget-text-editor\" data-id=\"5669f44\" data-element_type=\"widget\" data-e-type=\"widget\" data-widget_type=\"text-editor.default\">\n\t\t\t\t<div class=\"elementor-widget-container\">\n\t\t\t\t\t\t\t\t\t<p>W\u00e4hlen Sie bei Ihrer Online-Buchung die Zahlung in 3 oder 4 Raten und strecken Sie Ihr Budget ohne Einschr\u00e4nkungen. Sie brauchen nur noch Ihre Koffer zu packen und zu genie\u00dfen!   <\/p><p><i>Achtung: Vorbehaltlich der Annahme durch FLOA. Sie haben eine Widerrufsfrist. Sehen Sie sich die    <\/i><a href=\"https:\/\/www.floabank.fr\/conditions-generales-paiement-plusieurs-fois\" target=\"_blank\" rel=\"noopener\"><i>Allgemeine Gesch\u00e4ftsbedingungen f\u00fcr die FLOA Ratenzahlung<\/i><i>  <\/i><\/a><\/p>\t\t\t\t\t\t\t\t<\/div>\n\t\t\t\t<\/div>\n\t\t\t\t<\/div>\n\t\t\t\t\t<\/div>\n\t\t\t\t<\/div>\n\t\t<div class=\"elementor-element elementor-element-ee3a973 e-flex e-con-boxed e-con e-child\" data-id=\"ee3a973\" data-element_type=\"container\" data-e-type=\"container\">\n\t\t\t\t\t<div class=\"e-con-inner\">\n\t\t\t\t<div class=\"elementor-element elementor-element-d105658 elementor-widget elementor-widget-image\" data-id=\"d105658\" data-element_type=\"widget\" data-e-type=\"widget\" data-widget_type=\"image.default\">\n\t\t\t\t<div class=\"elementor-widget-container\">\n\t\t\t\t\t\t\t\t\t\t\t\t\t\t\t<img decoding=\"async\" width=\"50\" height=\"50\" src=\"https:\/\/www.campingomaha.fr\/wp-content\/uploads\/2024\/03\/icon-telephone.png\" class=\"attachment-thumbnail size-thumbnail wp-image-3275\" alt=\"\" \/>\t\t\t\t\t\t\t\t\t\t\t\t\t\t\t<\/div>\n\t\t\t\t<\/div>\n\t\t<div class=\"elementor-element elementor-element-803aeb4 e-con-full e-flex e-con e-child\" data-id=\"803aeb4\" data-element_type=\"container\" data-e-type=\"container\">\n\t\t\t\t<div class=\"elementor-element elementor-element-ed20cfa elementor-widget elementor-widget-heading\" data-id=\"ed20cfa\" data-element_type=\"widget\" data-e-type=\"widget\" data-widget_type=\"heading.default\">\n\t\t\t\t<div class=\"elementor-widget-container\">\n\t\t\t\t\t<p class=\"elementor-heading-title elementor-size-default\">Haben Sie eine Frage?<\/p>\t\t\t\t<\/div>\n\t\t\t\t<\/div>\n\t\t\t\t<div class=\"elementor-element elementor-element-0d5d95a elementor-widget elementor-widget-text-editor\" data-id=\"0d5d95a\" data-element_type=\"widget\" data-e-type=\"widget\" data-widget_type=\"text-editor.default\">\n\t\t\t\t<div class=\"elementor-widget-container\">\n\t\t\t\t\t\t\t\t\tAufhebung oder \u00c4nderung von bezahlten Urlaubsterminen, wirtschaftliche Entlassung oder Vertragsk\u00fcndigung, berufliche Versetzung, Stellensuche usw.\t\t\t\t\t\t\t\t<\/div>\n\t\t\t\t<\/div>\n\t\t\t\t<\/div>\n\t\t\t\t\t<\/div>\n\t\t\t\t<\/div>\n\t\t\t\t\t<\/div>\n\t\t\t\t<\/div>\n\t\t\t\t\t<\/div>\n\t\t\t\t<\/div>\n\t\t<div class=\"elementor-element elementor-element-1c627cd e-flex e-con-boxed e-con e-child\" data-id=\"1c627cd\" data-element_type=\"container\" data-e-type=\"container\" data-settings=\"{&quot;sticky_on&quot;:[&quot;desktop&quot;,&quot;tablet&quot;],&quot;sticky_offset&quot;:115,&quot;sticky&quot;:&quot;top&quot;,&quot;sticky_parent&quot;:&quot;yes&quot;,&quot;sticky_effects_offset&quot;:0,&quot;sticky_anchor_link_offset&quot;:0}\">\n\t\t\t\t\t<div class=\"e-con-inner\">\n\t\t\t\t<div class=\"elementor-element elementor-element-9fd5807 elementor-widget-mobile__width-inherit elementor-widget elementor-widget-image\" data-id=\"9fd5807\" data-element_type=\"widget\" data-e-type=\"widget\" data-widget_type=\"image.default\">\n\t\t\t\t<div class=\"elementor-widget-container\">\n\t\t\t\t\t\t\t\t\t\t\t\t\t\t\t<img loading=\"lazy\" decoding=\"async\" width=\"640\" height=\"640\" src=\"https:\/\/www.campingomaha.fr\/wp-content\/uploads\/2025\/09\/Post-n\u00b02-4X-1024x1024.png\" class=\"attachment-large size-large wp-image-8948\" alt=\"\" srcset=\"https:\/\/www.campingomaha.fr\/wp-content\/uploads\/2025\/09\/Post-n\u00b02-4X-1024x1024.png 1024w, https:\/\/www.campingomaha.fr\/wp-content\/uploads\/2025\/09\/Post-n\u00b02-4X-500x500.png 500w, https:\/\/www.campingomaha.fr\/wp-content\/uploads\/2025\/09\/Post-n\u00b02-4X-150x150.png 150w, https:\/\/www.campingomaha.fr\/wp-content\/uploads\/2025\/09\/Post-n\u00b02-4X-768x768.png 768w, https:\/\/www.campingomaha.fr\/wp-content\/uploads\/2025\/09\/Post-n\u00b02-4X.png 1080w\" sizes=\"(max-width: 640px) 100vw, 640px\" \/>\t\t\t\t\t\t\t\t\t\t\t\t\t\t\t<\/div>\n\t\t\t\t<\/div>\n\t\t\t\t\t<\/div>\n\t\t\t\t<\/div>\n\t\t\t\t\t<\/div>\n\t\t\t\t<\/div>\n\t\t\t\t<\/div>\n\t\t<div class=\"elementor-element elementor-element-63dda1a e-flex e-con-boxed e-con e-parent\" data-id=\"63dda1a\" data-element_type=\"container\" data-e-type=\"container\">\n\t\t\t\t\t<div class=\"e-con-inner\">\n\t\t\t\t<div class=\"elementor-element elementor-element-b5601d3 elementor-widget elementor-widget-button\" data-id=\"b5601d3\" data-element_type=\"widget\" data-e-type=\"widget\" data-widget_type=\"button.default\">\n\t\t\t\t<div class=\"elementor-widget-container\">\n\t\t\t\t\t\t\t\t\t<div class=\"elementor-button-wrapper\">\n\t\t\t\t\t<a class=\"elementor-button elementor-size-sm\" role=\"button\">\n\t\t\t\t\t\t<span class=\"elementor-button-content-wrapper\">\n\t\t\t\t\t\t\t\t\t<span class=\"elementor-button-text\">Allgemeine Gesch\u00e4ftsbedingungen<\/span>\n\t\t\t\t\t<\/span>\n\t\t\t\t\t<\/a>\n\t\t\t\t<\/div>\n\t\t\t\t\t\t\t\t<\/div>\n\t\t\t\t<\/div>\n\t\t\t\t<div class=\"elementor-element elementor-element-ca0625d elementor-widget-divider--view-line elementor-widget elementor-widget-divider\" data-id=\"ca0625d\" data-element_type=\"widget\" data-e-type=\"widget\" data-widget_type=\"divider.default\">\n\t\t\t\t<div class=\"elementor-widget-container\">\n\t\t\t\t\t\t\t<div class=\"elementor-divider\">\n\t\t\t<span class=\"elementor-divider-separator\">\n\t\t\t\t\t\t<\/span>\n\t\t<\/div>\n\t\t\t\t\t\t<\/div>\n\t\t\t\t<\/div>\n\t\t\t\t\t<\/div>\n\t\t\t\t<\/div>\n\t\t\t\t<\/div>\n\t\t","protected":false},"excerpt":{"rendered":"<p>Floa Bank Medizinische Gr\u00fcnde Weil Urlaub Spa\u00df und Ruhe bedeuten soll, bietet Flower Campings Ihnen die M\u00f6glichkeit, Ihren Aufenthalt auf dem Campingplatz in Raten zu bezahlen. Dank unseres Partners FLOA k\u00f6nnen Sie Ihre Buchung ganz einfach in 3 oder 4 Raten bezahlen. Mit der Ratenzahlung m\u00fcssen Sie bei Ihren Urlaubsw\u00fcnschen keine Kompromisse mehr eingehen. Jetzt [&hellip;]<\/p>\n","protected":false},"author":1,"featured_media":9000,"parent":3679,"menu_order":2,"comment_status":"closed","ping_status":"closed","template":"","meta":{"_acf_changed":false,"footnotes":""},"class_list":["post-3671","page","type-page","status-publish","has-post-thumbnail","hentry"],"acf":[],"_links":{"self":[{"href":"https:\/\/www.campingomaha.fr\/de\/wp-json\/wp\/v2\/pages\/3671","targetHints":{"allow":["GET"]}}],"collection":[{"href":"https:\/\/www.campingomaha.fr\/de\/wp-json\/wp\/v2\/pages"}],"about":[{"href":"https:\/\/www.campingomaha.fr\/de\/wp-json\/wp\/v2\/types\/page"}],"author":[{"embeddable":true,"href":"https:\/\/www.campingomaha.fr\/de\/wp-json\/wp\/v2\/users\/1"}],"replies":[{"embeddable":true,"href":"https:\/\/www.campingomaha.fr\/de\/wp-json\/wp\/v2\/comments?post=3671"}],"version-history":[{"count":3,"href":"https:\/\/www.campingomaha.fr\/de\/wp-json\/wp\/v2\/pages\/3671\/revisions"}],"predecessor-version":[{"id":9506,"href":"https:\/\/www.campingomaha.fr\/de\/wp-json\/wp\/v2\/pages\/3671\/revisions\/9506"}],"up":[{"embeddable":true,"href":"https:\/\/www.campingomaha.fr\/de\/wp-json\/wp\/v2\/pages\/3679"}],"wp:featuredmedia":[{"embeddable":true,"href":"https:\/\/www.campingomaha.fr\/de\/wp-json\/wp\/v2\/media\/9000"}],"wp:attachment":[{"href":"https:\/\/www.campingomaha.fr\/de\/wp-json\/wp\/v2\/media?parent=3671"}],"curies":[{"name":"wp","href":"https:\/\/api.w.org\/{rel}","templated":true}]}}