{"id":3706,"date":"2024-03-11T11:11:21","date_gmt":"2024-03-11T10:11:21","guid":{"rendered":"https:\/\/dev.camping-omaha-beach.fr\/rechtsinformation\/"},"modified":"2024-04-18T11:27:21","modified_gmt":"2024-04-18T09:27:21","slug":"rechtsinformation","status":"publish","type":"page","link":"https:\/\/www.campingomaha.fr\/de\/rechtsinformation\/","title":{"rendered":"Rechtsinformation"},"content":{"rendered":"\t\t<div data-elementor-type=\"wp-page\" data-elementor-id=\"3706\" class=\"elementor elementor-3706 elementor-1026\" data-elementor-post-type=\"page\">\n\t\t\t\t<div class=\"elementor-element elementor-element-a79e5b1 e-flex e-con-boxed e-con e-parent\" data-id=\"a79e5b1\" data-element_type=\"container\" data-e-type=\"container\">\n\t\t\t\t\t<div class=\"e-con-inner\">\n\t\t\t\t<div class=\"elementor-element elementor-element-c481b25 elementor-widget elementor-widget-text-editor\" data-id=\"c481b25\" data-element_type=\"widget\" data-e-type=\"widget\" data-widget_type=\"text-editor.default\">\n\t\t\t\t<div class=\"elementor-widget-container\">\n\t\t\t\t\t\t\t\t\t<p>Gem\u00e4\u00df den Bestimmungen der Artikel 6-III und 19 des Gesetzes zum Vertrauen in die digitale Wirtschaft informieren wir Sie dar\u00fcber, dass die Website von CAMPING OMAHA BEACH ver\u00f6ffentlicht wird.<\/p>\n<p>CAMPING OMAHA BEACH<br \/>La H\u00e9rode,<br \/>14710 Vierville-sur-Mer,<br \/>FRANCE<\/p>\n<p>T\u00e9l. <a href=\"tel:+33231224173\">+33 (0)2 31 22 41 73<\/a><\/p>\n<p>Handelsname : CAMPING OMAHA BEACH<br \/>Rechtsstellung : SAS<br \/>SIRET-Nr. : 81330406000011<br \/>Innergemeinschaftliche Mehrwertsteuer : FR91813304060<br \/>RCS-Nummer : Caen B 813 304 060<br \/>Aktienkapital : <span class=\"description-txt\"><span class=\"numdisplay\">186 000,00 \u20ac<\/span><\/span><\/p>\n<p>Verantwortlicher f\u00fcr die Ver\u00f6ffentlichung der Website ist Herr Ludovic Vautier.<\/p>\n\t\t\t\t\t\t\t\t<\/div>\n\t\t\t\t<\/div>\n\t\t\t\t<div class=\"elementor-element elementor-element-cf0240e elementor-widget elementor-widget-heading\" data-id=\"cf0240e\" data-element_type=\"widget\" data-e-type=\"widget\" data-widget_type=\"heading.default\">\n\t\t\t\t<div class=\"elementor-widget-container\">\n\t\t\t\t\t<h2 class=\"elementor-heading-title elementor-size-default\">Design<\/h2>\t\t\t\t<\/div>\n\t\t\t\t<\/div>\n\t\t\t\t<div class=\"elementor-element elementor-element-6c2574f elementor-widget elementor-widget-text-editor\" data-id=\"6c2574f\" data-element_type=\"widget\" data-e-type=\"widget\" data-widget_type=\"text-editor.default\">\n\t\t\t\t<div class=\"elementor-widget-container\">\n\t\t\t\t\t\t\t\t\t<p>IPSO,<br \/>340 rue Barth\u00e9l\u00e9my Thimonnier,<br \/>50180 Agneaux,<br \/>FRANCE<\/p>\n<p>T\u00e9l. 02 33 75 93 55<br \/><a href=\"https:\/\/www.studioipso.fr\" target=\"_blank\" rel=\"noreferrer noopener\" data-type=\"URL\" data-id=\"https:\/\/www.studioipso.fr\">www.studioipso.fr<\/a><\/p>\n\t\t\t\t\t\t\t\t<\/div>\n\t\t\t\t<\/div>\n\t\t\t\t<div class=\"elementor-element elementor-element-3e3f577 elementor-widget elementor-widget-heading\" data-id=\"3e3f577\" data-element_type=\"widget\" data-e-type=\"widget\" data-widget_type=\"heading.default\">\n\t\t\t\t<div class=\"elementor-widget-container\">\n\t\t\t\t\t<h2 class=\"elementor-heading-title elementor-size-default\">Unterkunft<\/h2>\t\t\t\t<\/div>\n\t\t\t\t<\/div>\n\t\t\t\t<div class=\"elementor-element elementor-element-f9c9289 elementor-widget elementor-widget-text-editor\" data-id=\"f9c9289\" data-element_type=\"widget\" data-e-type=\"widget\" data-widget_type=\"text-editor.default\">\n\t\t\t\t<div class=\"elementor-widget-container\">\n\t\t\t\t\t\t\t\t\t<p>Ex2,<br \/>CP 20031 BP Pharmacie Brunet<br \/>G7H 7S2<br \/>Chicoutimi, Qu\u00e9bec<br \/>CANADA<\/p>\n<p><a href=\"https:\/\/www.ex2.com\" target=\"_blank\" rel=\"noopener\">www.ex2.com<\/a><\/p>\n\t\t\t\t\t\t\t\t<\/div>\n\t\t\t\t<\/div>\n\t\t\t\t<div class=\"elementor-element elementor-element-e71b10e elementor-widget elementor-widget-heading\" data-id=\"e71b10e\" data-element_type=\"widget\" data-e-type=\"widget\" data-widget_type=\"heading.default\">\n\t\t\t\t<div class=\"elementor-widget-container\">\n\t\t\t\t\t<h2 class=\"elementor-heading-title elementor-size-default\">Datenschutzrichtlinie<\/h2>\t\t\t\t<\/div>\n\t\t\t\t<\/div>\n\t\t\t\t<div class=\"elementor-element elementor-element-e6b29ae elementor-widget elementor-widget-text-editor\" data-id=\"e6b29ae\" data-element_type=\"widget\" data-e-type=\"widget\" data-widget_type=\"text-editor.default\">\n\t\t\t\t<div class=\"elementor-widget-container\">\n\t\t\t\t\t\t\t\t\t<p>Die Datenschutzbestimmungen der Website <a href=\"https:\/\/www.camping-omaha-beach.fr\" target=\"_blank\" rel=\"noopener\">www.camping-omaha-beach.fr<\/a> k\u00f6nnen auf dieser <a href=\"https:\/\/www.campingomaha.fr\/de\/datenschutzrichtlinie\/\">Seite<\/a> eingesehen werden.<\/p>\n\t\t\t\t\t\t\t\t<\/div>\n\t\t\t\t<\/div>\n\t\t\t\t<div class=\"elementor-element elementor-element-04c4d1f elementor-widget elementor-widget-heading\" data-id=\"04c4d1f\" data-element_type=\"widget\" data-e-type=\"widget\" data-widget_type=\"heading.default\">\n\t\t\t\t<div class=\"elementor-widget-container\">\n\t\t\t\t\t<h2 class=\"elementor-heading-title elementor-size-default\">Vertragliche Beschr\u00e4nkungen der technischen Daten<\/h2>\t\t\t\t<\/div>\n\t\t\t\t<\/div>\n\t\t\t\t<div class=\"elementor-element elementor-element-b4c88ce elementor-widget elementor-widget-text-editor\" data-id=\"b4c88ce\" data-element_type=\"widget\" data-e-type=\"widget\" data-widget_type=\"text-editor.default\">\n\t\t\t\t<div class=\"elementor-widget-container\">\n\t\t\t\t\t\t\t\t\t<p>Die Website nutzt JavaScript-Technologie.<br \/>CAMPING OMAHA BEACH kann nicht f\u00fcr materielle Sch\u00e4den im Zusammenhang mit der Nutzung der Website haftbar gemacht werden. Dar\u00fcber hinaus verpflichtet sich der Benutzer der Website, auf die Website mit neueren Ger\u00e4ten zuzugreifen, die keine Viren enthalten, und mit einem aktualisierten Browser der neuesten Generation.<\/p>\n\t\t\t\t\t\t\t\t<\/div>\n\t\t\t\t<\/div>\n\t\t\t\t<div class=\"elementor-element elementor-element-2b85532 elementor-widget elementor-widget-heading\" data-id=\"2b85532\" data-element_type=\"widget\" data-e-type=\"widget\" data-widget_type=\"heading.default\">\n\t\t\t\t<div class=\"elementor-widget-container\">\n\t\t\t\t\t<h2 class=\"elementor-heading-title elementor-size-default\">Geistiges Eigentum und F\u00e4lschungen<\/h2>\t\t\t\t<\/div>\n\t\t\t\t<\/div>\n\t\t\t\t<div class=\"elementor-element elementor-element-78cffb9 elementor-widget elementor-widget-text-editor\" data-id=\"78cffb9\" data-element_type=\"widget\" data-e-type=\"widget\" data-widget_type=\"text-editor.default\">\n\t\t\t\t<div class=\"elementor-widget-container\">\n\t\t\t\t\t\t\t\t\t<p>CAMPING OMAHA BEACH besitzt die geistigen Eigentumsrechte bzw. besitzt die Nutzungsrechte an allen auf der Website zug\u00e4nglichen Elementen, insbesondere Texten, Bildern, Grafiken, Logos, Icons, Sounds, Software.<br \/>Jegliche Vervielf\u00e4ltigung, Darstellung, \u00c4nderung, Ver\u00f6ffentlichung, Anpassung aller oder eines Teils der Kommunikationselemente der Website, unabh\u00e4ngig von den verwendeten Mitteln oder Verfahren, ist ohne vorherige schriftliche Genehmigung von CAMPING OMAHA BEACH untersagt.<br \/>Jede unbefugte Nutzung der Website oder der darin enthaltenen Elemente wird als Versto\u00df angesehen und gem\u00e4\u00df den Bestimmungen der Artikel L.335-2 ff. des Gesetzes \u00fcber geistiges Eigentum verfolgt.<\/p>\n\t\t\t\t\t\t\t\t<\/div>\n\t\t\t\t<\/div>\n\t\t\t\t<div class=\"elementor-element elementor-element-0f0d46a elementor-widget elementor-widget-heading\" data-id=\"0f0d46a\" data-element_type=\"widget\" data-e-type=\"widget\" data-widget_type=\"heading.default\">\n\t\t\t\t<div class=\"elementor-widget-container\">\n\t\t\t\t\t<h2 class=\"elementor-heading-title elementor-size-default\">Haftungsbeschr\u00e4nkungen<\/h2>\t\t\t\t<\/div>\n\t\t\t\t<\/div>\n\t\t\t\t<div class=\"elementor-element elementor-element-650ca2e elementor-widget elementor-widget-text-editor\" data-id=\"650ca2e\" data-element_type=\"widget\" data-e-type=\"widget\" data-widget_type=\"text-editor.default\">\n\t\t\t\t<div class=\"elementor-widget-container\">\n\t\t\t\t\t\t\t\t\t<p>CAMPING OMAHA BEACH kann nicht f\u00fcr direkte oder indirekte Sch\u00e4den haftbar gemacht werden, die an der Ausr\u00fcstung des Benutzers beim Zugriff auf die Website <a href=\"https:\/\/www.camping-omaha-beach.fr\" data-type=\"URL\" data-id=\"https:\/\/a-c-e.bzh\" target=\"_blank\" rel=\"noopener\">www.camping-omaha-beach.fr<\/a> entstehen und entweder auf die Verwendung von Ger\u00e4ten zur\u00fcckzuf\u00fchren sind, die nicht den oben genannten Spezifikationen entsprechen, oder auf das Auftreten eines Fehlers oder einer Inkompatibilit\u00e4t.<\/p>\n\t\t\t\t\t\t\t\t<\/div>\n\t\t\t\t<\/div>\n\t\t\t\t<div class=\"elementor-element elementor-element-3c6d594 elementor-widget elementor-widget-heading\" data-id=\"3c6d594\" data-element_type=\"widget\" data-e-type=\"widget\" data-widget_type=\"heading.default\">\n\t\t\t\t<div class=\"elementor-widget-container\">\n\t\t\t\t\t<h2 class=\"elementor-heading-title elementor-size-default\">Pers\u00f6nliche Datenverwaltung<\/h2>\t\t\t\t<\/div>\n\t\t\t\t<\/div>\n\t\t\t\t<div class=\"elementor-element elementor-element-a146a93 elementor-widget elementor-widget-text-editor\" data-id=\"a146a93\" data-element_type=\"widget\" data-e-type=\"widget\" data-widget_type=\"text-editor.default\">\n\t\t\t\t<div class=\"elementor-widget-container\">\n\t\t\t\t\t\t\t\t\t<p>In jedem Fall sammelt CAMPING OMAHA BEACH personenbezogene Daten des Nutzers nur f\u00fcr die Zwecke bestimmter, auf der Website angebotener Dienste, die in der <a href=\"https:\/\/www.campingomaha.fr\/de\/datenschutzrichtlinie\/\" data-type=\"page\" data-id=\"3\">Vertraulichkeitsrichtlinie beschrieben sind<\/a>. Der Nutzer macht diese Angaben in Kenntnis der Sachlage, insbesondere wenn er sie selbst eingibt. Der Nutzer der Website wird dann dar\u00fcber informiert, ob er zur Bereitstellung dieser Informationen verpflichtet ist.<\/p>\n<p>Gem\u00e4\u00df den Bestimmungen der Artikel 38 ff. des Gesetzes 78-17 vom 6. Januar 1978 \u00fcber Datenverarbeitung, Dateien und Freiheiten hat jeder Benutzer das Recht auf Zugang, Berichtigung und Widerspruch zu den ihn betreffenden personenbezogenen Daten, indem er eine schriftliche Erkl\u00e4rung abgibt und unterzeichneter Antrag, zusammen mit einer Kopie des Ausweisdokuments mit Unterschrift des Inhabers des Dokuments, unter Angabe der Adresse, an die die Antwort gesendet werden muss.<\/p>\n<p>Die Website ist nicht bei der CNIL angemeldet.<\/p>\n\t\t\t\t\t\t\t\t<\/div>\n\t\t\t\t<\/div>\n\t\t\t\t<div class=\"elementor-element elementor-element-f9dfe66 elementor-widget elementor-widget-heading\" data-id=\"f9dfe66\" data-element_type=\"widget\" data-e-type=\"widget\" data-widget_type=\"heading.default\">\n\t\t\t\t<div class=\"elementor-widget-container\">\n\t\t\t\t\t<h2 class=\"elementor-heading-title elementor-size-default\">Hypertext-Links und Cookies<\/h2>\t\t\t\t<\/div>\n\t\t\t\t<\/div>\n\t\t\t\t<div class=\"elementor-element elementor-element-57cd810 elementor-widget elementor-widget-text-editor\" data-id=\"57cd810\" data-element_type=\"widget\" data-e-type=\"widget\" data-widget_type=\"text-editor.default\">\n\t\t\t\t<div class=\"elementor-widget-container\">\n\t\t\t\t\t\t\t\t\t<p>Die Website enth\u00e4lt eine Reihe von Hypertext-Links zu anderen Websites, die mit Genehmigung von CAMPING OMAHA BEACH eingerichtet wurden. CAMPING OMAHA BEACH ist jedoch nicht in der Lage, den Inhalt der besuchten Websites zu \u00fcberpr\u00fcfen und \u00fcbernimmt daher keine Verantwortung daf\u00fcr.<\/p>\n<p>Das Surfen auf der Website kann zur Installation von Cookies auf dem Computer des Benutzers f\u00fchren. Ein Cookie ist eine kleine Datei, die keine Identifizierung des Benutzers erm\u00f6glicht, aber Informationen \u00fcber die Navigation eines Computers auf einer Website aufzeichnet. Die durch Cookies gespeicherten Daten k\u00f6nnen Sie in der <a href=\"https:\/\/www.campingomaha.fr\/de\/datenschutzrichtlinie\/\" data-type=\"page\" data-id=\"3\">Datenschutzerkl\u00e4rung einsehen<\/a>.<\/p>\n\t\t\t\t\t\t\t\t<\/div>\n\t\t\t\t<\/div>\n\t\t\t\t<div class=\"elementor-element elementor-element-211529d elementor-widget elementor-widget-heading\" data-id=\"211529d\" data-element_type=\"widget\" data-e-type=\"widget\" data-widget_type=\"heading.default\">\n\t\t\t\t<div class=\"elementor-widget-container\">\n\t\t\t\t\t<h2 class=\"elementor-heading-title elementor-size-default\">Anwendbares Recht und Gerichtsstand<\/h2>\t\t\t\t<\/div>\n\t\t\t\t<\/div>\n\t\t\t\t<div class=\"elementor-element elementor-element-e81ebfc elementor-widget elementor-widget-text-editor\" data-id=\"e81ebfc\" data-element_type=\"widget\" data-e-type=\"widget\" data-widget_type=\"text-editor.default\">\n\t\t\t\t<div class=\"elementor-widget-container\">\n\t\t\t\t\t\t\t\t\t<p>F\u00fcr alle Streitigkeiten im Zusammenhang mit der Nutzung der Website <a href=\"https:\/\/www.camping-omaha-beach.fr\" data-type=\"URL\" data-id=\"https:\/\/www.a-c-e.bzh\" target=\"_blank\" rel=\"noopener\">www.camping-omaha-beach.fr<\/a> gilt franz\u00f6sisches Recht.<\/p>\n\t\t\t\t\t\t\t\t<\/div>\n\t\t\t\t<\/div>\n\t\t\t\t\t<\/div>\n\t\t\t\t<\/div>\n\t\t\t\t<\/div>\n\t\t","protected":false},"excerpt":{"rendered":"<p>Gem\u00e4\u00df den Bestimmungen der Artikel 6-III und 19 des Gesetzes zum Vertrauen in die digitale Wirtschaft informieren wir Sie dar\u00fcber, dass die Website von CAMPING OMAHA BEACH ver\u00f6ffentlicht wird. CAMPING OMAHA BEACHLa H\u00e9rode,14710 Vierville-sur-Mer,FRANCE T\u00e9l. +33 (0)2 31 22 41 73 Handelsname : CAMPING OMAHA BEACHRechtsstellung : SASSIRET-Nr. : 81330406000011Innergemeinschaftliche Mehrwertsteuer : FR91813304060RCS-Nummer : Caen [&hellip;]<\/p>\n","protected":false},"author":1,"featured_media":0,"parent":0,"menu_order":0,"comment_status":"closed","ping_status":"closed","template":"","meta":{"_acf_changed":false,"footnotes":""},"class_list":["post-3706","page","type-page","status-publish","hentry"],"acf":[],"_links":{"self":[{"href":"https:\/\/www.campingomaha.fr\/de\/wp-json\/wp\/v2\/pages\/3706","targetHints":{"allow":["GET"]}}],"collection":[{"href":"https:\/\/www.campingomaha.fr\/de\/wp-json\/wp\/v2\/pages"}],"about":[{"href":"https:\/\/www.campingomaha.fr\/de\/wp-json\/wp\/v2\/types\/page"}],"author":[{"embeddable":true,"href":"https:\/\/www.campingomaha.fr\/de\/wp-json\/wp\/v2\/users\/1"}],"replies":[{"embeddable":true,"href":"https:\/\/www.campingomaha.fr\/de\/wp-json\/wp\/v2\/comments?post=3706"}],"version-history":[{"count":3,"href":"https:\/\/www.campingomaha.fr\/de\/wp-json\/wp\/v2\/pages\/3706\/revisions"}],"predecessor-version":[{"id":3751,"href":"https:\/\/www.campingomaha.fr\/de\/wp-json\/wp\/v2\/pages\/3706\/revisions\/3751"}],"wp:attachment":[{"href":"https:\/\/www.campingomaha.fr\/de\/wp-json\/wp\/v2\/media?parent=3706"}],"curies":[{"name":"wp","href":"https:\/\/api.w.org\/{rel}","templated":true}]}}