{"id":3738,"date":"2024-04-08T16:27:33","date_gmt":"2024-04-08T14:27:33","guid":{"rendered":"https:\/\/dev.camping-omaha-beach.fr\/camping\/flower-campings-app\/"},"modified":"2024-09-05T11:32:13","modified_gmt":"2024-09-05T09:32:13","slug":"flower-campings-app","status":"publish","type":"page","link":"https:\/\/www.campingomaha.fr\/de\/camping\/flower-campings-app\/","title":{"rendered":"Flower Campings App"},"content":{"rendered":"\t\t<div data-elementor-type=\"wp-page\" data-elementor-id=\"3738\" class=\"elementor elementor-3738 elementor-2485\" data-elementor-post-type=\"page\">\n\t\t\t\t<div class=\"elementor-element elementor-element-f18ae0e e-con-full shape-wave e-flex e-con e-parent\" data-id=\"f18ae0e\" data-element_type=\"container\" data-e-type=\"container\">\n\t\t<div class=\"elementor-element elementor-element-eb706be e-flex e-con-boxed e-con e-child\" data-id=\"eb706be\" data-element_type=\"container\" data-e-type=\"container\">\n\t\t\t\t\t<div class=\"e-con-inner\">\n\t\t<div class=\"elementor-element elementor-element-493731c e-flex e-con-boxed e-con e-child\" data-id=\"493731c\" data-element_type=\"container\" data-e-type=\"container\">\n\t\t\t\t\t<div class=\"e-con-inner\">\n\t\t\t\t<div class=\"elementor-element elementor-element-6e45baf elementor-widget elementor-widget-heading\" data-id=\"6e45baf\" data-element_type=\"widget\" data-e-type=\"widget\" data-widget_type=\"heading.default\">\n\t\t\t\t<div class=\"elementor-widget-container\">\n\t\t\t\t\t<h2 class=\"elementor-heading-title elementor-size-default\">Genie\u00dfen Sie Ihren Aufenthalt in aller Ruhe<\/h2>\t\t\t\t<\/div>\n\t\t\t\t<\/div>\n\t\t\t\t<div class=\"elementor-element elementor-element-602d68f elementor-widget elementor-widget-text-editor\" data-id=\"602d68f\" data-element_type=\"widget\" data-e-type=\"widget\" data-widget_type=\"text-editor.default\">\n\t\t\t\t<div class=\"elementor-widget-container\">\n\t\t\t\t\t\t\t\t\t<p>Sobald Sie buchen, haben Sie Zugriff auf unsere Flower Camping Omaha Beach-Seite mit allen Informationen, die Sie zur Vorbereitung Ihres Urlaubs ben\u00f6tigen.<\/p>\n<p>Im Reiter <strong>\u201eMeine Reservierung\u201c<\/strong> finden Sie:<\/p>\n<ul>\n<li>Eine kleine Erinnerung, damit Sie nichts in Ihrem Gep\u00e4ck vergessen.<\/li>\n<li>Die Optionen, die der Campingplatz bietet, um Ihren Aufenthalt zu erleichtern: Babyausstattung, Bettw\u00e4sche, Fahrr\u00e4der usw.<\/li>\n<li>Die M\u00f6glichkeit, andere Familienmitglieder einzuladen, die Anwendung herunterzuladen, um w\u00e4hrend Ihres Aufenthalts von allen n\u00fctzlichen Informationen zu profitieren.<\/li>\n<li>Der effektive Weg, Ihre <strong>Inventur<\/strong> bei Ihrer Ankunft durchzuf\u00fchren.<\/li>\n<li>Fahrpl\u00e4ne aller <strong>Campingdienstleistungen<\/strong> und deren Standorte.<\/li>\n<li><strong>Praktische Informationen<\/strong> f\u00fcr einen reibungslosen Ablauf Ihres Aufenthalts.<\/li>\n<li>Das <strong>Unterhaltungsprogramm<\/strong> auf dem Campingplatz mit der M\u00f6glichkeit, Aktivit\u00e4ten zu buchen.<\/li>\n<li>Tipps von unserem Team zu Aktivit\u00e4ten, die Sie in der N\u00e4he unternehmen k\u00f6nnen.<\/li>\n<\/ul>\n<p>Mit der Flower Campings-App: Genie\u00dfen Sie Ihren Aufenthalt in aller Ruhe!<\/p>\n<p>Um die Anwendung herunterzuladen, k\u00f6nnen Sie den QR-Code scannen oder auf die folgenden Schaltfl\u00e4chen klicken:<\/p>\n\t\t\t\t\t\t\t\t<\/div>\n\t\t\t\t<\/div>\n\t\t<div class=\"elementor-element elementor-element-e72b0d1 e-flex e-con-boxed e-con e-child\" data-id=\"e72b0d1\" data-element_type=\"container\" data-e-type=\"container\">\n\t\t\t\t\t<div class=\"e-con-inner\">\n\t\t\t\t<div class=\"elementor-element elementor-element-28df10c elementor-widget elementor-widget-image\" data-id=\"28df10c\" data-element_type=\"widget\" data-e-type=\"widget\" data-widget_type=\"image.default\">\n\t\t\t\t<div class=\"elementor-widget-container\">\n\t\t\t\t\t\t\t\t\t\t\t\t\t\t\t\t<a href=\"https:\/\/play.google.com\/store\/apps\/details?id=com.cnc.flower\" target=\"_blank\" rel=\"nofollow noopener\">\n\t\t\t\t\t\t\t<img decoding=\"async\" width=\"270\" height=\"80\" src=\"https:\/\/www.campingomaha.fr\/wp-content\/uploads\/2024\/04\/playstore.png\" class=\"attachment-large size-large wp-image-3575\" alt=\"\" \/>\t\t\t\t\t\t\t\t<\/a>\n\t\t\t\t\t\t\t\t\t\t\t\t\t\t\t<\/div>\n\t\t\t\t<\/div>\n\t\t\t\t<div class=\"elementor-element elementor-element-dfd59cf elementor-widget elementor-widget-image\" data-id=\"dfd59cf\" data-element_type=\"widget\" data-e-type=\"widget\" data-widget_type=\"image.default\">\n\t\t\t\t<div class=\"elementor-widget-container\">\n\t\t\t\t\t\t\t\t\t\t\t\t\t\t\t\t<a href=\"https:\/\/apps.apple.com\/us\/app\/flower-campings\/id1488764216?l=fr&#038;ls=1\" target=\"_blank\" rel=\"nofollow noopener\">\n\t\t\t\t\t\t\t<img decoding=\"async\" width=\"254\" height=\"80\" src=\"https:\/\/www.campingomaha.fr\/wp-content\/uploads\/2024\/04\/appstore.png\" class=\"attachment-large size-large wp-image-3578\" alt=\"\" \/>\t\t\t\t\t\t\t\t<\/a>\n\t\t\t\t\t\t\t\t\t\t\t\t\t\t\t<\/div>\n\t\t\t\t<\/div>\n\t\t\t\t\t<\/div>\n\t\t\t\t<\/div>\n\t\t\t\t\t<\/div>\n\t\t\t\t<\/div>\n\t\t<div class=\"elementor-element elementor-element-3ebea3b e-flex e-con-boxed e-con e-child\" data-id=\"3ebea3b\" data-element_type=\"container\" data-e-type=\"container\" data-settings=\"{&quot;sticky&quot;:&quot;top&quot;,&quot;sticky_on&quot;:[&quot;desktop&quot;,&quot;tablet&quot;],&quot;sticky_offset&quot;:115,&quot;sticky_parent&quot;:&quot;yes&quot;,&quot;sticky_effects_offset&quot;:0,&quot;sticky_anchor_link_offset&quot;:0}\">\n\t\t\t\t\t<div class=\"e-con-inner\">\n\t\t\t\t<div class=\"elementor-element elementor-element-ab93726 elementor-widget-mobile__width-inherit elementor-widget elementor-widget-image\" data-id=\"ab93726\" data-element_type=\"widget\" data-e-type=\"widget\" data-widget_type=\"image.default\">\n\t\t\t\t<div class=\"elementor-widget-container\">\n\t\t\t\t\t\t\t\t\t\t\t\t\t\t\t<img fetchpriority=\"high\" decoding=\"async\" width=\"600\" height=\"846\" src=\"https:\/\/www.campingomaha.fr\/wp-content\/uploads\/2024\/04\/application-flower-campings.jpg\" class=\"attachment-large size-large wp-image-3572\" alt=\"\" srcset=\"https:\/\/www.campingomaha.fr\/wp-content\/uploads\/2024\/04\/application-flower-campings.jpg 600w, https:\/\/www.campingomaha.fr\/wp-content\/uploads\/2024\/04\/application-flower-campings-355x500.jpg 355w\" sizes=\"(max-width: 600px) 100vw, 600px\" \/>\t\t\t\t\t\t\t\t\t\t\t\t\t\t\t<\/div>\n\t\t\t\t<\/div>\n\t\t\t\t\t<\/div>\n\t\t\t\t<\/div>\n\t\t\t\t\t<\/div>\n\t\t\t\t<\/div>\n\t\t\t\t<\/div>\n\t\t\t\t<\/div>\n\t\t","protected":false},"excerpt":{"rendered":"<p>Genie\u00dfen Sie Ihren Aufenthalt in aller Ruhe Sobald Sie buchen, haben Sie Zugriff auf unsere Flower Camping Omaha Beach-Seite mit allen Informationen, die Sie zur Vorbereitung Ihres Urlaubs ben\u00f6tigen. Im Reiter \u201eMeine Reservierung\u201c finden Sie: Eine kleine Erinnerung, damit Sie nichts in Ihrem Gep\u00e4ck vergessen. Die Optionen, die der Campingplatz bietet, um Ihren Aufenthalt zu [&hellip;]<\/p>\n","protected":false},"author":1,"featured_media":3572,"parent":3722,"menu_order":3,"comment_status":"closed","ping_status":"closed","template":"","meta":{"_acf_changed":false,"footnotes":""},"class_list":["post-3738","page","type-page","status-publish","has-post-thumbnail","hentry"],"acf":[],"_links":{"self":[{"href":"https:\/\/www.campingomaha.fr\/de\/wp-json\/wp\/v2\/pages\/3738","targetHints":{"allow":["GET"]}}],"collection":[{"href":"https:\/\/www.campingomaha.fr\/de\/wp-json\/wp\/v2\/pages"}],"about":[{"href":"https:\/\/www.campingomaha.fr\/de\/wp-json\/wp\/v2\/types\/page"}],"author":[{"embeddable":true,"href":"https:\/\/www.campingomaha.fr\/de\/wp-json\/wp\/v2\/users\/1"}],"replies":[{"embeddable":true,"href":"https:\/\/www.campingomaha.fr\/de\/wp-json\/wp\/v2\/comments?post=3738"}],"version-history":[{"count":3,"href":"https:\/\/www.campingomaha.fr\/de\/wp-json\/wp\/v2\/pages\/3738\/revisions"}],"predecessor-version":[{"id":5976,"href":"https:\/\/www.campingomaha.fr\/de\/wp-json\/wp\/v2\/pages\/3738\/revisions\/5976"}],"up":[{"embeddable":true,"href":"https:\/\/www.campingomaha.fr\/de\/wp-json\/wp\/v2\/pages\/3722"}],"wp:featuredmedia":[{"embeddable":true,"href":"https:\/\/www.campingomaha.fr\/de\/wp-json\/wp\/v2\/media\/3572"}],"wp:attachment":[{"href":"https:\/\/www.campingomaha.fr\/de\/wp-json\/wp\/v2\/media?parent=3738"}],"curies":[{"name":"wp","href":"https:\/\/api.w.org\/{rel}","templated":true}]}}