{"id":4686,"date":"2024-08-28T17:05:59","date_gmt":"2024-08-28T15:05:59","guid":{"rendered":"https:\/\/www.campingomaha.fr\/?page_id=4686"},"modified":"2024-08-28T17:06:24","modified_gmt":"2024-08-28T15:06:24","slug":"wer-sind-wir","status":"publish","type":"page","link":"https:\/\/www.campingomaha.fr\/de\/camping\/wer-sind-wir\/","title":{"rendered":"Wer sind wir?"},"content":{"rendered":"\t\t<div data-elementor-type=\"wp-page\" data-elementor-id=\"4686\" class=\"elementor elementor-4686 elementor-4684\" data-elementor-post-type=\"page\">\n\t\t\t\t<div class=\"elementor-element elementor-element-cdb2159 e-con-full shape-wave e-flex e-con e-parent\" data-id=\"cdb2159\" data-element_type=\"container\" data-e-type=\"container\">\n\t\t<div class=\"elementor-element elementor-element-1ad2ca3 e-flex e-con-boxed e-con e-child\" data-id=\"1ad2ca3\" data-element_type=\"container\" data-e-type=\"container\">\n\t\t\t\t\t<div class=\"e-con-inner\">\n\t\t<div class=\"elementor-element elementor-element-11a1173 e-flex e-con-boxed e-con e-child\" data-id=\"11a1173\" data-element_type=\"container\" data-e-type=\"container\" data-settings=\"{&quot;sticky&quot;:&quot;top&quot;,&quot;sticky_on&quot;:[&quot;desktop&quot;,&quot;tablet&quot;],&quot;sticky_offset&quot;:105,&quot;sticky_parent&quot;:&quot;yes&quot;,&quot;sticky_effects_offset&quot;:0,&quot;sticky_anchor_link_offset&quot;:0}\">\n\t\t\t\t\t<div class=\"e-con-inner\">\n\t\t\t\t<div class=\"elementor-element elementor-element-9c3428e elementor-widget elementor-widget-heading\" data-id=\"9c3428e\" data-element_type=\"widget\" data-e-type=\"widget\" data-widget_type=\"heading.default\">\n\t\t\t\t<div class=\"elementor-widget-container\">\n\t\t\t\t\t<h2 class=\"elementor-heading-title elementor-size-default\">Vor 1939<\/h2>\t\t\t\t<\/div>\n\t\t\t\t<\/div>\n\t\t\t\t<div class=\"elementor-element elementor-element-761a42f elementor-widget elementor-widget-text-editor\" data-id=\"761a42f\" data-element_type=\"widget\" data-e-type=\"widget\" data-widget_type=\"text-editor.default\">\n\t\t\t\t<div class=\"elementor-widget-container\">\n\t\t\t\t\t\t\t\t\t<p>Vierville-sur-Mer erlebte seinen <strong>touristischen Boom zu Beginn des 20<\/strong>. Jahrhunderts, als in der Normandie Bahn- und Stra\u00dfenbahnschienen gebaut wurden. Hotels, Restaurants und Villen erscheinen daher am Meer der Stadt, wie diese Postkarten belegen:<\/p>\n\t\t\t\t\t\t\t\t<\/div>\n\t\t\t\t<\/div>\n\t\t\t\t\t<\/div>\n\t\t\t\t<\/div>\n\t\t<div class=\"elementor-element elementor-element-64e68eb e-flex e-con-boxed e-con e-child\" data-id=\"64e68eb\" data-element_type=\"container\" data-e-type=\"container\">\n\t\t\t\t\t<div class=\"e-con-inner\">\n\t\t\t\t<div class=\"elementor-element elementor-element-7522623 elementor-widget elementor-widget-image\" data-id=\"7522623\" data-element_type=\"widget\" data-e-type=\"widget\" data-settings=\"{&quot;motion_fx_motion_fx_mouse&quot;:&quot;yes&quot;,&quot;motion_fx_tilt_effect&quot;:&quot;yes&quot;,&quot;motion_fx_tilt_speed&quot;:{&quot;unit&quot;:&quot;px&quot;,&quot;size&quot;:4,&quot;sizes&quot;:[]}}\" data-widget_type=\"image.default\">\n\t\t\t\t<div class=\"elementor-widget-container\">\n\t\t\t\t\t\t\t\t\t\t\t\t\t\t\t<img fetchpriority=\"high\" decoding=\"async\" width=\"640\" height=\"419\" src=\"https:\/\/www.campingomaha.fr\/wp-content\/uploads\/2024\/03\/carte-postale-camping-omaha-beach-01.jpg\" class=\"attachment-large size-large wp-image-3335\" alt=\"\" srcset=\"https:\/\/www.campingomaha.fr\/wp-content\/uploads\/2024\/03\/carte-postale-camping-omaha-beach-01.jpg 777w, https:\/\/www.campingomaha.fr\/wp-content\/uploads\/2024\/03\/carte-postale-camping-omaha-beach-01-500x328.jpg 500w, https:\/\/www.campingomaha.fr\/wp-content\/uploads\/2024\/03\/carte-postale-camping-omaha-beach-01-768x503.jpg 768w\" sizes=\"(max-width: 640px) 100vw, 640px\" \/>\t\t\t\t\t\t\t\t\t\t\t\t\t\t\t<\/div>\n\t\t\t\t<\/div>\n\t\t\t\t<div class=\"elementor-element elementor-element-03b6e6f elementor-widget elementor-widget-image\" data-id=\"03b6e6f\" data-element_type=\"widget\" data-e-type=\"widget\" data-settings=\"{&quot;motion_fx_motion_fx_mouse&quot;:&quot;yes&quot;,&quot;motion_fx_mouseTrack_effect&quot;:&quot;yes&quot;,&quot;motion_fx_mouseTrack_speed&quot;:{&quot;unit&quot;:&quot;px&quot;,&quot;size&quot;:1,&quot;sizes&quot;:[]}}\" data-widget_type=\"image.default\">\n\t\t\t\t<div class=\"elementor-widget-container\">\n\t\t\t\t\t\t\t\t\t\t\t\t<figure class=\"wp-caption\">\n\t\t\t\t\t\t\t\t\t\t<img decoding=\"async\" width=\"640\" height=\"422\" src=\"https:\/\/www.campingomaha.fr\/wp-content\/uploads\/2024\/03\/carte-postale-camping-omaha-beach-02.jpg\" class=\"attachment-large size-large wp-image-3338\" alt=\"\" srcset=\"https:\/\/www.campingomaha.fr\/wp-content\/uploads\/2024\/03\/carte-postale-camping-omaha-beach-02.jpg 777w, https:\/\/www.campingomaha.fr\/wp-content\/uploads\/2024\/03\/carte-postale-camping-omaha-beach-02-500x329.jpg 500w, https:\/\/www.campingomaha.fr\/wp-content\/uploads\/2024\/03\/carte-postale-camping-omaha-beach-02-768x506.jpg 768w\" sizes=\"(max-width: 640px) 100vw, 640px\" \/>\t\t\t\t\t\t\t\t\t\t\t<figcaption class=\"widget-image-caption wp-caption-text\">Oben das Gambier-Haus, das von den Normannen nach seinem Besitzer \"la villa Gambier\" oder \"la Folie Gambier\" genannt wurde.<\/figcaption>\n\t\t\t\t\t\t\t\t\t\t<\/figure>\n\t\t\t\t\t\t\t\t\t<\/div>\n\t\t\t\t<\/div>\n\t\t\t\t\t<\/div>\n\t\t\t\t<\/div>\n\t\t\t\t\t<\/div>\n\t\t\t\t<\/div>\n\t\t<div class=\"elementor-element elementor-element-cff1357 e-flex e-con-boxed e-con e-child\" data-id=\"cff1357\" data-element_type=\"container\" data-e-type=\"container\">\n\t\t\t\t\t<div class=\"e-con-inner\">\n\t\t<div class=\"elementor-element elementor-element-08ae38c e-flex e-con-boxed e-con e-child\" data-id=\"08ae38c\" data-element_type=\"container\" data-e-type=\"container\">\n\t\t\t\t\t<div class=\"e-con-inner\">\n\t\t\t\t<div class=\"elementor-element elementor-element-7984e7a elementor-widget__width-initial elementor-widget elementor-widget-heading\" data-id=\"7984e7a\" data-element_type=\"widget\" data-e-type=\"widget\" data-widget_type=\"heading.default\">\n\t\t\t\t<div class=\"elementor-widget-container\">\n\t\t\t\t\t<h2 class=\"elementor-heading-title elementor-size-default\">W\u00e4hrend der deutschen besetzung<\/h2>\t\t\t\t<\/div>\n\t\t\t\t<\/div>\n\t\t\t\t<div class=\"elementor-element elementor-element-90500eb elementor-widget elementor-widget-text-editor\" data-id=\"90500eb\" data-element_type=\"widget\" data-e-type=\"widget\" data-widget_type=\"text-editor.default\">\n\t\t\t\t<div class=\"elementor-widget-container\">\n\t\t\t\t\t\t\t\t\t<p>Um sich vor feindlichen Angriffen zu sch\u00fctzen, beschlie\u00dft Hitler, <strong>in Westeuropa eine Verteidigungslinie zu bauen<\/strong>, die die Propaganda &#8222;Atlantikmauer&#8220; nennen wird. Diese Linie sieht eher aus wie eine Perlenkette als eine echte Mauer, denn die Perlen sind die Befestigungen. Diese bestehen aus U-Boot-St\u00fctzpunkten, zu Festungen umgewandelten H\u00e4fen (wie Cherbourg), K\u00fcstenartilleriebatterien (wie Pointe du Hoc oder Longues-sur-Mer), Hindernisse an den Str\u00e4nden und Nestern des Widerstands (auf Deutsch Widerstandsnest abgek\u00fcrzt als WN).<\/p>\n<p>WN73 ist der westlichste deutsche St\u00fctzpunkt von Vierville-sur-Mer. <strong>Es wurde um das Haus der Gambier herum gebaut<\/strong>, das w\u00e4hrend der Aufstellung der deutschen Truppen von der lokalen Bev\u00f6lkerung verlassen wurde. Es enth\u00e4lt eine Kasematte (= Bunker) f\u00fcr 75-mm-Kanonen, mehrere Unterst\u00e4nde, M\u00f6rser-Tobrouks, Maschinengewehre und ein Observatorium, das den Artilleristen bei der Anpassung ihres Feuers an den Feind eine gro\u00dfe Hilfe ist.<\/p>\n\t\t\t\t\t\t\t\t<\/div>\n\t\t\t\t<\/div>\n\t\t\t\t\t<\/div>\n\t\t\t\t<\/div>\n\t\t<div class=\"elementor-element elementor-element-ac92b99 e-flex e-con-boxed e-con e-child\" data-id=\"ac92b99\" data-element_type=\"container\" data-e-type=\"container\">\n\t\t\t\t\t<div class=\"e-con-inner\">\n\t\t\t\t<div class=\"elementor-element elementor-element-52cc89f elementor-invisible elementor-widget elementor-widget-image\" data-id=\"52cc89f\" data-element_type=\"widget\" data-e-type=\"widget\" data-settings=\"{&quot;_animation&quot;:&quot;bounceIn&quot;}\" data-widget_type=\"image.default\">\n\t\t\t\t<div class=\"elementor-widget-container\">\n\t\t\t\t\t\t\t\t\t\t\t\t\t\t\t<img decoding=\"async\" width=\"1200\" height=\"672\" src=\"https:\/\/www.campingomaha.fr\/wp-content\/uploads\/2024\/03\/1944vs2018-camping-omaha-beach.jpg\" class=\"attachment-full size-full wp-image-3344\" alt=\"\" srcset=\"https:\/\/www.campingomaha.fr\/wp-content\/uploads\/2024\/03\/1944vs2018-camping-omaha-beach.jpg 1200w, https:\/\/www.campingomaha.fr\/wp-content\/uploads\/2024\/03\/1944vs2018-camping-omaha-beach-500x280.jpg 500w, https:\/\/www.campingomaha.fr\/wp-content\/uploads\/2024\/03\/1944vs2018-camping-omaha-beach-1024x573.jpg 1024w, https:\/\/www.campingomaha.fr\/wp-content\/uploads\/2024\/03\/1944vs2018-camping-omaha-beach-768x430.jpg 768w\" sizes=\"(max-width: 1200px) 100vw, 1200px\" \/>\t\t\t\t\t\t\t\t\t\t\t\t\t\t\t<\/div>\n\t\t\t\t<\/div>\n\t\t<div class=\"elementor-element elementor-element-6dbd0b8 e-flex e-con-boxed e-con e-child\" data-id=\"6dbd0b8\" data-element_type=\"container\" data-e-type=\"container\">\n\t\t\t\t\t<div class=\"e-con-inner\">\n\t\t\t\t<div class=\"elementor-element elementor-element-4dd8474 elementor-widget elementor-widget-text-editor\" data-id=\"4dd8474\" data-element_type=\"widget\" data-e-type=\"widget\" data-widget_type=\"text-editor.default\">\n\t\t\t\t<div class=\"elementor-widget-container\">\n\t\t\t\t\t\t\t\t\t<p>Die <span style=\"color: #00a0e8;\">blauen<\/span> Geb\u00e4ude entsprechen <strong>den franz\u00f6sischen Besitzt\u00fcmern der Familie Gambier vor dem Krieg<\/strong>. Von diesen beiden Bauwerken ist heute keine Spur mehr vorhanden.<\/p>\n<p>In <span style=\"color: #ee1c25;\">Rot<\/span> sind die <strong>deutschen Befestigungen von WN73 dargestellt<\/strong>. Heute sind die beiden Flak-Tobrouks, der Bunker und vier Unterst\u00e4nde vom Boden aus sichtbar. Das Observatorium ist nur aus der Luft sichtbar. Der Rest ist entweder begraben oder vollst\u00e4ndig mit Vegetation bedeckt. Alle diese Bauwerke waren damals durch unterirdische Tunnel oder Gr\u00e4ben miteinander verbunden.<\/p>\n\t\t\t\t\t\t\t\t<\/div>\n\t\t\t\t<\/div>\n\t\t\t\t\t<\/div>\n\t\t\t\t<\/div>\n\t\t\t\t\t<\/div>\n\t\t\t\t<\/div>\n\t\t\t\t\t<\/div>\n\t\t\t\t<\/div>\n\t\t<div class=\"elementor-element elementor-element-967925d e-flex e-con-boxed e-con e-child\" data-id=\"967925d\" data-element_type=\"container\" data-e-type=\"container\">\n\t\t\t\t\t<div class=\"e-con-inner\">\n\t\t<div class=\"elementor-element elementor-element-eee0da2 e-flex e-con-boxed e-con e-child\" data-id=\"eee0da2\" data-element_type=\"container\" data-e-type=\"container\" data-settings=\"{&quot;sticky&quot;:&quot;top&quot;,&quot;sticky_on&quot;:[&quot;desktop&quot;,&quot;tablet&quot;],&quot;sticky_offset&quot;:105,&quot;sticky_parent&quot;:&quot;yes&quot;,&quot;sticky_effects_offset&quot;:0,&quot;sticky_anchor_link_offset&quot;:0}\">\n\t\t\t\t\t<div class=\"e-con-inner\">\n\t\t\t\t<div class=\"elementor-element elementor-element-60d6149 elementor-widget elementor-widget-image\" data-id=\"60d6149\" data-element_type=\"widget\" data-e-type=\"widget\" data-settings=\"{&quot;motion_fx_motion_fx_mouse&quot;:&quot;yes&quot;,&quot;motion_fx_mouseTrack_effect&quot;:&quot;yes&quot;,&quot;motion_fx_mouseTrack_speed&quot;:{&quot;unit&quot;:&quot;px&quot;,&quot;size&quot;:1,&quot;sizes&quot;:[]}}\" data-widget_type=\"image.default\">\n\t\t\t\t<div class=\"elementor-widget-container\">\n\t\t\t\t\t\t\t\t\t\t\t\t\t\t\t<img loading=\"lazy\" decoding=\"async\" width=\"640\" height=\"267\" src=\"https:\/\/www.campingomaha.fr\/wp-content\/uploads\/2024\/03\/plage-omaha-camping-omaha-beach.jpg\" class=\"attachment-large size-large wp-image-3341\" alt=\"\" srcset=\"https:\/\/www.campingomaha.fr\/wp-content\/uploads\/2024\/03\/plage-omaha-camping-omaha-beach.jpg 663w, https:\/\/www.campingomaha.fr\/wp-content\/uploads\/2024\/03\/plage-omaha-camping-omaha-beach-500x209.jpg 500w\" sizes=\"(max-width: 640px) 100vw, 640px\" \/>\t\t\t\t\t\t\t\t\t\t\t\t\t\t\t<\/div>\n\t\t\t\t<\/div>\n\t\t\t\t<div class=\"elementor-element elementor-element-c56eb79 elementor-invisible elementor-widget elementor-widget-image\" data-id=\"c56eb79\" data-element_type=\"widget\" data-e-type=\"widget\" data-settings=\"{&quot;motion_fx_motion_fx_scrolling&quot;:&quot;yes&quot;,&quot;_animation&quot;:&quot;fadeInLeft&quot;,&quot;_animation_delay&quot;:100,&quot;motion_fx_devices&quot;:[&quot;desktop&quot;,&quot;tablet&quot;,&quot;mobile&quot;]}\" data-widget_type=\"image.default\">\n\t\t\t\t<div class=\"elementor-widget-container\">\n\t\t\t\t\t\t\t\t\t\t\t\t<figure class=\"wp-caption\">\n\t\t\t\t\t\t\t\t\t\t<img loading=\"lazy\" decoding=\"async\" width=\"640\" height=\"191\" src=\"https:\/\/www.campingomaha.fr\/wp-content\/uploads\/2024\/03\/plan-debarquement-omaha-beach.jpg\" class=\"attachment-large size-large wp-image-3347\" alt=\"\" srcset=\"https:\/\/www.campingomaha.fr\/wp-content\/uploads\/2024\/03\/plan-debarquement-omaha-beach.jpg 760w, https:\/\/www.campingomaha.fr\/wp-content\/uploads\/2024\/03\/plan-debarquement-omaha-beach-500x149.jpg 500w\" sizes=\"(max-width: 640px) 100vw, 640px\" \/>\t\t\t\t\t\t\t\t\t\t\t<figcaption class=\"widget-image-caption wp-caption-text\"><\/figcaption>\n\t\t\t\t\t\t\t\t\t\t<\/figure>\n\t\t\t\t\t\t\t\t\t<\/div>\n\t\t\t\t<\/div>\n\t\t\t\t\t<\/div>\n\t\t\t\t<\/div>\n\t\t<div class=\"elementor-element elementor-element-8b768a1 e-flex e-con-boxed e-con e-child\" data-id=\"8b768a1\" data-element_type=\"container\" data-e-type=\"container\">\n\t\t\t\t\t<div class=\"e-con-inner\">\n\t\t\t\t<div class=\"elementor-element elementor-element-49e336d elementor-widget elementor-widget-heading\" data-id=\"49e336d\" data-element_type=\"widget\" data-e-type=\"widget\" data-widget_type=\"heading.default\">\n\t\t\t\t<div class=\"elementor-widget-container\">\n\t\t\t\t\t<h2 class=\"elementor-heading-title elementor-size-default\">Ausschiffung<\/h2>\t\t\t\t<\/div>\n\t\t\t\t<\/div>\n\t\t\t\t<div class=\"elementor-element elementor-element-6da5578 elementor-widget elementor-widget-text-editor\" data-id=\"6da5578\" data-element_type=\"widget\" data-e-type=\"widget\" data-widget_type=\"text-editor.default\">\n\t\t\t\t<div class=\"elementor-widget-container\">\n\t\t\t\t\t\t\t\t\t<p>An diesem 7 km langen Strand, den wir Omaha Beach nennen, <strong>ist das amerikanische Ziel, die Gemeinden Vierville-sur-Mer, Saint Laurent-sur-Mer, Colleville-sur-Mer<\/strong> zu sichern und dann die Kreuzung mit den Amerikanern zu machen, die auf Utah gelandet sind Beach und die Briten sind am Gold Beach gelandet. Nach intensiven alliierten Bombardements \u00fcber Nacht landen 34.250 amerikanische Soldaten und 3.300 Fahrzeuge in 6 Wellen im Abstand von 30 Minuten.<\/p>\n<p>In ihrer Mission war die Firma C des 2nd American Ranger Battalion, am westlichen Ende von Vierville Beach zu landen, mit dem ultimativen Ziel, das Gebiet bis zur Pointe du Hoc &#8222;aufzur\u00e4umen&#8220;. Das Programm stellte C Coy 2 Stunden zur Verf\u00fcgung, um diese Mission zu erf\u00fcllen. Alles hing von der Firma A \/ 116 ab, die das Dorf Vierville sichern sollte. Alles hing von der Firma A \/ 116 ab, die das Dorf Vierville sichern sollte. Aber die <strong>Firma A \/ 116 war direkt am Strand zerst\u00f6rt worden!<\/strong><\/p>\n<p class=\"justifyfull\">Von den 64 Rangern der Kompanie C des 2. Bataillons kamen 31 um 6.45 Uhr am Fu\u00dfe der Klippe an, an der WN73 lag. Der Kommandant der Kompanie C, Kapit\u00e4n Goranson, erinnert sich, dass es ihm gelungen ist, den Fu\u00df der Klippe zu erreichen: <em>\u201eDie \u00dcberquerung des Strandes war wie ein Traum, alle Bewegungen von K\u00f6rper und Geist waren automatisch.\u201c<\/em> <\/p>\n<p class=\"justifyfull\">Die Klippe ist 30 Meter hoch und die deutschen Soldaten beginnen mit M\u00f6rsern und Granaten zu schie\u00dfen. Die Rangers verlagerten sich daher 300 Meter nach Westen und kletterten auf die Spitze der Klippe. Zu ihrer Linken erscheint die Gambier-Villa, die sie fortan &#8222;das befestigte Haus&#8220; nennen werden. Als Kapit\u00e4n Goranson die zuvor gesehenen deutschen Befestigungen von WN73 sieht, beschlie\u00dft er, diese Position zu neutralisieren, bevor er in Richtung Pointe du Hoc f\u00e4hrt. Der Kampf dauerte bis zum fr\u00fchen Nachmittag, als die Rangers schlie\u00dflich die M\u00f6rser und andere Stellungen neutralisierten, insbesondere mit Phosphorgranaten. Schlie\u00dflich, um 13 Uhr, war das Vierville-Tal in den H\u00e4nden amerikanischer Truppen.<\/p>\n\t\t\t\t\t\t\t\t<\/div>\n\t\t\t\t<\/div>\n\t\t\t\t\t<\/div>\n\t\t\t\t<\/div>\n\t\t\t\t\t<\/div>\n\t\t\t\t<\/div>\n\t\t<div class=\"elementor-element elementor-element-25e1bf4 e-flex e-con-boxed e-con e-child\" data-id=\"25e1bf4\" data-element_type=\"container\" data-e-type=\"container\">\n\t\t\t\t\t<div class=\"e-con-inner\">\n\t\t<div class=\"elementor-element elementor-element-d7c04d7 e-flex e-con-boxed e-con e-child\" data-id=\"d7c04d7\" data-element_type=\"container\" data-e-type=\"container\" data-settings=\"{&quot;sticky&quot;:&quot;top&quot;,&quot;sticky_on&quot;:[&quot;desktop&quot;,&quot;tablet&quot;],&quot;sticky_offset&quot;:105,&quot;sticky_parent&quot;:&quot;yes&quot;,&quot;sticky_effects_offset&quot;:0,&quot;sticky_anchor_link_offset&quot;:0}\">\n\t\t\t\t\t<div class=\"e-con-inner\">\n\t\t\t\t<div class=\"elementor-element elementor-element-f823b1a elementor-widget elementor-widget-heading\" data-id=\"f823b1a\" data-element_type=\"widget\" data-e-type=\"widget\" data-widget_type=\"heading.default\">\n\t\t\t\t<div class=\"elementor-widget-container\">\n\t\t\t\t\t<h2 class=\"elementor-heading-title elementor-size-default\">Die erstellung des campingplatzes<\/h2>\t\t\t\t<\/div>\n\t\t\t\t<\/div>\n\t\t\t\t<div class=\"elementor-element elementor-element-56297b0 elementor-widget elementor-widget-text-editor\" data-id=\"56297b0\" data-element_type=\"widget\" data-e-type=\"widget\" data-widget_type=\"text-editor.default\">\n\t\t\t\t<div class=\"elementor-widget-container\">\n\t\t\t\t\t\t\t\t\t<p>Wenn der Krieg vorbei ist, nimmt das Leben seinen Lauf. Die \u00dcberreste des von den Amerikanern genutzten k\u00fcnstlichen Hafens halten heute viele Fische und Schalentiere. Im Sommer k\u00f6nnen die Besucher ein sehr produktives Uferangeln oder Angeln mit Muscheln, Kuchen, Scholle oder Seezunge genie\u00dfen. Touristen str\u00f6men wieder und darunter auch Wildcamping-Enthusiasten. Das WN73 wird daher heute <strong>von Campern besetzt, die Freiheit, Ruhe und Natur dem Komfort vorziehen<\/strong>.<\/p>\n<p class=\"justifyfull\">Als 1970 das Wildcampen verboten wurde, entstand ein neuer Campingplatz mit 3 Sanit\u00e4ranlagen, einem Lebensmittelladen und einer Kapazit\u00e4t von 600 Campern. <\/p>\n<p class=\"justifyfull\">Der Campingplatz wechselt mehrmals den Besitzer <strong>und wird 2011, 2017 und 2018 renoviert<\/strong>.<\/p>\n\t\t\t\t\t\t\t\t<\/div>\n\t\t\t\t<\/div>\n\t\t\t\t\t<\/div>\n\t\t\t\t<\/div>\n\t\t<div class=\"elementor-element elementor-element-0b676cd e-flex e-con-boxed e-con e-child\" data-id=\"0b676cd\" data-element_type=\"container\" data-e-type=\"container\">\n\t\t\t\t\t<div class=\"e-con-inner\">\n\t\t\t\t<div class=\"elementor-element elementor-element-361b2fb elementor-widget elementor-widget-image\" data-id=\"361b2fb\" data-element_type=\"widget\" data-e-type=\"widget\" data-settings=\"{&quot;motion_fx_motion_fx_mouse&quot;:&quot;yes&quot;,&quot;motion_fx_mouseTrack_effect&quot;:&quot;yes&quot;,&quot;motion_fx_mouseTrack_speed&quot;:{&quot;unit&quot;:&quot;px&quot;,&quot;size&quot;:1,&quot;sizes&quot;:[]}}\" data-widget_type=\"image.default\">\n\t\t\t\t<div class=\"elementor-widget-container\">\n\t\t\t\t\t\t\t\t\t\t\t\t\t\t\t<img loading=\"lazy\" decoding=\"async\" width=\"573\" height=\"425\" src=\"https:\/\/www.campingomaha.fr\/wp-content\/uploads\/2024\/03\/camping-aout-1970-camping-omaha-beach.jpg\" class=\"attachment-large size-large wp-image-3350\" alt=\"\" srcset=\"https:\/\/www.campingomaha.fr\/wp-content\/uploads\/2024\/03\/camping-aout-1970-camping-omaha-beach.jpg 573w, https:\/\/www.campingomaha.fr\/wp-content\/uploads\/2024\/03\/camping-aout-1970-camping-omaha-beach-500x371.jpg 500w\" sizes=\"(max-width: 573px) 100vw, 573px\" \/>\t\t\t\t\t\t\t\t\t\t\t\t\t\t\t<\/div>\n\t\t\t\t<\/div>\n\t\t\t\t<div class=\"elementor-element elementor-element-92c0204 elementor-widget elementor-widget-image\" data-id=\"92c0204\" data-element_type=\"widget\" data-e-type=\"widget\" data-settings=\"{&quot;motion_fx_motion_fx_mouse&quot;:&quot;yes&quot;,&quot;motion_fx_mouseTrack_effect&quot;:&quot;yes&quot;,&quot;motion_fx_mouseTrack_direction&quot;:&quot;negative&quot;,&quot;motion_fx_mouseTrack_speed&quot;:{&quot;unit&quot;:&quot;px&quot;,&quot;size&quot;:1,&quot;sizes&quot;:[]}}\" data-widget_type=\"image.default\">\n\t\t\t\t<div class=\"elementor-widget-container\">\n\t\t\t\t\t\t\t\t\t\t\t\t<figure class=\"wp-caption\">\n\t\t\t\t\t\t\t\t\t\t<img loading=\"lazy\" decoding=\"async\" width=\"640\" height=\"644\" src=\"https:\/\/www.campingomaha.fr\/wp-content\/uploads\/2024\/03\/1978-camping-omaha-beach.jpg\" class=\"attachment-large size-large wp-image-3353\" alt=\"\" srcset=\"https:\/\/www.campingomaha.fr\/wp-content\/uploads\/2024\/03\/1978-camping-omaha-beach.jpg 777w, https:\/\/www.campingomaha.fr\/wp-content\/uploads\/2024\/03\/1978-camping-omaha-beach-497x500.jpg 497w, https:\/\/www.campingomaha.fr\/wp-content\/uploads\/2024\/03\/1978-camping-omaha-beach-150x150.jpg 150w, https:\/\/www.campingomaha.fr\/wp-content\/uploads\/2024\/03\/1978-camping-omaha-beach-768x773.jpg 768w\" sizes=\"(max-width: 640px) 100vw, 640px\" \/>\t\t\t\t\t\t\t\t\t\t\t<figcaption class=\"widget-image-caption wp-caption-text\"><\/figcaption>\n\t\t\t\t\t\t\t\t\t\t<\/figure>\n\t\t\t\t\t\t\t\t\t<\/div>\n\t\t\t\t<\/div>\n\t\t\t\t\t<\/div>\n\t\t\t\t<\/div>\n\t\t\t\t\t<\/div>\n\t\t\t\t<\/div>\n\t\t\t\t<\/div>\n\t\t\t\t<\/div>\n\t\t","protected":false},"excerpt":{"rendered":"<p>Rezeption Brauchen Sie Rat bei der Vorbereitung Ihres Aufenthalts oder der Organisation Ihres Urlaubs? Carine, Tanja und Marie sind jeden Tag an der Rezeption anwesend. Louna verst\u00e4rkt das Team in der Hochsaison Service Bar Restaurant Lebensmittelgesch\u00e4ft M\u00f6chten Sie einen Cocktail trinken oder einen kleinen Einkauf erledigen? Die Bar und das Lebensmittelgesch\u00e4ft sind die ganze Saison [&hellip;]<\/p>\n","protected":false},"author":2,"featured_media":10078,"parent":3722,"menu_order":0,"comment_status":"closed","ping_status":"closed","template":"","meta":{"_acf_changed":false,"footnotes":""},"class_list":["post-4686","page","type-page","status-publish","has-post-thumbnail","hentry"],"acf":[],"_links":{"self":[{"href":"https:\/\/www.campingomaha.fr\/de\/wp-json\/wp\/v2\/pages\/4686","targetHints":{"allow":["GET"]}}],"collection":[{"href":"https:\/\/www.campingomaha.fr\/de\/wp-json\/wp\/v2\/pages"}],"about":[{"href":"https:\/\/www.campingomaha.fr\/de\/wp-json\/wp\/v2\/types\/page"}],"author":[{"embeddable":true,"href":"https:\/\/www.campingomaha.fr\/de\/wp-json\/wp\/v2\/users\/2"}],"replies":[{"embeddable":true,"href":"https:\/\/www.campingomaha.fr\/de\/wp-json\/wp\/v2\/comments?post=4686"}],"version-history":[{"count":3,"href":"https:\/\/www.campingomaha.fr\/de\/wp-json\/wp\/v2\/pages\/4686\/revisions"}],"predecessor-version":[{"id":5891,"href":"https:\/\/www.campingomaha.fr\/de\/wp-json\/wp\/v2\/pages\/4686\/revisions\/5891"}],"up":[{"embeddable":true,"href":"https:\/\/www.campingomaha.fr\/de\/wp-json\/wp\/v2\/pages\/3722"}],"wp:featuredmedia":[{"embeddable":true,"href":"https:\/\/www.campingomaha.fr\/de\/wp-json\/wp\/v2\/media\/10078"}],"wp:attachment":[{"href":"https:\/\/www.campingomaha.fr\/de\/wp-json\/wp\/v2\/media?parent=4686"}],"curies":[{"name":"wp","href":"https:\/\/api.w.org\/{rel}","templated":true}]}}