{"id":7051,"date":"2024-11-26T16:45:50","date_gmt":"2024-11-26T15:45:50","guid":{"rendered":"https:\/\/www.campingomaha.fr\/?page_id=7051"},"modified":"2025-04-26T12:21:52","modified_gmt":"2025-04-26T10:21:52","slug":"bereiten-sie-ihren-aufenthalt-vor-2","status":"publish","type":"page","link":"https:\/\/www.campingomaha.fr\/de\/praktische-informationen\/bereiten-sie-ihren-aufenthalt-vor-2\/","title":{"rendered":"Unsere Angebote f\u00fcr einen g\u00fcnstigen Aufenthalt"},"content":{"rendered":"\t\t<div data-elementor-type=\"wp-page\" data-elementor-id=\"7051\" class=\"elementor elementor-7051 elementor-7050\" data-elementor-post-type=\"page\">\n\t\t\t\t<div class=\"elementor-element elementor-element-45ae0ae e-con-full shape-wave e-flex e-con e-parent\" data-id=\"45ae0ae\" data-element_type=\"container\" data-e-type=\"container\">\n\t\t<div class=\"elementor-element elementor-element-0233ac0 e-flex e-con-boxed e-con e-child\" data-id=\"0233ac0\" data-element_type=\"container\" data-e-type=\"container\">\n\t\t\t\t\t<div class=\"e-con-inner\">\n\t\t<div class=\"elementor-element elementor-element-06cfe28 e-con-full e-flex e-con e-child\" data-id=\"06cfe28\" data-element_type=\"container\" data-e-type=\"container\">\n\t\t<div class=\"elementor-element elementor-element-9f2a3dc e-con-full e-flex e-con e-child\" data-id=\"9f2a3dc\" data-element_type=\"container\" data-e-type=\"container\">\n\t\t\t\t<div class=\"elementor-element elementor-element-1fc85ec elementor-widget elementor-widget-image\" data-id=\"1fc85ec\" data-element_type=\"widget\" data-e-type=\"widget\" data-widget_type=\"image.default\">\n\t\t\t\t<div class=\"elementor-widget-container\">\n\t\t\t\t\t\t\t\t\t\t\t\t\t\t\t<img decoding=\"async\" width=\"51\" height=\"51\" src=\"https:\/\/www.campingomaha.fr\/wp-content\/uploads\/2024\/04\/icon-camping-car.png\" class=\"attachment-thumbnail size-thumbnail wp-image-3542\" alt=\"\" \/>\t\t\t\t\t\t\t\t\t\t\t\t\t\t\t<\/div>\n\t\t\t\t<\/div>\n\t\t\t\t<div class=\"elementor-element elementor-element-8936931 elementor-widget elementor-widget-heading\" data-id=\"8936931\" data-element_type=\"widget\" data-e-type=\"widget\" data-widget_type=\"heading.default\">\n\t\t\t\t<div class=\"elementor-widget-container\">\n\t\t\t\t\t<h2 class=\"elementor-heading-title elementor-size-default\">Unsere Flower-Angebote  <\/h2>\t\t\t\t<\/div>\n\t\t\t\t<\/div>\n\t\t\t\t<\/div>\n\t\t\t\t<div class=\"elementor-element elementor-element-44478d9 elementor-widget elementor-widget-text-editor\" data-id=\"44478d9\" data-element_type=\"widget\" data-e-type=\"widget\" data-widget_type=\"text-editor.default\">\n\t\t\t\t<div class=\"elementor-widget-container\">\n\t\t\t\t\t\t\t\t\t<p>Wenn Sie jetzt buchen, profitieren Sie nicht nur von den g\u00fcnstigen Preisen, sondern auch von dem beruhigenden Gef\u00fchl, dass Sie Ihre Zeit bereits geplant haben. Ob Sie nun am Pool liegen, an Aktivit\u00e4ten im Freien teilnehmen oder gesellige Abende unter dem Sternenhimmel verbringen, Flower Campings hat alles, was Sie brauchen, um unvergessliche Erinnerungen zu schaffen. <\/p><div class=\"row thematique\"><div class=\"col-12\"><div class=\"text block-cta-content content-full-full\"><p>Mit unserer Early Booking <a href=\"https:\/\/www.flowercampings.com\/promotions-campings\" target=\"_blank\" rel=\"noopener\">Promotion <\/a>:<\/p><ul><li>Sparen Sie bis zu 20%.<\/li><li>\u00c4ndern Sie Ihren Aufenthalt bis zu 21 Tage vor der Abreise.<\/li><li>Angebot g\u00fcltig bis 31.01.2025<\/li><\/ul><p>Es ist nie zu fr\u00fch, um dem Alltag zu entfliehen! Buchen Sie noch heute und sichern Sie sich einen Platz an der Sonne.   <\/p><\/div><\/div><\/div>\t\t\t\t\t\t\t\t<\/div>\n\t\t\t\t<\/div>\n\t\t\t\t<div class=\"elementor-element elementor-element-29a1aca elementor-alert-info elementor-widget elementor-widget-alert\" data-id=\"29a1aca\" data-element_type=\"widget\" data-e-type=\"widget\" data-widget_type=\"alert.default\">\n\t\t\t\t<div class=\"elementor-widget-container\">\n\t\t\t\t\t\t\t<div class=\"elementor-alert\" role=\"alert\">\n\n\t\t\t\t\t\t<span class=\"elementor-alert-title\">Standardangebot f\u00fcr Paare<\/span>\n\t\t\t\n\t\t\t\t\t\t<span class=\"elementor-alert-description\">Angebot f\u00fcr Paare f\u00fcr 2 Personen ab 209\u20ac pro Woche<\/span>\n\t\t\t\n\t\t\t\n\t\t<\/div>\n\t\t\t\t\t\t<\/div>\n\t\t\t\t<\/div>\n\t\t\t\t<div class=\"elementor-element elementor-element-03ff925 elementor-alert-info elementor-widget elementor-widget-alert\" data-id=\"03ff925\" data-element_type=\"widget\" data-e-type=\"widget\" data-widget_type=\"alert.default\">\n\t\t\t\t<div class=\"elementor-widget-container\">\n\t\t\t\t\t\t\t<div class=\"elementor-alert\" role=\"alert\">\n\n\t\t\t\t\t\t<span class=\"elementor-alert-title\">Premium-Paar-Angebot<\/span>\n\t\t\t\n\t\t\t\t\t\t<span class=\"elementor-alert-description\">Angebot f\u00fcr Paare f\u00fcr 2 Personen ab 399\u20ac pro Woche<\/span>\n\t\t\t\n\t\t\t\n\t\t<\/div>\n\t\t\t\t\t\t<\/div>\n\t\t\t\t<\/div>\n\t\t\t\t<div class=\"elementor-element elementor-element-8b92ba7 elementor-alert-info elementor-widget elementor-widget-alert\" data-id=\"8b92ba7\" data-element_type=\"widget\" data-e-type=\"widget\" data-widget_type=\"alert.default\">\n\t\t\t\t<div class=\"elementor-widget-container\">\n\t\t\t\t\t\t\t<div class=\"elementor-alert\" role=\"alert\">\n\n\t\t\t\t\t\t<span class=\"elementor-alert-title\">Die Angebote von Trib Comfort  <\/span>\n\t\t\t\n\t\t\t\t\t\t<span class=\"elementor-alert-description\">Stammesangebot ab 359\u20ac pro Woche  \n<\/span>\n\t\t\t\n\t\t\t\n\t\t<\/div>\n\t\t\t\t\t\t<\/div>\n\t\t\t\t<\/div>\n\t\t\t\t<div class=\"elementor-element elementor-element-6df2a97 elementor-alert-info elementor-widget elementor-widget-alert\" data-id=\"6df2a97\" data-element_type=\"widget\" data-e-type=\"widget\" data-widget_type=\"alert.default\">\n\t\t\t\t<div class=\"elementor-widget-container\">\n\t\t\t\t\t\t\t<div class=\"elementor-alert\" role=\"alert\">\n\n\t\t\t\t\t\t<span class=\"elementor-alert-title\">Leinwandangebote<\/span>\n\t\t\t\n\t\t\t\t\t\t<span class=\"elementor-alert-description\">Coco Sweet oder Zelt-Lodge ab 179\u20ac pro Woche<\/span>\n\t\t\t\n\t\t\t\n\t\t<\/div>\n\t\t\t\t\t\t<\/div>\n\t\t\t\t<\/div>\n\t\t\t\t<div class=\"elementor-element elementor-element-58ded27 elementor-alert-info elementor-widget elementor-widget-alert\" data-id=\"58ded27\" data-element_type=\"widget\" data-e-type=\"widget\" data-widget_type=\"alert.default\">\n\t\t\t\t<div class=\"elementor-widget-container\">\n\t\t\t\t\t\t\t<div class=\"elementor-alert\" role=\"alert\">\n\n\t\t\t\t\t\t<span class=\"elementor-alert-title\">Fr\u00fchbucher<\/span>\n\t\t\t\n\t\t\t\t\t\t<span class=\"elementor-alert-description\">Bis zu 20% Rabatt bis zum 31. Januar 2025. Je nach Verf\u00fcgbarkeit und Bedingungen Flower campings*. <\/span>\n\t\t\t\n\t\t\t\n\t\t<\/div>\n\t\t\t\t\t\t<\/div>\n\t\t\t\t<\/div>\n\t\t\t\t<div class=\"elementor-element elementor-element-00b26f7 elementor-alert-info elementor-widget elementor-widget-alert\" data-id=\"00b26f7\" data-element_type=\"widget\" data-e-type=\"widget\" data-widget_type=\"alert.default\">\n\t\t\t\t<div class=\"elementor-widget-container\">\n\t\t\t\t\t\t\t<div class=\"elementor-alert\" role=\"alert\">\n\n\t\t\t\t\t\t<span class=\"elementor-alert-title\">Bedingungen  <\/span>\n\t\t\t\n\t\t\t\t\t\t<span class=\"elementor-alert-description\">Bitte kontaktieren Sie uns unter +33 (0)2 31 22 41 73 oder unter contact@camping-omaha-beach.fr<\/span>\n\t\t\t\n\t\t\t\n\t\t<\/div>\n\t\t\t\t\t\t<\/div>\n\t\t\t\t<\/div>\n\t\t\t\t<\/div>\n\t\t<div class=\"elementor-element elementor-element-de302e3 e-flex e-con-boxed e-con e-child\" data-id=\"de302e3\" data-element_type=\"container\" data-e-type=\"container\" data-settings=\"{&quot;sticky&quot;:&quot;top&quot;,&quot;sticky_on&quot;:[&quot;desktop&quot;,&quot;tablet&quot;],&quot;sticky_offset&quot;:115,&quot;sticky_parent&quot;:&quot;yes&quot;,&quot;sticky_effects_offset&quot;:0,&quot;sticky_anchor_link_offset&quot;:0}\">\n\t\t\t\t\t<div class=\"e-con-inner\">\n\t\t\t\t<div class=\"elementor-element elementor-element-5c18d9e elementor-widget-mobile__width-inherit elementor-widget elementor-widget-image\" data-id=\"5c18d9e\" data-element_type=\"widget\" data-e-type=\"widget\" data-widget_type=\"image.default\">\n\t\t\t\t<div class=\"elementor-widget-container\">\n\t\t\t\t\t\t\t\t\t\t\t\t\t\t\t<img fetchpriority=\"high\" decoding=\"async\" width=\"640\" height=\"640\" src=\"https:\/\/www.campingomaha.fr\/wp-content\/uploads\/2024\/11\/5-1024x1024.png\" class=\"attachment-large size-large wp-image-6908\" alt=\"\" srcset=\"https:\/\/www.campingomaha.fr\/wp-content\/uploads\/2024\/11\/5-1024x1024.png 1024w, https:\/\/www.campingomaha.fr\/wp-content\/uploads\/2024\/11\/5-500x500.png 500w, https:\/\/www.campingomaha.fr\/wp-content\/uploads\/2024\/11\/5-150x150.png 150w, https:\/\/www.campingomaha.fr\/wp-content\/uploads\/2024\/11\/5-768x768.png 768w, https:\/\/www.campingomaha.fr\/wp-content\/uploads\/2024\/11\/5.png 1080w\" sizes=\"(max-width: 640px) 100vw, 640px\" \/>\t\t\t\t\t\t\t\t\t\t\t\t\t\t\t<\/div>\n\t\t\t\t<\/div>\n\t\t\t\t<div class=\"elementor-element elementor-element-47343df elementor-align-center elementor-widget elementor-widget-button\" data-id=\"47343df\" data-element_type=\"widget\" data-e-type=\"widget\" data-widget_type=\"button.default\">\n\t\t\t\t<div class=\"elementor-widget-container\">\n\t\t\t\t\t\t\t\t\t<div class=\"elementor-button-wrapper\">\n\t\t\t\t\t<a class=\"elementor-button elementor-button-link elementor-size-sm\" href=\"https:\/\/reservation.secureholiday.net\/fr\/6927\/offers\" target=\"_blank\" rel=\"noopener\">\n\t\t\t\t\t\t<span class=\"elementor-button-content-wrapper\">\n\t\t\t\t\t\t\t\t\t<span class=\"elementor-button-text\">Entdecken Sie schnell unsere Angebote hier<\/span>\n\t\t\t\t\t<\/span>\n\t\t\t\t\t<\/a>\n\t\t\t\t<\/div>\n\t\t\t\t\t\t\t\t<\/div>\n\t\t\t\t<\/div>\n\t\t\t\t\t<\/div>\n\t\t\t\t<\/div>\n\t\t\t\t\t<\/div>\n\t\t\t\t<\/div>\n\t\t\t\t<\/div>\n\t\t<div class=\"elementor-element elementor-element-c087e20 e-con-full shape-wave e-flex e-con e-parent\" data-id=\"c087e20\" data-element_type=\"container\" data-e-type=\"container\">\n\t\t<div class=\"elementor-element elementor-element-ad449f9 e-flex e-con-boxed e-con e-child\" data-id=\"ad449f9\" data-element_type=\"container\" data-e-type=\"container\">\n\t\t\t\t\t<div class=\"e-con-inner\">\n\t\t<div class=\"elementor-element elementor-element-c82db03 e-flex e-con-boxed e-con e-child\" data-id=\"c82db03\" data-element_type=\"container\" data-e-type=\"container\" data-settings=\"{&quot;sticky&quot;:&quot;top&quot;,&quot;sticky_on&quot;:[&quot;desktop&quot;,&quot;tablet&quot;],&quot;sticky_offset&quot;:115,&quot;sticky_parent&quot;:&quot;yes&quot;,&quot;sticky_effects_offset&quot;:0,&quot;sticky_anchor_link_offset&quot;:0}\">\n\t\t\t\t\t<div class=\"e-con-inner\">\n\t\t\t\t<div class=\"elementor-element elementor-element-86cf1e1 elementor-widget-mobile__width-inherit elementor-widget elementor-widget-image\" data-id=\"86cf1e1\" data-element_type=\"widget\" data-e-type=\"widget\" data-widget_type=\"image.default\">\n\t\t\t\t<div class=\"elementor-widget-container\">\n\t\t\t\t\t\t\t\t\t\t\t\t\t\t\t<img decoding=\"async\" width=\"640\" height=\"361\" src=\"https:\/\/www.campingomaha.fr\/wp-content\/uploads\/2024\/03\/PHOTO-2024-09-14-10-46-24-3-1024x578.jpg\" class=\"attachment-large size-large wp-image-6603\" alt=\"\" srcset=\"https:\/\/www.campingomaha.fr\/wp-content\/uploads\/2024\/03\/PHOTO-2024-09-14-10-46-24-3-1024x578.jpg 1024w, https:\/\/www.campingomaha.fr\/wp-content\/uploads\/2024\/03\/PHOTO-2024-09-14-10-46-24-3-500x282.jpg 500w, https:\/\/www.campingomaha.fr\/wp-content\/uploads\/2024\/03\/PHOTO-2024-09-14-10-46-24-3-768x433.jpg 768w, https:\/\/www.campingomaha.fr\/wp-content\/uploads\/2024\/03\/PHOTO-2024-09-14-10-46-24-3-1536x866.jpg 1536w, https:\/\/www.campingomaha.fr\/wp-content\/uploads\/2024\/03\/PHOTO-2024-09-14-10-46-24-3.jpg 1599w\" sizes=\"(max-width: 640px) 100vw, 640px\" \/>\t\t\t\t\t\t\t\t\t\t\t\t\t\t\t<\/div>\n\t\t\t\t<\/div>\n\t\t\t\t\t<\/div>\n\t\t\t\t<\/div>\n\t\t<div class=\"elementor-element elementor-element-5f42966 e-flex e-con-boxed e-con e-child\" data-id=\"5f42966\" data-element_type=\"container\" data-e-type=\"container\">\n\t\t\t\t\t<div class=\"e-con-inner\">\n\t\t<div class=\"elementor-element elementor-element-1422859 e-flex e-con-boxed e-con e-child\" data-id=\"1422859\" data-element_type=\"container\" data-e-type=\"container\">\n\t\t\t\t\t<div class=\"e-con-inner\">\n\t\t\t\t<div class=\"elementor-element elementor-element-397e4a5 elementor-widget elementor-widget-image\" data-id=\"397e4a5\" data-element_type=\"widget\" data-e-type=\"widget\" data-widget_type=\"image.default\">\n\t\t\t\t<div class=\"elementor-widget-container\">\n\t\t\t\t\t\t\t\t\t\t\t\t\t\t\t<img loading=\"lazy\" decoding=\"async\" width=\"49\" height=\"45\" src=\"https:\/\/www.campingomaha.fr\/wp-content\/uploads\/2024\/04\/icon-cottage.png\" class=\"attachment-thumbnail size-thumbnail wp-image-3518\" alt=\"\" \/>\t\t\t\t\t\t\t\t\t\t\t\t\t\t\t<\/div>\n\t\t\t\t<\/div>\n\t\t\t\t<div class=\"elementor-element elementor-element-924b26c elementor-widget elementor-widget-heading\" data-id=\"924b26c\" data-element_type=\"widget\" data-e-type=\"widget\" data-widget_type=\"heading.default\">\n\t\t\t\t<div class=\"elementor-widget-container\">\n\t\t\t\t\t<h2 class=\"elementor-heading-title elementor-size-default\">Letzte Verf\u00fcgbarkeit<\/h2>\t\t\t\t<\/div>\n\t\t\t\t<\/div>\n\t\t\t\t\t<\/div>\n\t\t\t\t<\/div>\n\t\t\t\t<div class=\"elementor-element elementor-element-977678b elementor-widget elementor-widget-text-editor\" data-id=\"977678b\" data-element_type=\"widget\" data-e-type=\"widget\" data-widget_type=\"text-editor.default\">\n\t\t\t\t<div class=\"elementor-widget-container\">\n\t\t\t\t\t\t\t\t\t<p><span style=\"color: var( --e-global-color-text );\">In K\u00fcrze &#8230;<\/span><\/p><p> <\/p>\t\t\t\t\t\t\t\t<\/div>\n\t\t\t\t<\/div>\n\t\t\t\t<div class=\"elementor-element elementor-element-44fb588 elementor-alert-info elementor-widget elementor-widget-alert\" data-id=\"44fb588\" data-element_type=\"widget\" data-e-type=\"widget\" data-widget_type=\"alert.default\">\n\t\t\t\t<div class=\"elementor-widget-container\">\n\t\t\t\t\t\t\t<div class=\"elementor-alert\" role=\"alert\">\n\n\t\t\t\t\t\t<span class=\"elementor-alert-title\">Auf unserer Website :<br><\/span>\n\t\t\t\n\t\t\t\n\t\t\t\n\t\t<\/div>\n\t\t\t\t\t\t<\/div>\n\t\t\t\t<\/div>\n\t\t\t\t<div class=\"elementor-element elementor-element-b817f71 elementor-align-center elementor-widget elementor-widget-button\" data-id=\"b817f71\" data-element_type=\"widget\" data-e-type=\"widget\" data-widget_type=\"button.default\">\n\t\t\t\t<div class=\"elementor-widget-container\">\n\t\t\t\t\t\t\t\t\t<div class=\"elementor-button-wrapper\">\n\t\t\t\t\t<a class=\"elementor-button elementor-button-link elementor-size-sm\" href=\"https:\/\/reservation.secureholiday.net\/de\/6927\/\" target=\"_blank\" rel=\"noopener\">\n\t\t\t\t\t\t<span class=\"elementor-button-content-wrapper\">\n\t\t\t\t\t\t\t\t\t<span class=\"elementor-button-text\">Klicken Sie hier<\/span>\n\t\t\t\t\t<\/span>\n\t\t\t\t\t<\/a>\n\t\t\t\t<\/div>\n\t\t\t\t\t\t\t\t<\/div>\n\t\t\t\t<\/div>\n\t\t\t\t<div class=\"elementor-element elementor-element-fb9efc8 elementor-alert-info elementor-widget elementor-widget-alert\" data-id=\"fb9efc8\" data-element_type=\"widget\" data-e-type=\"widget\" data-widget_type=\"alert.default\">\n\t\t\t\t<div class=\"elementor-widget-container\">\n\t\t\t\t\t\t\t<div class=\"elementor-alert\" role=\"alert\">\n\n\t\t\t\t\t\t<span class=\"elementor-alert-title\">Kontaktieren Sie die Rezeption :  <\/span>\n\t\t\t\n\t\t\t\t\t\t<span class=\"elementor-alert-description\">Tel. +33 (0)2 31 22 41 73 oder contact@campingomaha.fr<\/span>\n\t\t\t\n\t\t\t\n\t\t<\/div>\n\t\t\t\t\t\t<\/div>\n\t\t\t\t<\/div>\n\t\t\t\t\t<\/div>\n\t\t\t\t<\/div>\n\t\t\t\t\t<\/div>\n\t\t\t\t<\/div>\n\t\t\t\t<\/div>\n\t\t\t\t<\/div>\n\t\t","protected":false},"excerpt":{"rendered":"<p>Unsere Flower-Angebote Wenn Sie jetzt buchen, profitieren Sie nicht nur von den g\u00fcnstigen Preisen, sondern auch von dem beruhigenden Gef\u00fchl, dass Sie Ihre Zeit bereits geplant haben. Ob Sie nun am Pool liegen, an Aktivit\u00e4ten im Freien teilnehmen oder gesellige Abende unter dem Sternenhimmel verbringen, Flower Campings hat alles, was Sie brauchen, um unvergessliche Erinnerungen [&hellip;]<\/p>\n","protected":false},"author":2,"featured_media":7114,"parent":3679,"menu_order":0,"comment_status":"closed","ping_status":"closed","template":"","meta":{"_acf_changed":false,"footnotes":""},"class_list":["post-7051","page","type-page","status-publish","has-post-thumbnail","hentry"],"acf":[],"_links":{"self":[{"href":"https:\/\/www.campingomaha.fr\/de\/wp-json\/wp\/v2\/pages\/7051","targetHints":{"allow":["GET"]}}],"collection":[{"href":"https:\/\/www.campingomaha.fr\/de\/wp-json\/wp\/v2\/pages"}],"about":[{"href":"https:\/\/www.campingomaha.fr\/de\/wp-json\/wp\/v2\/types\/page"}],"author":[{"embeddable":true,"href":"https:\/\/www.campingomaha.fr\/de\/wp-json\/wp\/v2\/users\/2"}],"replies":[{"embeddable":true,"href":"https:\/\/www.campingomaha.fr\/de\/wp-json\/wp\/v2\/comments?post=7051"}],"version-history":[{"count":3,"href":"https:\/\/www.campingomaha.fr\/de\/wp-json\/wp\/v2\/pages\/7051\/revisions"}],"predecessor-version":[{"id":7827,"href":"https:\/\/www.campingomaha.fr\/de\/wp-json\/wp\/v2\/pages\/7051\/revisions\/7827"}],"up":[{"embeddable":true,"href":"https:\/\/www.campingomaha.fr\/de\/wp-json\/wp\/v2\/pages\/3679"}],"wp:featuredmedia":[{"embeddable":true,"href":"https:\/\/www.campingomaha.fr\/de\/wp-json\/wp\/v2\/media\/7114"}],"wp:attachment":[{"href":"https:\/\/www.campingomaha.fr\/de\/wp-json\/wp\/v2\/media?parent=7051"}],"curies":[{"name":"wp","href":"https:\/\/api.w.org\/{rel}","templated":true}]}}