{"id":7799,"date":"2025-09-30T10:29:40","date_gmt":"2025-09-30T08:29:40","guid":{"rendered":"https:\/\/www.campingomaha.fr\/?page_id=7799"},"modified":"2025-09-30T10:29:40","modified_gmt":"2025-09-30T08:29:40","slug":"versicherung-2","status":"publish","type":"page","link":"https:\/\/www.campingomaha.fr\/de\/praktische-informationen\/versicherung-2\/","title":{"rendered":"Versicherung"},"content":{"rendered":"\t\t<div data-elementor-type=\"wp-page\" data-elementor-id=\"7799\" class=\"elementor elementor-7799 elementor-7798\" data-elementor-post-type=\"page\">\n\t\t\t\t<div class=\"elementor-element elementor-element-0f401cb e-con-full shape-wave e-flex e-con e-parent\" data-id=\"0f401cb\" data-element_type=\"container\" data-e-type=\"container\">\n\t\t<div class=\"elementor-element elementor-element-a4321a8 e-flex e-con-boxed e-con e-child\" data-id=\"a4321a8\" data-element_type=\"container\" data-e-type=\"container\">\n\t\t\t\t\t<div class=\"e-con-inner\">\n\t\t<div class=\"elementor-element elementor-element-f268300 e-flex e-con-boxed e-con e-child\" data-id=\"f268300\" data-element_type=\"container\" data-e-type=\"container\">\n\t\t\t\t\t<div class=\"e-con-inner\">\n\t\t\t\t<div class=\"elementor-element elementor-element-f7ca259 elementor-widget elementor-widget-heading\" data-id=\"f7ca259\" data-element_type=\"widget\" data-e-type=\"widget\" data-widget_type=\"heading.default\">\n\t\t\t\t<div class=\"elementor-widget-container\">\n\t\t\t\t\t<h2 class=\"elementor-heading-title elementor-size-default\">Campez couvert !<\/h2>\t\t\t\t<\/div>\n\t\t\t\t<\/div>\n\t\t\t\t<div class=\"elementor-element elementor-element-ffe30a7 elementor-widget elementor-widget-text-editor\" data-id=\"ffe30a7\" data-element_type=\"widget\" data-e-type=\"widget\" data-widget_type=\"text-editor.default\">\n\t\t\t\t<div class=\"elementor-widget-container\">\n\t\t\t\t\t\t\t\t\t<p>Ihr Campingplatz hat <a href=\"https:\/\/www.campez-couvert.com\/\" target=\"_blank\" rel=\"noopener\">Campez Couvert<\/a> f\u00fcr Sie ausgew\u00e4hlt, um Ihnen die beste Versicherung im Falle einer Stornierung oder Unterbrechung Ihres Aufenthalts und einer versp\u00e4teten Ankunft zu bieten.<\/p><p>Seine Menge? <strong>nur 4 % des Aufenthaltspreises!<\/strong><\/p><p>Die Campez Couvert-Versicherung garantiert alle Stornierungen, die nicht von Ihnen verschuldet sind. Darin enthalten ist auch die Erstattung der Fahrzeugmietkosten nach einer Panne, einem Unfall oder einem Diebstahl w\u00e4hrend Ihres Aufenthalts! Jeder ist abgesichert, keine Beziehung notwendig. R\u00fcckerstattung innerhalb von 48 Stunden! Kurz gesagt, alles ist garantiert, bis auf eine \u00c4nderung Ihrer Meinung!<\/p>\t\t\t\t\t\t\t\t<\/div>\n\t\t\t\t<\/div>\n\t\t<div class=\"elementor-element elementor-element-c93cb89 e-grid e-con-boxed e-con e-child\" data-id=\"c93cb89\" data-element_type=\"container\" data-e-type=\"container\">\n\t\t\t\t\t<div class=\"e-con-inner\">\n\t\t<div class=\"elementor-element elementor-element-42befc2 e-flex e-con-boxed e-con e-child\" data-id=\"42befc2\" data-element_type=\"container\" data-e-type=\"container\">\n\t\t\t\t\t<div class=\"e-con-inner\">\n\t\t\t\t<div class=\"elementor-element elementor-element-ab816d0 elementor-widget elementor-widget-image\" data-id=\"ab816d0\" data-element_type=\"widget\" data-e-type=\"widget\" data-widget_type=\"image.default\">\n\t\t\t\t<div class=\"elementor-widget-container\">\n\t\t\t\t\t\t\t\t\t\t\t\t\t\t\t<img decoding=\"async\" width=\"51\" height=\"51\" src=\"https:\/\/www.campingomaha.fr\/wp-content\/uploads\/2024\/04\/icon-sante.png\" class=\"attachment-thumbnail size-thumbnail wp-image-3557\" alt=\"\" \/>\t\t\t\t\t\t\t\t\t\t\t\t\t\t\t<\/div>\n\t\t\t\t<\/div>\n\t\t<div class=\"elementor-element elementor-element-5bed78f e-con-full e-flex e-con e-child\" data-id=\"5bed78f\" data-element_type=\"container\" data-e-type=\"container\">\n\t\t\t\t<div class=\"elementor-element elementor-element-946bf5a elementor-widget elementor-widget-heading\" data-id=\"946bf5a\" data-element_type=\"widget\" data-e-type=\"widget\" data-widget_type=\"heading.default\">\n\t\t\t\t<div class=\"elementor-widget-container\">\n\t\t\t\t\t<p class=\"elementor-heading-title elementor-size-default\">Medizinische Gr\u00fcnde<\/p>\t\t\t\t<\/div>\n\t\t\t\t<\/div>\n\t\t\t\t<div class=\"elementor-element elementor-element-9c8d6dc elementor-widget elementor-widget-text-editor\" data-id=\"9c8d6dc\" data-element_type=\"widget\" data-e-type=\"widget\" data-widget_type=\"text-editor.default\">\n\t\t\t\t<div class=\"elementor-widget-container\">\n\t\t\t\t\t\t\t\t\tSchwere Krankheit, schwerer Unfall oder Tod, Kontraindikation und Nachsorge der Impfung, Komplikationen aufgrund einer Schwangerschaft.\t\t\t\t\t\t\t\t<\/div>\n\t\t\t\t<\/div>\n\t\t\t\t<\/div>\n\t\t\t\t\t<\/div>\n\t\t\t\t<\/div>\n\t\t<div class=\"elementor-element elementor-element-27d23ca e-flex e-con-boxed e-con e-child\" data-id=\"27d23ca\" data-element_type=\"container\" data-e-type=\"container\">\n\t\t\t\t\t<div class=\"e-con-inner\">\n\t\t\t\t<div class=\"elementor-element elementor-element-84684b4 elementor-widget elementor-widget-image\" data-id=\"84684b4\" data-element_type=\"widget\" data-e-type=\"widget\" data-widget_type=\"image.default\">\n\t\t\t\t<div class=\"elementor-widget-container\">\n\t\t\t\t\t\t\t\t\t\t\t\t\t\t\t<img decoding=\"async\" width=\"51\" height=\"51\" src=\"https:\/\/www.campingomaha.fr\/wp-content\/uploads\/2024\/04\/icon-private.png\" class=\"attachment-thumbnail size-thumbnail wp-image-3563\" alt=\"\" \/>\t\t\t\t\t\t\t\t\t\t\t\t\t\t\t<\/div>\n\t\t\t\t<\/div>\n\t\t<div class=\"elementor-element elementor-element-ae54caf e-con-full e-flex e-con e-child\" data-id=\"ae54caf\" data-element_type=\"container\" data-e-type=\"container\">\n\t\t\t\t<div class=\"elementor-element elementor-element-8a518ed elementor-widget elementor-widget-heading\" data-id=\"8a518ed\" data-element_type=\"widget\" data-e-type=\"widget\" data-widget_type=\"heading.default\">\n\t\t\t\t<div class=\"elementor-widget-container\">\n\t\t\t\t\t<p class=\"elementor-heading-title elementor-size-default\">Pers\u00f6nliche Gr\u00fcnde<\/p>\t\t\t\t<\/div>\n\t\t\t\t<\/div>\n\t\t\t\t<div class=\"elementor-element elementor-element-5669f44 elementor-widget elementor-widget-text-editor\" data-id=\"5669f44\" data-element_type=\"widget\" data-e-type=\"widget\" data-widget_type=\"text-editor.default\">\n\t\t\t\t<div class=\"elementor-widget-container\">\n\t\t\t\t\t\t\t\t\tVorladung zur Adoption eines Kindes, einer Nachuntersuchung oder einer Organtransplantation, Trennung usw.\t\t\t\t\t\t\t\t<\/div>\n\t\t\t\t<\/div>\n\t\t\t\t<\/div>\n\t\t\t\t\t<\/div>\n\t\t\t\t<\/div>\n\t\t<div class=\"elementor-element elementor-element-43904c3 e-flex e-con-boxed e-con e-child\" data-id=\"43904c3\" data-element_type=\"container\" data-e-type=\"container\">\n\t\t\t\t\t<div class=\"e-con-inner\">\n\t\t\t\t<div class=\"elementor-element elementor-element-09b3a3a elementor-widget elementor-widget-image\" data-id=\"09b3a3a\" data-element_type=\"widget\" data-e-type=\"widget\" data-widget_type=\"image.default\">\n\t\t\t\t<div class=\"elementor-widget-container\">\n\t\t\t\t\t\t\t\t\t\t\t\t\t\t\t<img decoding=\"async\" width=\"51\" height=\"51\" src=\"https:\/\/www.campingomaha.fr\/wp-content\/uploads\/2024\/04\/icon-accident.png\" class=\"attachment-thumbnail size-thumbnail wp-image-3560\" alt=\"\" \/>\t\t\t\t\t\t\t\t\t\t\t\t\t\t\t<\/div>\n\t\t\t\t<\/div>\n\t\t<div class=\"elementor-element elementor-element-a5139f0 e-con-full e-flex e-con e-child\" data-id=\"a5139f0\" data-element_type=\"container\" data-e-type=\"container\">\n\t\t\t\t<div class=\"elementor-element elementor-element-8be2c5f elementor-widget elementor-widget-heading\" data-id=\"8be2c5f\" data-element_type=\"widget\" data-e-type=\"widget\" data-widget_type=\"heading.default\">\n\t\t\t\t<div class=\"elementor-widget-container\">\n\t\t\t\t\t<p class=\"elementor-heading-title elementor-size-default\">Schwerer Schaden an Ihrem Fahrzeug<\/p>\t\t\t\t<\/div>\n\t\t\t\t<\/div>\n\t\t\t\t<div class=\"elementor-element elementor-element-69748b0 elementor-widget elementor-widget-text-editor\" data-id=\"69748b0\" data-element_type=\"widget\" data-e-type=\"widget\" data-widget_type=\"text-editor.default\">\n\t\t\t\t<div class=\"elementor-widget-container\">\n\t\t\t\t\t\t\t\t\tInnerhalb von 48 Stunden vor Abflug.\t\t\t\t\t\t\t\t<\/div>\n\t\t\t\t<\/div>\n\t\t\t\t<\/div>\n\t\t\t\t\t<\/div>\n\t\t\t\t<\/div>\n\t\t<div class=\"elementor-element elementor-element-ee3a973 e-flex e-con-boxed e-con e-child\" data-id=\"ee3a973\" data-element_type=\"container\" data-e-type=\"container\">\n\t\t\t\t\t<div class=\"e-con-inner\">\n\t\t\t\t<div class=\"elementor-element elementor-element-d105658 elementor-widget elementor-widget-image\" data-id=\"d105658\" data-element_type=\"widget\" data-e-type=\"widget\" data-widget_type=\"image.default\">\n\t\t\t\t<div class=\"elementor-widget-container\">\n\t\t\t\t\t\t\t\t\t\t\t\t\t\t\t<img loading=\"lazy\" decoding=\"async\" width=\"51\" height=\"51\" src=\"https:\/\/www.campingomaha.fr\/wp-content\/uploads\/2024\/04\/icon-job.png\" class=\"attachment-thumbnail size-thumbnail wp-image-3566\" alt=\"\" \/>\t\t\t\t\t\t\t\t\t\t\t\t\t\t\t<\/div>\n\t\t\t\t<\/div>\n\t\t<div class=\"elementor-element elementor-element-803aeb4 e-con-full e-flex e-con e-child\" data-id=\"803aeb4\" data-element_type=\"container\" data-e-type=\"container\">\n\t\t\t\t<div class=\"elementor-element elementor-element-ed20cfa elementor-widget elementor-widget-heading\" data-id=\"ed20cfa\" data-element_type=\"widget\" data-e-type=\"widget\" data-widget_type=\"heading.default\">\n\t\t\t\t<div class=\"elementor-widget-container\">\n\t\t\t\t\t<p class=\"elementor-heading-title elementor-size-default\">Berufliche Gr\u00fcnde<\/p>\t\t\t\t<\/div>\n\t\t\t\t<\/div>\n\t\t\t\t<div class=\"elementor-element elementor-element-0d5d95a elementor-widget elementor-widget-text-editor\" data-id=\"0d5d95a\" data-element_type=\"widget\" data-e-type=\"widget\" data-widget_type=\"text-editor.default\">\n\t\t\t\t<div class=\"elementor-widget-container\">\n\t\t\t\t\t\t\t\t\tAufhebung oder \u00c4nderung von bezahlten Urlaubsterminen, wirtschaftliche Entlassung oder Vertragsk\u00fcndigung, berufliche Versetzung, Stellensuche usw.\t\t\t\t\t\t\t\t<\/div>\n\t\t\t\t<\/div>\n\t\t\t\t<\/div>\n\t\t\t\t\t<\/div>\n\t\t\t\t<\/div>\n\t\t<div class=\"elementor-element elementor-element-6760f22 e-flex e-con-boxed e-con e-child\" data-id=\"6760f22\" data-element_type=\"container\" data-e-type=\"container\">\n\t\t\t\t\t<div class=\"e-con-inner\">\n\t\t\t\t<div class=\"elementor-element elementor-element-a3e2257 elementor-widget elementor-widget-image\" data-id=\"a3e2257\" data-element_type=\"widget\" data-e-type=\"widget\" data-widget_type=\"image.default\">\n\t\t\t\t<div class=\"elementor-widget-container\">\n\t\t\t\t\t\t\t\t\t\t\t\t\t\t\t<img loading=\"lazy\" decoding=\"async\" width=\"51\" height=\"51\" src=\"https:\/\/www.campingomaha.fr\/wp-content\/uploads\/2024\/04\/icon-fire.png\" class=\"attachment-thumbnail size-thumbnail wp-image-3569\" alt=\"\" \/>\t\t\t\t\t\t\t\t\t\t\t\t\t\t\t<\/div>\n\t\t\t\t<\/div>\n\t\t<div class=\"elementor-element elementor-element-2fbf404 e-con-full e-flex e-con e-child\" data-id=\"2fbf404\" data-element_type=\"container\" data-e-type=\"container\">\n\t\t\t\t<div class=\"elementor-element elementor-element-4fc8ed7 elementor-widget elementor-widget-heading\" data-id=\"4fc8ed7\" data-element_type=\"widget\" data-e-type=\"widget\" data-widget_type=\"heading.default\">\n\t\t\t\t<div class=\"elementor-widget-container\">\n\t\t\t\t\t<p class=\"elementor-heading-title elementor-size-default\">Andere<\/p>\t\t\t\t<\/div>\n\t\t\t\t<\/div>\n\t\t\t\t<div class=\"elementor-element elementor-element-3cc0847 elementor-widget elementor-widget-text-editor\" data-id=\"3cc0847\" data-element_type=\"widget\" data-e-type=\"widget\" data-widget_type=\"text-editor.default\">\n\t\t\t\t<div class=\"elementor-widget-container\">\n\t\t\t\t\t\t\t\t\tSchwere Sch\u00e4den durch Feuer, Explosion, Wasserschaden, Diebstahl aus beruflichen oder privaten R\u00e4umlichkeiten, Naturkatastrophen, Hausverbot, Verhinderung der Anreise zum Aufenthaltsort, Diebstahl von Personalausweis, F\u00fchrerschein oder Reisepass, Visumverweigerung durch die Beh\u00f6rden des Landes .\t\t\t\t\t\t\t\t<\/div>\n\t\t\t\t<\/div>\n\t\t\t\t<\/div>\n\t\t\t\t\t<\/div>\n\t\t\t\t<\/div>\n\t\t\t\t\t<\/div>\n\t\t\t\t<\/div>\n\t\t<div class=\"elementor-element elementor-element-f282264 e-flex e-con-boxed e-con e-child\" data-id=\"f282264\" data-element_type=\"container\" data-e-type=\"container\">\n\t\t\t\t\t<div class=\"e-con-inner\">\n\t\t\t\t<div class=\"elementor-element elementor-element-5e80d86 elementor-widget elementor-widget-button\" data-id=\"5e80d86\" data-element_type=\"widget\" data-e-type=\"widget\" data-widget_type=\"button.default\">\n\t\t\t\t<div class=\"elementor-widget-container\">\n\t\t\t\t\t\t\t\t\t<div class=\"elementor-button-wrapper\">\n\t\t\t\t\t<a class=\"elementor-button elementor-button-link elementor-size-sm\" href=\"https:\/\/www.campingomaha.fr\/wp-content\/uploads\/2024\/10\/ipid_FR.pdf\" target=\"_blank\" download=\"\">\n\t\t\t\t\t\t<span class=\"elementor-button-content-wrapper\">\n\t\t\t\t\t\t\t\t\t<span class=\"elementor-button-text\">T\u00e9l\u00e9charger la brochure (Fran\u00e7ais)<\/span>\n\t\t\t\t\t<\/span>\n\t\t\t\t\t<\/a>\n\t\t\t\t<\/div>\n\t\t\t\t\t\t\t\t<\/div>\n\t\t\t\t<\/div>\n\t\t\t\t<div class=\"elementor-element elementor-element-ea6f307 elementor-widget elementor-widget-button\" data-id=\"ea6f307\" data-element_type=\"widget\" data-e-type=\"widget\" data-widget_type=\"button.default\">\n\t\t\t\t<div class=\"elementor-widget-container\">\n\t\t\t\t\t\t\t\t\t<div class=\"elementor-button-wrapper\">\n\t\t\t\t\t<a class=\"elementor-button elementor-button-link elementor-size-sm\" href=\"https:\/\/www.campingomaha.fr\/wp-content\/uploads\/2024\/10\/ipid_EN.pdf\" target=\"_blank\" download=\"\">\n\t\t\t\t\t\t<span class=\"elementor-button-content-wrapper\">\n\t\t\t\t\t\t\t\t\t<span class=\"elementor-button-text\">Download the brochure (english)<\/span>\n\t\t\t\t\t<\/span>\n\t\t\t\t\t<\/a>\n\t\t\t\t<\/div>\n\t\t\t\t\t\t\t\t<\/div>\n\t\t\t\t<\/div>\n\t\t\t\t<div class=\"elementor-element elementor-element-867ccbf elementor-widget elementor-widget-button\" data-id=\"867ccbf\" data-element_type=\"widget\" data-e-type=\"widget\" data-widget_type=\"button.default\">\n\t\t\t\t<div class=\"elementor-widget-container\">\n\t\t\t\t\t\t\t\t\t<div class=\"elementor-button-wrapper\">\n\t\t\t\t\t<a class=\"elementor-button elementor-button-link elementor-size-sm\" href=\"https:\/\/www.campingomaha.fr\/wp-content\/uploads\/2024\/10\/ipid_DE.pdf\" target=\"_blank\" download=\"\">\n\t\t\t\t\t\t<span class=\"elementor-button-content-wrapper\">\n\t\t\t\t\t\t\t\t\t<span class=\"elementor-button-text\">Laden Sie die Brosch\u00fcre herunter (Deutsch)<\/span>\n\t\t\t\t\t<\/span>\n\t\t\t\t\t<\/a>\n\t\t\t\t<\/div>\n\t\t\t\t\t\t\t\t<\/div>\n\t\t\t\t<\/div>\n\t\t\t\t<div class=\"elementor-element elementor-element-c74e56b elementor-widget elementor-widget-button\" data-id=\"c74e56b\" data-element_type=\"widget\" data-e-type=\"widget\" data-widget_type=\"button.default\">\n\t\t\t\t<div class=\"elementor-widget-container\">\n\t\t\t\t\t\t\t\t\t<div class=\"elementor-button-wrapper\">\n\t\t\t\t\t<a class=\"elementor-button elementor-button-link elementor-size-sm\" href=\"https:\/\/www.campingomaha.fr\/wp-content\/uploads\/2024\/10\/ipid_NL.pdf\" target=\"_blank\" download=\"\">\n\t\t\t\t\t\t<span class=\"elementor-button-content-wrapper\">\n\t\t\t\t\t\t\t\t\t<span class=\"elementor-button-text\">Download der Brosch\u00fcre (Duits)<\/span>\n\t\t\t\t\t<\/span>\n\t\t\t\t\t<\/a>\n\t\t\t\t<\/div>\n\t\t\t\t\t\t\t\t<\/div>\n\t\t\t\t<\/div>\n\t\t\t\t\t<\/div>\n\t\t\t\t<\/div>\n\t\t\t\t\t<\/div>\n\t\t\t\t<\/div>\n\t\t<div class=\"elementor-element elementor-element-1c627cd e-flex e-con-boxed e-con e-child\" data-id=\"1c627cd\" data-element_type=\"container\" data-e-type=\"container\" data-settings=\"{&quot;sticky_on&quot;:[&quot;desktop&quot;,&quot;tablet&quot;],&quot;sticky_offset&quot;:115,&quot;sticky&quot;:&quot;top&quot;,&quot;sticky_parent&quot;:&quot;yes&quot;,&quot;sticky_effects_offset&quot;:0,&quot;sticky_anchor_link_offset&quot;:0}\">\n\t\t\t\t\t<div class=\"e-con-inner\">\n\t\t\t\t<div class=\"elementor-element elementor-element-9fd5807 elementor-widget-mobile__width-inherit elementor-widget elementor-widget-image\" data-id=\"9fd5807\" data-element_type=\"widget\" data-e-type=\"widget\" data-widget_type=\"image.default\">\n\t\t\t\t<div class=\"elementor-widget-container\">\n\t\t\t\t\t\t\t\t\t\t\t\t\t\t\t<img loading=\"lazy\" decoding=\"async\" width=\"524\" height=\"800\" src=\"https:\/\/www.campingomaha.fr\/wp-content\/uploads\/2024\/04\/campez-couvert-camping-omaha-beach-2024.jpg\" class=\"attachment-large size-large wp-image-3614\" alt=\"\" srcset=\"https:\/\/www.campingomaha.fr\/wp-content\/uploads\/2024\/04\/campez-couvert-camping-omaha-beach-2024.jpg 524w, https:\/\/www.campingomaha.fr\/wp-content\/uploads\/2024\/04\/campez-couvert-camping-omaha-beach-2024-328x500.jpg 328w\" sizes=\"(max-width: 524px) 100vw, 524px\" \/>\t\t\t\t\t\t\t\t\t\t\t\t\t\t\t<\/div>\n\t\t\t\t<\/div>\n\t\t\t\t\t<\/div>\n\t\t\t\t<\/div>\n\t\t\t\t\t<\/div>\n\t\t\t\t<\/div>\n\t\t\t\t<\/div>\n\t\t\t\t<\/div>\n\t\t","protected":false},"excerpt":{"rendered":"<p>Campez couvert ! Ihr Campingplatz hat Campez Couvert f\u00fcr Sie ausgew\u00e4hlt, um Ihnen die beste Versicherung im Falle einer Stornierung oder Unterbrechung Ihres Aufenthalts und einer versp\u00e4teten Ankunft zu bieten. Seine Menge? nur 4 % des Aufenthaltspreises! Die Campez Couvert-Versicherung garantiert alle Stornierungen, die nicht von Ihnen verschuldet sind. Darin enthalten ist auch die Erstattung [&hellip;]<\/p>\n","protected":false},"author":2,"featured_media":7119,"parent":3679,"menu_order":2,"comment_status":"closed","ping_status":"closed","template":"","meta":{"_acf_changed":false,"footnotes":""},"class_list":["post-7799","page","type-page","status-publish","has-post-thumbnail","hentry"],"acf":[],"_links":{"self":[{"href":"https:\/\/www.campingomaha.fr\/de\/wp-json\/wp\/v2\/pages\/7799","targetHints":{"allow":["GET"]}}],"collection":[{"href":"https:\/\/www.campingomaha.fr\/de\/wp-json\/wp\/v2\/pages"}],"about":[{"href":"https:\/\/www.campingomaha.fr\/de\/wp-json\/wp\/v2\/types\/page"}],"author":[{"embeddable":true,"href":"https:\/\/www.campingomaha.fr\/de\/wp-json\/wp\/v2\/users\/2"}],"replies":[{"embeddable":true,"href":"https:\/\/www.campingomaha.fr\/de\/wp-json\/wp\/v2\/comments?post=7799"}],"version-history":[{"count":1,"href":"https:\/\/www.campingomaha.fr\/de\/wp-json\/wp\/v2\/pages\/7799\/revisions"}],"predecessor-version":[{"id":7802,"href":"https:\/\/www.campingomaha.fr\/de\/wp-json\/wp\/v2\/pages\/7799\/revisions\/7802"}],"up":[{"embeddable":true,"href":"https:\/\/www.campingomaha.fr\/de\/wp-json\/wp\/v2\/pages\/3679"}],"wp:featuredmedia":[{"embeddable":true,"href":"https:\/\/www.campingomaha.fr\/de\/wp-json\/wp\/v2\/media\/7119"}],"wp:attachment":[{"href":"https:\/\/www.campingomaha.fr\/de\/wp-json\/wp\/v2\/media?parent=7799"}],"curies":[{"name":"wp","href":"https:\/\/api.w.org\/{rel}","templated":true}]}}