{"id":9211,"date":"2025-11-18T15:43:38","date_gmt":"2025-11-18T14:43:38","guid":{"rendered":"https:\/\/www.campingomaha.fr\/?page_id=9211"},"modified":"2026-03-03T14:17:26","modified_gmt":"2026-03-03T13:17:26","slug":"die-unumganglichen","status":"publish","type":"page","link":"https:\/\/www.campingomaha.fr\/de\/in-der-umgebung\/die-unumganglichen\/","title":{"rendered":"Die unumg\u00e4nglichen"},"content":{"rendered":"\t\t<div data-elementor-type=\"wp-page\" data-elementor-id=\"9211\" class=\"elementor elementor-9211 elementor-9210\" data-elementor-post-type=\"page\">\n\t\t\t\t<div class=\"elementor-element elementor-element-52991e9 e-con-full shape-wave e-flex e-con e-parent\" data-id=\"52991e9\" data-element_type=\"container\" data-e-type=\"container\">\n\t\t<div class=\"elementor-element elementor-element-ab4c62c e-flex e-con-boxed e-con e-child\" data-id=\"ab4c62c\" data-element_type=\"container\" data-e-type=\"container\">\n\t\t\t\t\t<div class=\"e-con-inner\">\n\t\t<div class=\"elementor-element elementor-element-c3f0066 e-flex e-con-boxed e-con e-child\" data-id=\"c3f0066\" data-element_type=\"container\" data-e-type=\"container\" data-settings=\"{&quot;sticky_on&quot;:[&quot;desktop&quot;,&quot;tablet&quot;],&quot;sticky_offset&quot;:115,&quot;sticky_parent&quot;:&quot;yes&quot;,&quot;sticky&quot;:&quot;top&quot;,&quot;sticky_effects_offset&quot;:0,&quot;sticky_anchor_link_offset&quot;:0}\">\n\t\t\t\t\t<div class=\"e-con-inner\">\n\t\t<div class=\"elementor-element elementor-element-4b23192 e-con-full e-flex e-con e-child\" data-id=\"4b23192\" data-element_type=\"container\" data-e-type=\"container\">\n\t\t\t\t<div class=\"elementor-element elementor-element-1918e1f elementor-widget elementor-widget-image\" data-id=\"1918e1f\" data-element_type=\"widget\" data-e-type=\"widget\" data-widget_type=\"image.default\">\n\t\t\t\t<div class=\"elementor-widget-container\">\n\t\t\t\t\t\t\t\t\t\t\t\t\t\t\t<img fetchpriority=\"high\" decoding=\"async\" width=\"1536\" height=\"960\" src=\"https:\/\/www.campingomaha.fr\/wp-content\/uploads\/2025\/07\/Copie-de-Carte-touristique-reception-160-x-100-cm-1536x960.png\" class=\"attachment-1536x1536 size-1536x1536 wp-image-8306\" alt=\"\" srcset=\"https:\/\/www.campingomaha.fr\/wp-content\/uploads\/2025\/07\/Copie-de-Carte-touristique-reception-160-x-100-cm-1536x960.png 1536w, https:\/\/www.campingomaha.fr\/wp-content\/uploads\/2025\/07\/Copie-de-Carte-touristique-reception-160-x-100-cm-500x312.png 500w, https:\/\/www.campingomaha.fr\/wp-content\/uploads\/2025\/07\/Copie-de-Carte-touristique-reception-160-x-100-cm-1024x640.png 1024w, https:\/\/www.campingomaha.fr\/wp-content\/uploads\/2025\/07\/Copie-de-Carte-touristique-reception-160-x-100-cm-768x480.png 768w, https:\/\/www.campingomaha.fr\/wp-content\/uploads\/2025\/07\/Copie-de-Carte-touristique-reception-160-x-100-cm-2048x1280.png 2048w\" sizes=\"(max-width: 1536px) 100vw, 1536px\" \/>\t\t\t\t\t\t\t\t\t\t\t\t\t\t\t<\/div>\n\t\t\t\t<\/div>\n\t\t\t\t<\/div>\n\t\t\t\t<div class=\"elementor-element elementor-element-b61c631 elementor-widget elementor-widget-spacer\" data-id=\"b61c631\" data-element_type=\"widget\" data-e-type=\"widget\" data-widget_type=\"spacer.default\">\n\t\t\t\t<div class=\"elementor-widget-container\">\n\t\t\t\t\t\t\t<div class=\"elementor-spacer\">\n\t\t\t<div class=\"elementor-spacer-inner\"><\/div>\n\t\t<\/div>\n\t\t\t\t\t\t<\/div>\n\t\t\t\t<\/div>\n\t\t\t\t<div class=\"elementor-element elementor-element-bdc889e elementor-widget elementor-widget-heading\" data-id=\"bdc889e\" data-element_type=\"widget\" data-e-type=\"widget\" data-widget_type=\"heading.default\">\n\t\t\t\t<div class=\"elementor-widget-container\">\n\t\t\t\t\t<h2 class=\"elementor-heading-title elementor-size-default\">Entdecken Sie die Normandie  <\/h2>\t\t\t\t<\/div>\n\t\t\t\t<\/div>\n\t\t\t\t<div class=\"elementor-element elementor-element-a285e84 elementor-widget elementor-widget-image\" data-id=\"a285e84\" data-element_type=\"widget\" data-e-type=\"widget\" data-widget_type=\"image.default\">\n\t\t\t\t<div class=\"elementor-widget-container\">\n\t\t\t\t\t\t\t\t\t\t\t\t\t\t\t<img decoding=\"async\" width=\"1201\" height=\"517\" src=\"https:\/\/www.campingomaha.fr\/wp-content\/uploads\/2024\/11\/carte-normandie-tourisme-1.jpg\" class=\"attachment-full size-full wp-image-7187\" alt=\"\" srcset=\"https:\/\/www.campingomaha.fr\/wp-content\/uploads\/2024\/11\/carte-normandie-tourisme-1.jpg 1201w, https:\/\/www.campingomaha.fr\/wp-content\/uploads\/2024\/11\/carte-normandie-tourisme-1-500x215.jpg 500w, https:\/\/www.campingomaha.fr\/wp-content\/uploads\/2024\/11\/carte-normandie-tourisme-1-1024x441.jpg 1024w, https:\/\/www.campingomaha.fr\/wp-content\/uploads\/2024\/11\/carte-normandie-tourisme-1-768x331.jpg 768w\" sizes=\"(max-width: 1201px) 100vw, 1201px\" \/>\t\t\t\t\t\t\t\t\t\t\t\t\t\t\t<\/div>\n\t\t\t\t<\/div>\n\t\t\t\t<div class=\"elementor-element elementor-element-aa88341 elementor-align-center elementor-widget elementor-widget-button\" data-id=\"aa88341\" data-element_type=\"widget\" data-e-type=\"widget\" data-widget_type=\"button.default\">\n\t\t\t\t<div class=\"elementor-widget-container\">\n\t\t\t\t\t\t\t\t\t<div class=\"elementor-button-wrapper\">\n\t\t\t\t\t<a class=\"elementor-button elementor-button-link elementor-size-sm\" href=\"\">\n\t\t\t\t\t\t<span class=\"elementor-button-content-wrapper\">\n\t\t\t\t\t\t\t\t\t<span class=\"elementor-button-text\">Entdecken Sie die unumg\u00e4nglichen Sehensw\u00fcrdigkeiten in der Normandie<\/span>\n\t\t\t\t\t<\/span>\n\t\t\t\t\t<\/a>\n\t\t\t\t<\/div>\n\t\t\t\t\t\t\t\t<\/div>\n\t\t\t\t<\/div>\n\t\t\t\t<div class=\"elementor-element elementor-element-476671e elementor-widget elementor-widget-text-editor\" data-id=\"476671e\" data-element_type=\"widget\" data-e-type=\"widget\" data-widget_type=\"text-editor.default\">\n\t\t\t\t<div class=\"elementor-widget-container\">\n\t\t\t\t\t\t\t\t\t<p class=\"is-style-excerpt\">In der Normandie gibt es viele Orte und Traditionen, die zum UNESCO-Weltkulturerbe geh\u00f6ren, aber auch D\u00f6rfer, die zu den &#8222;Sch\u00f6nsten D\u00f6rfern Frankreichs&#8220; geh\u00f6ren, und Kurorte. Neben diesen bemerkenswerten Sehensw\u00fcrdigkeiten und vielen sch\u00f6nen Abstechern ist jede Stadt und jedes Dorf in der Normandie zu jeder Jahreszeit eine Entdeckung wert. <\/p><p>Von Mont-Saint-Michel bis Tr\u00e9port, von Cherbourg bis Alen\u00e7on, die Normandie bietet ein fantastisches Mosaik von Landschaften. Wandern Sie durch geschichtstr\u00e4chtige Orte, genie\u00dfen Sie die Weite der Landschaft und lernen Sie die lokale Bev\u00f6lkerung kennen. Um diese Ziele auf eine andere Art und Weise zu erkunden, sei es sportlich, spielerisch oder ungew\u00f6hnlich, empfehlen wir Ihnen, die <a href=\"https:\/\/www.normandie-tourisme.fr\/les-experiences\/\" target=\"_blank\" rel=\"noopener\">Normandie-Erlebnisse<\/a> zu erleben.  <\/p>\t\t\t\t\t\t\t\t<\/div>\n\t\t\t\t<\/div>\n\t\t\t\t<div class=\"elementor-element elementor-element-4df89a2 elementor-align-center elementor-widget elementor-widget-button\" data-id=\"4df89a2\" data-element_type=\"widget\" data-e-type=\"widget\" data-widget_type=\"button.default\">\n\t\t\t\t<div class=\"elementor-widget-container\">\n\t\t\t\t\t\t\t\t\t<div class=\"elementor-button-wrapper\">\n\t\t\t\t\t<a class=\"elementor-button elementor-button-link elementor-size-sm\" href=\"https:\/\/www.lavelomaritime.fr\/itineraire\/grandcamp-maisy-port-en-bessin-huppain\" target=\"_blank\" rel=\"nofollow noopener\">\n\t\t\t\t\t\t<span class=\"elementor-button-content-wrapper\">\n\t\t\t\t\t\t\t\t\t<span class=\"elementor-button-text\">Normandie Tourismus Website<\/span>\n\t\t\t\t\t<\/span>\n\t\t\t\t\t<\/a>\n\t\t\t\t<\/div>\n\t\t\t\t\t\t\t\t<\/div>\n\t\t\t\t<\/div>\n\t\t\t\t<div class=\"elementor-element elementor-element-abb0354 elementor-arrows-position-inside elementor-widget elementor-widget-image-carousel\" data-id=\"abb0354\" data-element_type=\"widget\" data-e-type=\"widget\" data-settings=\"{&quot;slides_to_show&quot;:&quot;5&quot;,&quot;navigation&quot;:&quot;arrows&quot;,&quot;autoplay&quot;:&quot;yes&quot;,&quot;pause_on_hover&quot;:&quot;yes&quot;,&quot;pause_on_interaction&quot;:&quot;yes&quot;,&quot;autoplay_speed&quot;:5000,&quot;infinite&quot;:&quot;yes&quot;,&quot;speed&quot;:500}\" data-widget_type=\"image-carousel.default\">\n\t\t\t\t<div class=\"elementor-widget-container\">\n\t\t\t\t\t\t\t<div class=\"elementor-image-carousel-wrapper swiper\" role=\"region\" aria-roledescription=\"carousel\" aria-label=\"Carrousel d\u2019images\" dir=\"ltr\">\n\t\t\t<div class=\"elementor-image-carousel swiper-wrapper swiper-image-stretch\" aria-live=\"off\">\n\t\t\t\t\t\t\t\t<div class=\"swiper-slide\" role=\"group\" aria-roledescription=\"slide\" aria-label=\"1 von 18\"><figure class=\"swiper-slide-inner\"><img decoding=\"async\" class=\"swiper-slide-image\" src=\"https:\/\/www.campingomaha.fr\/wp-content\/uploads\/elementor\/thumbs\/Anibas-Photography-Bayeux-Bessin-qxog3bj5ljen2791wjdnzdztekpubyfn6aktpme7i0.jpg\" alt=\"Port en bessin\" \/><figcaption class=\"elementor-image-carousel-caption\">Port en bessin<\/figcaption><\/figure><\/div><div class=\"swiper-slide\" role=\"group\" aria-roledescription=\"slide\" aria-label=\"2 von 18\"><figure class=\"swiper-slide-inner\"><img decoding=\"async\" class=\"swiper-slide-image\" src=\"https:\/\/www.campingomaha.fr\/wp-content\/uploads\/elementor\/thumbs\/Capture-decran-2024-10-12-171439-qxog3cgzsdfxdt7or1sajvr9zyl7jnjdif8b6wctbs.jpg\" alt=\"Bayeux\" \/><figcaption class=\"elementor-image-carousel-caption\">Bayeux<\/figcaption><\/figure><\/div><div class=\"swiper-slide\" role=\"group\" aria-roledescription=\"slide\" aria-label=\"3 von 18\"><figure class=\"swiper-slide-inner\"><img decoding=\"async\" class=\"swiper-slide-image\" src=\"https:\/\/www.campingomaha.fr\/wp-content\/uploads\/elementor\/thumbs\/GRAIGNES_THIERRY_HOUYEL-qxog3detz7h7pf6blk6x4diqlcgkrcn3ujvso6bf5k.jpg\" alt=\"Les marais de carentan\" \/><figcaption class=\"elementor-image-carousel-caption\">Les marais de carentan<\/figcaption><\/figure><\/div><div class=\"swiper-slide\" role=\"group\" aria-roledescription=\"slide\" aria-label=\"4 von 18\"><figure class=\"swiper-slide-inner\"><img decoding=\"async\" class=\"swiper-slide-image\" src=\"https:\/\/www.campingomaha.fr\/wp-content\/uploads\/elementor\/thumbs\/i-V55s6Xn-L-qxog3eco61ii114yg2ljova76qbxz1qu6oja5ga0zc.jpg\" alt=\"Cimeti\u00e8re am\u00e9ricain\" \/><figcaption class=\"elementor-image-carousel-caption\">Cimeti\u00e8re am\u00e9ricain<\/figcaption><\/figure><\/div><div class=\"swiper-slide\" role=\"group\" aria-roledescription=\"slide\" aria-label=\"5 von 18\"><figure class=\"swiper-slide-inner\"><img decoding=\"async\" class=\"swiper-slide-image\" src=\"https:\/\/www.campingomaha.fr\/wp-content\/uploads\/elementor\/thumbs\/Pointe-du-Hoc-debarquement--qxog3faicvjscn3lal069d1ns47b6qukit6rmq8mt4.jpg\" alt=\"La pointe du Hoc\" \/><figcaption class=\"elementor-image-carousel-caption\">La pointe du Hoc<\/figcaption><\/figure><\/div><div class=\"swiper-slide\" role=\"group\" aria-roledescription=\"slide\" aria-label=\"6 von 18\"><figure class=\"swiper-slide-inner\"><img decoding=\"async\" class=\"swiper-slide-image\" src=\"https:\/\/www.campingomaha.fr\/wp-content\/uploads\/elementor\/thumbs\/telechargement-6-qxogvd1thlslfeio5nqzdb8veei1yvrd138b4stdvc.jpg\" alt=\"Les marais\" \/><figcaption class=\"elementor-image-carousel-caption\">Les marais<\/figcaption><\/figure><\/div><div class=\"swiper-slide\" role=\"group\" aria-roledescription=\"slide\" aria-label=\"7 von 18\"><figure class=\"swiper-slide-inner\"><img decoding=\"async\" class=\"swiper-slide-image\" src=\"https:\/\/www.campingomaha.fr\/wp-content\/uploads\/elementor\/thumbs\/automne-scaled-qxogvb653xq0s6legmxq8bpy7mrbjhjwctxc68w67s.jpg\" alt=\"Plages\" \/><figcaption class=\"elementor-image-carousel-caption\">Plages<\/figcaption><\/figure><\/div><div class=\"swiper-slide\" role=\"group\" aria-roledescription=\"slide\" aria-label=\"8 von 18\"><figure class=\"swiper-slide-inner\"><img decoding=\"async\" class=\"swiper-slide-image\" src=\"https:\/\/www.campingomaha.fr\/wp-content\/uploads\/elementor\/thumbs\/2d5f5c67738cb1990798f011d848703c-scaled-qxoguh3b18kugnt3c9xo0jb77avkp68hkp1ste4rqw.jpg\" alt=\"La batterie de longue sur mer\" \/><figcaption class=\"elementor-image-carousel-caption\">La batterie de longue sur mer<\/figcaption><\/figure><\/div><div class=\"swiper-slide\" role=\"group\" aria-roledescription=\"slide\" aria-label=\"9 von 18\"><figure class=\"swiper-slide-inner\"><img decoding=\"async\" class=\"swiper-slide-image\" src=\"https:\/\/www.campingomaha.fr\/wp-content\/uploads\/elementor\/thumbs\/1000000256-scaled-qvxpr8x481qick5584ujd6ftfmfdpis5gan3w2tm60.jpeg\" alt=\"V\u00e9lomaritime\" \/><figcaption class=\"elementor-image-carousel-caption\">V\u00e9lomaritime<\/figcaption><\/figure><\/div><div class=\"swiper-slide\" role=\"group\" aria-roledescription=\"slide\" aria-label=\"10 von 18\"><figure class=\"swiper-slide-inner\"><img decoding=\"async\" class=\"swiper-slide-image\" src=\"https:\/\/www.campingomaha.fr\/wp-content\/uploads\/elementor\/thumbs\/8118-Mont-Saint-Michel-couleur-dautomne-\u00a9-DaLiu-Shutterstock.com-\u00a9-DaLiu-Shutterstock.com_-1000x1125-f50_50-qxohccyr2r29djttwi93yity48q05u8md7xejxm3co.jpg\" alt=\"Le Mont Saint Michel\" \/><figcaption class=\"elementor-image-carousel-caption\">Le Mont Saint Michel<\/figcaption><\/figure><\/div><div class=\"swiper-slide\" role=\"group\" aria-roledescription=\"slide\" aria-label=\"11 von 18\"><figure class=\"swiper-slide-inner\"><img decoding=\"async\" class=\"swiper-slide-image\" src=\"https:\/\/www.campingomaha.fr\/wp-content\/uploads\/elementor\/thumbs\/aiguille-creuse-etretat-rochagneux-fotolia-com-1000x1125-f50_50-qxohceufgf4u0rr3lj2d3icvb0gql8g31h8dihjb08.jpg\" alt=\"Etretat\" \/><figcaption class=\"elementor-image-carousel-caption\">Etretat<\/figcaption><\/figure><\/div><div class=\"swiper-slide\" role=\"group\" aria-roledescription=\"slide\" aria-label=\"12 von 18\"><figure class=\"swiper-slide-inner\"><img decoding=\"async\" class=\"swiper-slide-image\" src=\"https:\/\/www.campingomaha.fr\/wp-content\/uploads\/elementor\/thumbs\/barfleur-franck-godard-1000x1125-f50_50-qxohcfs9n964cdpqg1gzo04bwec3sxjtdlvuzrhwu0.jpg\" alt=\"Barfleur\" \/><figcaption class=\"elementor-image-carousel-caption\">Barfleur<\/figcaption><\/figure><\/div><div class=\"swiper-slide\" role=\"group\" aria-roledescription=\"slide\" aria-label=\"13 von 18\"><figure class=\"swiper-slide-inner\"><img decoding=\"async\" class=\"swiper-slide-image\" src=\"https:\/\/www.campingomaha.fr\/wp-content\/uploads\/elementor\/thumbs\/bayeux-claudebencimon-stock-adobe-1000x1125-f50_50-qxohcgq3u37enzodajvm8hvshs7h0mnjpqjch1gins.webp\" alt=\"Bayeux\" \/><figcaption class=\"elementor-image-carousel-caption\">Bayeux<\/figcaption><\/figure><\/div><div class=\"swiper-slide\" role=\"group\" aria-roledescription=\"slide\" aria-label=\"14 von 18\"><figure class=\"swiper-slide-inner\"><img decoding=\"async\" class=\"swiper-slide-image\" src=\"https:\/\/www.campingomaha.fr\/wp-content\/uploads\/elementor\/thumbs\/maison-monet-giverny-ma-thierry-1000x1125-f50_50-qxohchny0x8ozln052a8szn9362u8bra1v6tybf4hk.jpg\" alt=\"Giverny\" \/><figcaption class=\"elementor-image-carousel-caption\">Giverny<\/figcaption><\/figure><\/div><div class=\"swiper-slide\" role=\"group\" aria-roledescription=\"slide\" aria-label=\"15 von 18\"><figure class=\"swiper-slide-inner\"><img decoding=\"async\" class=\"swiper-slide-image\" src=\"https:\/\/www.campingomaha.fr\/wp-content\/uploads\/elementor\/thumbs\/nez-jobourg-cotentin-aymeric-picot-1000x1125-f50_50-qxohcils7r9zb7lmzkovdhepojy7g0v0dzubfldqbc.jpg\" alt=\"Le nez de Jobourg\" \/><figcaption class=\"elementor-image-carousel-caption\">Le nez de Jobourg<\/figcaption><\/figure><\/div><div class=\"swiper-slide\" role=\"group\" aria-roledescription=\"slide\" aria-label=\"16 von 18\"><figure class=\"swiper-slide-inner\"><img decoding=\"async\" class=\"swiper-slide-image\" src=\"https:\/\/www.campingomaha.fr\/wp-content\/uploads\/elementor\/thumbs\/planches-deauville-thomas-le-floc-h-1000x1125-f50_50-qxohcjjmelb9mtk9u33hxz669xtknpyqq4hswvcc54.jpg\" alt=\"Deauville\" \/><figcaption class=\"elementor-image-carousel-caption\">Deauville<\/figcaption><\/figure><\/div><div class=\"swiper-slide\" role=\"group\" aria-roledescription=\"slide\" aria-label=\"17 von 18\"><figure class=\"swiper-slide-inner\"><img decoding=\"async\" class=\"swiper-slide-image\" src=\"https:\/\/www.campingomaha.fr\/wp-content\/uploads\/elementor\/thumbs\/Tatihou-Coraline-et-Leo-1200x800-1-qxohckhglfcjyfiwoli4igxmvboxvf2h295ae5axyw.jpg\" alt=\"Ile de Tatiou\" \/><figcaption class=\"elementor-image-carousel-caption\">Ile de Tatiou<\/figcaption><\/figure><\/div><div class=\"swiper-slide\" role=\"group\" aria-roledescription=\"slide\" aria-label=\"18 von 18\"><figure class=\"swiper-slide-inner\"><img decoding=\"async\" class=\"swiper-slide-image\" src=\"https:\/\/www.campingomaha.fr\/wp-content\/uploads\/elementor\/thumbs\/viaduc-du_-vey-suisse-normande-clecy-aurelien-papa-1000x1125-f50_50-qxohclfas9dua1hjj3wr2yp3gpkb3467edsrvf9jso.jpg\" alt=\"La Suisse Normande\" \/><figcaption class=\"elementor-image-carousel-caption\">La Suisse Normande<\/figcaption><\/figure><\/div>\t\t\t<\/div>\n\t\t\t\t\t\t\t\t\t\t\t\t<div class=\"elementor-swiper-button elementor-swiper-button-prev\" role=\"button\" tabindex=\"0\">\n\t\t\t\t\t\t<svg aria-hidden=\"true\" class=\"e-font-icon-svg e-eicon-chevron-left\" viewBox=\"0 0 1000 1000\" xmlns=\"http:\/\/www.w3.org\/2000\/svg\"><path d=\"M646 125C629 125 613 133 604 142L308 442C296 454 292 471 292 487 292 504 296 521 308 533L604 854C617 867 629 875 646 875 663 875 679 871 692 858 704 846 713 829 713 812 713 796 708 779 692 767L438 487 692 225C700 217 708 204 708 187 708 171 704 154 692 142 675 129 663 125 646 125Z\"><\/path><\/svg>\t\t\t\t\t<\/div>\n\t\t\t\t\t<div class=\"elementor-swiper-button elementor-swiper-button-next\" role=\"button\" tabindex=\"0\">\n\t\t\t\t\t\t<svg aria-hidden=\"true\" class=\"e-font-icon-svg e-eicon-chevron-right\" viewBox=\"0 0 1000 1000\" xmlns=\"http:\/\/www.w3.org\/2000\/svg\"><path d=\"M696 533C708 521 713 504 713 487 713 471 708 454 696 446L400 146C388 133 375 125 354 125 338 125 325 129 313 142 300 154 292 171 292 187 292 204 296 221 308 233L563 492 304 771C292 783 288 800 288 817 288 833 296 850 308 863 321 871 338 875 354 875 371 875 388 867 400 854L696 533Z\"><\/path><\/svg>\t\t\t\t\t<\/div>\n\t\t\t\t\n\t\t\t\t\t\t\t\t\t<\/div>\n\t\t\t\t\t\t<\/div>\n\t\t\t\t<\/div>\n\t\t\t\t\t<\/div>\n\t\t\t\t<\/div>\n\t\t\t\t\t<\/div>\n\t\t\t\t<\/div>\n\t\t<div class=\"elementor-element elementor-element-8824e46 e-flex e-con-boxed e-con e-child\" data-id=\"8824e46\" data-element_type=\"container\" data-e-type=\"container\">\n\t\t\t\t\t<div class=\"e-con-inner\">\n\t\t\t\t<div class=\"elementor-element elementor-element-7291002 elementor-widget elementor-widget-spacer\" data-id=\"7291002\" data-element_type=\"widget\" data-e-type=\"widget\" data-widget_type=\"spacer.default\">\n\t\t\t\t<div class=\"elementor-widget-container\">\n\t\t\t\t\t\t\t<div class=\"elementor-spacer\">\n\t\t\t<div class=\"elementor-spacer-inner\"><\/div>\n\t\t<\/div>\n\t\t\t\t\t\t<\/div>\n\t\t\t\t<\/div>\n\t\t\t\t<div class=\"elementor-element elementor-element-08ab638 elementor-widget elementor-widget-image\" data-id=\"08ab638\" data-element_type=\"widget\" data-e-type=\"widget\" data-widget_type=\"image.default\">\n\t\t\t\t<div class=\"elementor-widget-container\">\n\t\t\t\t\t\t\t\t\t\t\t\t\t\t\t<img decoding=\"async\" width=\"244\" height=\"76\" src=\"https:\/\/www.campingomaha.fr\/wp-content\/uploads\/2024\/11\/normandie-tourisme-logo.jpg\" class=\"attachment-large size-large wp-image-7223\" alt=\"\" \/>\t\t\t\t\t\t\t\t\t\t\t\t\t\t\t<\/div>\n\t\t\t\t<\/div>\n\t\t\t\t\t<\/div>\n\t\t\t\t<\/div>\n\t\t\t\t<\/div>\n\t\t\t\t<\/div>\n\t\t","protected":false},"excerpt":{"rendered":"<p>Entdecken Sie die Normandie Entdecken Sie die unumg\u00e4nglichen Sehensw\u00fcrdigkeiten in der Normandie In der Normandie gibt es viele Orte und Traditionen, die zum UNESCO-Weltkulturerbe geh\u00f6ren, aber auch D\u00f6rfer, die zu den &#8222;Sch\u00f6nsten D\u00f6rfern Frankreichs&#8220; geh\u00f6ren, und Kurorte. Neben diesen bemerkenswerten Sehensw\u00fcrdigkeiten und vielen sch\u00f6nen Abstechern ist jede Stadt und jedes Dorf in der Normandie zu [&hellip;]<\/p>\n","protected":false},"author":2,"featured_media":7178,"parent":3649,"menu_order":0,"comment_status":"closed","ping_status":"closed","template":"","meta":{"_acf_changed":false,"footnotes":""},"class_list":["post-9211","page","type-page","status-publish","has-post-thumbnail","hentry"],"acf":[],"_links":{"self":[{"href":"https:\/\/www.campingomaha.fr\/de\/wp-json\/wp\/v2\/pages\/9211","targetHints":{"allow":["GET"]}}],"collection":[{"href":"https:\/\/www.campingomaha.fr\/de\/wp-json\/wp\/v2\/pages"}],"about":[{"href":"https:\/\/www.campingomaha.fr\/de\/wp-json\/wp\/v2\/types\/page"}],"author":[{"embeddable":true,"href":"https:\/\/www.campingomaha.fr\/de\/wp-json\/wp\/v2\/users\/2"}],"replies":[{"embeddable":true,"href":"https:\/\/www.campingomaha.fr\/de\/wp-json\/wp\/v2\/comments?post=9211"}],"version-history":[{"count":2,"href":"https:\/\/www.campingomaha.fr\/de\/wp-json\/wp\/v2\/pages\/9211\/revisions"}],"predecessor-version":[{"id":9910,"href":"https:\/\/www.campingomaha.fr\/de\/wp-json\/wp\/v2\/pages\/9211\/revisions\/9910"}],"up":[{"embeddable":true,"href":"https:\/\/www.campingomaha.fr\/de\/wp-json\/wp\/v2\/pages\/3649"}],"wp:featuredmedia":[{"embeddable":true,"href":"https:\/\/www.campingomaha.fr\/de\/wp-json\/wp\/v2\/media\/7178"}],"wp:attachment":[{"href":"https:\/\/www.campingomaha.fr\/de\/wp-json\/wp\/v2\/media?parent=9211"}],"curies":[{"name":"wp","href":"https:\/\/api.w.org\/{rel}","templated":true}]}}