{"id":9955,"date":"2026-03-03T15:27:08","date_gmt":"2026-03-03T14:27:08","guid":{"rendered":"https:\/\/www.campingomaha.fr\/?page_id=9955"},"modified":"2026-03-03T16:02:52","modified_gmt":"2026-03-03T15:02:52","slug":"bereiten-sie-ihren-aufenthalt-vor-3","status":"publish","type":"page","link":"https:\/\/www.campingomaha.fr\/de\/praktische-informationen\/bereiten-sie-ihren-aufenthalt-vor-3\/","title":{"rendered":"Bereiten Sie Ihren Aufenthalt vor"},"content":{"rendered":"\t\t<div data-elementor-type=\"wp-page\" data-elementor-id=\"9955\" class=\"elementor elementor-9955 elementor-9953\" data-elementor-post-type=\"page\">\n\t\t\t\t<div class=\"elementor-element elementor-element-45ae0ae e-con-full shape-wave e-flex e-con e-parent\" data-id=\"45ae0ae\" data-element_type=\"container\" data-e-type=\"container\">\n\t\t<div class=\"elementor-element elementor-element-0233ac0 e-flex e-con-boxed e-con e-child\" data-id=\"0233ac0\" data-element_type=\"container\" data-e-type=\"container\">\n\t\t\t\t\t<div class=\"e-con-inner\">\n\t\t<div class=\"elementor-element elementor-element-06cfe28 e-flex e-con-boxed e-con e-child\" data-id=\"06cfe28\" data-element_type=\"container\" data-e-type=\"container\">\n\t\t\t\t\t<div class=\"e-con-inner\">\n\t\t<div class=\"elementor-element elementor-element-9f2a3dc e-con-full e-flex e-con e-child\" data-id=\"9f2a3dc\" data-element_type=\"container\" data-e-type=\"container\">\n\t\t\t\t<div class=\"elementor-element elementor-element-1fc85ec elementor-widget elementor-widget-image\" data-id=\"1fc85ec\" data-element_type=\"widget\" data-e-type=\"widget\" data-widget_type=\"image.default\">\n\t\t\t\t<div class=\"elementor-widget-container\">\n\t\t\t\t\t\t\t\t\t\t\t\t\t\t\t<img decoding=\"async\" width=\"51\" height=\"51\" src=\"https:\/\/www.campingomaha.fr\/wp-content\/uploads\/2024\/04\/icon-chien.png\" class=\"attachment-thumbnail size-thumbnail wp-image-3548\" alt=\"\" \/>\t\t\t\t\t\t\t\t\t\t\t\t\t\t\t<\/div>\n\t\t\t\t<\/div>\n\t\t\t\t<div class=\"elementor-element elementor-element-8936931 elementor-widget elementor-widget-heading\" data-id=\"8936931\" data-element_type=\"widget\" data-e-type=\"widget\" data-widget_type=\"heading.default\">\n\t\t\t\t<div class=\"elementor-widget-container\">\n\t\t\t\t\t<h2 class=\"elementor-heading-title elementor-size-default\">Mein Aufenthalt vor Ort<\/h2>\t\t\t\t<\/div>\n\t\t\t\t<\/div>\n\t\t\t\t<\/div>\n\t\t\t\t<div class=\"elementor-element elementor-element-44478d9 elementor-widget elementor-widget-text-editor\" data-id=\"44478d9\" data-element_type=\"widget\" data-e-type=\"widget\" data-widget_type=\"text-editor.default\">\n\t\t\t\t<div class=\"elementor-widget-container\">\n\t\t\t\t\t\t\t\t\t<p>Was ist in <strong>meinem Komfortstandort enthalten<\/strong>:<\/p><ul><li>2 Personen ;<\/li><li>Ausr\u00fcstung (Zelt oder Wohnwagen);<\/li><li>Ein Fahrzeug (ein Auto oder Motorrad) oder ein Wohnmobil\/Van;<\/li><li>Ein Servicebereich f\u00fcr Wohnmobile;<\/li><li>10 AM-Stromanschluss (Adapter + Verl\u00e4ngerungskabel bereitstellen).<\/li><\/ul><p><strong>Mit Erg\u00e4nzung<\/strong>:<\/p><ul><li>Bis zu 6 zus\u00e4tzliche Personen (Erwachsene, Kinder und Babys) pro Stellplatz<\/li><li>2 Tiere akzeptiert (max. 15 kg).<\/li><\/ul><p>Zahlungsbedingungen<strong>:<br><\/strong>Standardtarif, Anzahlung von 30% bei der Buchung, Restzahlung einen Monat vor der Ankunft.<\/p><p><strong>An- und Abreisezeiten:<\/strong><\/p><ul><li>Ankunftszeit: ab 12 Uhr;<\/li><li>Abfahrtszeit: vor 12 Uhr.<\/li><\/ul><p>Verbundene Armb\u00e4nder f\u00fcr die Duschen, Kaution 5\u20ac pro Person.<\/p>\t\t\t\t\t\t\t\t<\/div>\n\t\t\t\t<\/div>\n\t\t\t\t<div class=\"elementor-element elementor-element-8b92ba7 elementor-alert-info elementor-widget elementor-widget-alert\" data-id=\"8b92ba7\" data-element_type=\"widget\" data-e-type=\"widget\" data-widget_type=\"alert.default\">\n\t\t\t\t<div class=\"elementor-widget-container\">\n\t\t\t\t\t\t\t<div class=\"elementor-alert\" role=\"alert\">\n\n\t\t\t\t\t\t<span class=\"elementor-alert-title\">Tiere sind willkommen<\/span>\n\t\t\t\n\t\t\t\t\t\t<span class=\"elementor-alert-description\">Wir akzeptieren 2 Tiere pro Stellplatz. Sie m\u00fcssen an der Leine gef\u00fchrt und geimpft werden.<\/span>\n\t\t\t\n\t\t\t\n\t\t<\/div>\n\t\t\t\t\t\t<\/div>\n\t\t\t\t<\/div>\n\t\t\t\t<div class=\"elementor-element elementor-element-00b26f7 elementor-alert-info elementor-widget elementor-widget-alert\" data-id=\"00b26f7\" data-element_type=\"widget\" data-e-type=\"widget\" data-widget_type=\"alert.default\">\n\t\t\t\t<div class=\"elementor-widget-container\">\n\t\t\t\t\t\t\t<div class=\"elementor-alert\" role=\"alert\">\n\n\t\t\t\t\t\t<span class=\"elementor-alert-title\">Kommen Sie au\u00dferhalb der Rezeptionszeiten an?<\/span>\n\t\t\t\n\t\t\t\t\t\t<span class=\"elementor-alert-description\">Bitte kontaktieren Sie uns unter +33 (0)2 31 22 41 73 oder unter contact@camping-omaha-beach.fr<\/span>\n\t\t\t\n\t\t\t\n\t\t<\/div>\n\t\t\t\t\t\t<\/div>\n\t\t\t\t<\/div>\n\t\t\t\t\t<\/div>\n\t\t\t\t<\/div>\n\t\t<div class=\"elementor-element elementor-element-de302e3 e-flex e-con-boxed e-con e-child\" data-id=\"de302e3\" data-element_type=\"container\" data-e-type=\"container\" data-settings=\"{&quot;sticky&quot;:&quot;top&quot;,&quot;sticky_on&quot;:[&quot;desktop&quot;,&quot;tablet&quot;],&quot;sticky_offset&quot;:115,&quot;sticky_parent&quot;:&quot;yes&quot;,&quot;sticky_effects_offset&quot;:0,&quot;sticky_anchor_link_offset&quot;:0}\">\n\t\t\t\t\t<div class=\"e-con-inner\">\n\t\t\t\t<div class=\"elementor-element elementor-element-5c18d9e elementor-widget-mobile__width-inherit elementor-widget elementor-widget-image\" data-id=\"5c18d9e\" data-element_type=\"widget\" data-e-type=\"widget\" data-widget_type=\"image.default\">\n\t\t\t\t<div class=\"elementor-widget-container\">\n\t\t\t\t\t\t\t\t\t\t\t\t\t\t\t<img fetchpriority=\"high\" decoding=\"async\" width=\"640\" height=\"427\" src=\"https:\/\/www.campingomaha.fr\/wp-content\/uploads\/2026\/03\/ChatGPT-Image-3-mars-2026-15_35_46-1024x683.png\" class=\"attachment-large size-large wp-image-9970\" alt=\"\" srcset=\"https:\/\/www.campingomaha.fr\/wp-content\/uploads\/2026\/03\/ChatGPT-Image-3-mars-2026-15_35_46-1024x683.png 1024w, https:\/\/www.campingomaha.fr\/wp-content\/uploads\/2026\/03\/ChatGPT-Image-3-mars-2026-15_35_46-500x333.png 500w, https:\/\/www.campingomaha.fr\/wp-content\/uploads\/2026\/03\/ChatGPT-Image-3-mars-2026-15_35_46-768x512.png 768w, https:\/\/www.campingomaha.fr\/wp-content\/uploads\/2026\/03\/ChatGPT-Image-3-mars-2026-15_35_46.png 1536w\" sizes=\"(max-width: 640px) 100vw, 640px\" \/>\t\t\t\t\t\t\t\t\t\t\t\t\t\t\t<\/div>\n\t\t\t\t<\/div>\n\t\t\t\t\t<\/div>\n\t\t\t\t<\/div>\n\t\t\t\t\t<\/div>\n\t\t\t\t<\/div>\n\t\t\t\t<\/div>\n\t\t<div class=\"elementor-element elementor-element-c087e20 e-con-full shape-wave e-flex e-con e-parent\" data-id=\"c087e20\" data-element_type=\"container\" data-e-type=\"container\">\n\t\t<div class=\"elementor-element elementor-element-ad449f9 e-flex e-con-boxed e-con e-child\" data-id=\"ad449f9\" data-element_type=\"container\" data-e-type=\"container\">\n\t\t\t\t\t<div class=\"e-con-inner\">\n\t\t<div class=\"elementor-element elementor-element-c82db03 e-flex e-con-boxed e-con e-child\" data-id=\"c82db03\" data-element_type=\"container\" data-e-type=\"container\" data-settings=\"{&quot;sticky&quot;:&quot;top&quot;,&quot;sticky_on&quot;:[&quot;desktop&quot;,&quot;tablet&quot;],&quot;sticky_offset&quot;:115,&quot;sticky_parent&quot;:&quot;yes&quot;,&quot;sticky_effects_offset&quot;:0,&quot;sticky_anchor_link_offset&quot;:0}\">\n\t\t\t\t\t<div class=\"e-con-inner\">\n\t\t\t\t<div class=\"elementor-element elementor-element-86cf1e1 elementor-widget-mobile__width-inherit elementor-widget elementor-widget-image\" data-id=\"86cf1e1\" data-element_type=\"widget\" data-e-type=\"widget\" data-widget_type=\"image.default\">\n\t\t\t\t<div class=\"elementor-widget-container\">\n\t\t\t\t\t\t\t\t\t\t\t\t\t\t\t<img decoding=\"async\" width=\"640\" height=\"427\" src=\"https:\/\/www.campingomaha.fr\/wp-content\/uploads\/2026\/03\/ChatGPT-Image-3-mars-2026-15_43_53-1024x683.png\" class=\"attachment-large size-large wp-image-9975\" alt=\"\" srcset=\"https:\/\/www.campingomaha.fr\/wp-content\/uploads\/2026\/03\/ChatGPT-Image-3-mars-2026-15_43_53-1024x683.png 1024w, https:\/\/www.campingomaha.fr\/wp-content\/uploads\/2026\/03\/ChatGPT-Image-3-mars-2026-15_43_53-500x333.png 500w, https:\/\/www.campingomaha.fr\/wp-content\/uploads\/2026\/03\/ChatGPT-Image-3-mars-2026-15_43_53-768x512.png 768w, https:\/\/www.campingomaha.fr\/wp-content\/uploads\/2026\/03\/ChatGPT-Image-3-mars-2026-15_43_53.png 1536w\" sizes=\"(max-width: 640px) 100vw, 640px\" \/>\t\t\t\t\t\t\t\t\t\t\t\t\t\t\t<\/div>\n\t\t\t\t<\/div>\n\t\t\t\t\t<\/div>\n\t\t\t\t<\/div>\n\t\t<div class=\"elementor-element elementor-element-5f42966 e-flex e-con-boxed e-con e-child\" data-id=\"5f42966\" data-element_type=\"container\" data-e-type=\"container\">\n\t\t\t\t\t<div class=\"e-con-inner\">\n\t\t<div class=\"elementor-element elementor-element-1422859 e-flex e-con-boxed e-con e-child\" data-id=\"1422859\" data-element_type=\"container\" data-e-type=\"container\">\n\t\t\t\t\t<div class=\"e-con-inner\">\n\t\t\t\t<div class=\"elementor-element elementor-element-397e4a5 elementor-widget elementor-widget-image\" data-id=\"397e4a5\" data-element_type=\"widget\" data-e-type=\"widget\" data-widget_type=\"image.default\">\n\t\t\t\t<div class=\"elementor-widget-container\">\n\t\t\t\t\t\t\t\t\t\t\t\t\t\t\t<img decoding=\"async\" width=\"51\" height=\"51\" src=\"https:\/\/www.campingomaha.fr\/wp-content\/uploads\/2024\/04\/icon-chien.png\" class=\"attachment-thumbnail size-thumbnail wp-image-3548\" alt=\"\" \/>\t\t\t\t\t\t\t\t\t\t\t\t\t\t\t<\/div>\n\t\t\t\t<\/div>\n\t\t\t\t<div class=\"elementor-element elementor-element-924b26c elementor-widget elementor-widget-heading\" data-id=\"924b26c\" data-element_type=\"widget\" data-e-type=\"widget\" data-widget_type=\"heading.default\">\n\t\t\t\t<div class=\"elementor-widget-container\">\n\t\t\t\t\t<h2 class=\"elementor-heading-title elementor-size-default\">Mein Aufenthalt in der Unterkunft<\/h2>\t\t\t\t<\/div>\n\t\t\t\t<\/div>\n\t\t\t\t\t<\/div>\n\t\t\t\t<\/div>\n\t\t\t\t<div class=\"elementor-element elementor-element-44fb588 elementor-alert-info elementor-widget elementor-widget-alert\" data-id=\"44fb588\" data-element_type=\"widget\" data-e-type=\"widget\" data-widget_type=\"alert.default\">\n\t\t\t\t<div class=\"elementor-widget-container\">\n\t\t\t\t\t\t\t<div class=\"elementor-alert\" role=\"alert\">\n\n\t\t\t\t\t\t<span class=\"elementor-alert-title\">Tiere sind willkommen<\/span>\n\t\t\t\n\t\t\t\t\t\t<span class=\"elementor-alert-description\">Wir akzeptieren 1 Tier pro Unterkunft. Er muss an der Leine gef\u00fchrt und geimpft werden.<\/span>\n\t\t\t\n\t\t\t\n\t\t<\/div>\n\t\t\t\t\t\t<\/div>\n\t\t\t\t<\/div>\n\t\t\t\t<div class=\"elementor-element elementor-element-fb9efc8 elementor-alert-info elementor-widget elementor-widget-alert\" data-id=\"fb9efc8\" data-element_type=\"widget\" data-e-type=\"widget\" data-widget_type=\"alert.default\">\n\t\t\t\t<div class=\"elementor-widget-container\">\n\t\t\t\t\t\t\t<div class=\"elementor-alert\" role=\"alert\">\n\n\t\t\t\t\t\t<span class=\"elementor-alert-title\">Kommen Sie au\u00dferhalb der Rezeptionszeiten an?<\/span>\n\t\t\t\n\t\t\t\t\t\t<span class=\"elementor-alert-description\">Bitte kontaktieren Sie uns unter +33 (0)2 31 22 41 73 oder unter contact@camping-omaha-beach.fr<\/span>\n\t\t\t\n\t\t\t\n\t\t<\/div>\n\t\t\t\t\t\t<\/div>\n\t\t\t\t<\/div>\n\t\t\t\t\t<\/div>\n\t\t\t\t<\/div>\n\t\t\t\t\t<\/div>\n\t\t\t\t<\/div>\n\t\t\t\t<\/div>\n\t\t<div class=\"elementor-element elementor-element-eb6fc0f e-flex e-con-boxed e-con e-parent\" data-id=\"eb6fc0f\" data-element_type=\"container\" data-e-type=\"container\">\n\t\t\t\t\t<div class=\"e-con-inner\">\n\t\t<div class=\"elementor-element elementor-element-865df45 e-con-full e-flex e-con e-child\" data-id=\"865df45\" data-element_type=\"container\" data-e-type=\"container\">\n\t\t<div class=\"elementor-element elementor-element-5b6c675 e-flex e-con-boxed e-con e-child\" data-id=\"5b6c675\" data-element_type=\"container\" data-e-type=\"container\">\n\t\t\t\t\t<div class=\"e-con-inner\">\n\t\t<div class=\"elementor-element elementor-element-47b0492 e-con-full e-flex e-con e-child\" data-id=\"47b0492\" data-element_type=\"container\" data-e-type=\"container\">\n\t\t\t\t<div class=\"elementor-element elementor-element-4a4d88b elementor-widget elementor-widget-image\" data-id=\"4a4d88b\" data-element_type=\"widget\" data-e-type=\"widget\" data-widget_type=\"image.default\">\n\t\t\t\t<div class=\"elementor-widget-container\">\n\t\t\t\t\t\t\t\t\t\t\t\t\t\t\t<img decoding=\"async\" width=\"51\" height=\"51\" src=\"https:\/\/www.campingomaha.fr\/wp-content\/uploads\/2024\/04\/icon-chien.png\" class=\"attachment-thumbnail size-thumbnail wp-image-3548\" alt=\"\" \/>\t\t\t\t\t\t\t\t\t\t\t\t\t\t\t<\/div>\n\t\t\t\t<\/div>\n\t\t\t\t<div class=\"elementor-element elementor-element-169b2b3 elementor-widget elementor-widget-heading\" data-id=\"169b2b3\" data-element_type=\"widget\" data-e-type=\"widget\" data-widget_type=\"heading.default\">\n\t\t\t\t<div class=\"elementor-widget-container\">\n\t\t\t\t\t<h2 class=\"elementor-heading-title elementor-size-default\">\ud83d\udc65 \u00c0 qui s'adresse ce guide pour chiens ?<\/h2>\t\t\t\t<\/div>\n\t\t\t\t<\/div>\n\t\t\t\t<\/div>\n\t\t\t\t<div class=\"elementor-element elementor-element-1787257 elementor-alert-info elementor-widget elementor-widget-alert\" data-id=\"1787257\" data-element_type=\"widget\" data-e-type=\"widget\" data-widget_type=\"alert.default\">\n\t\t\t\t<div class=\"elementor-widget-container\">\n\t\t\t\t\t\t\t<div class=\"elementor-alert\" role=\"alert\">\n\n\t\t\t\t\t\t<span class=\"elementor-alert-title\">Les animaux sont les bienvenus<\/span>\n\t\t\t\n\t\t\t\t\t\t<span class=\"elementor-alert-description\">Que vous soyez un couple voyageant avec votre fid\u00e8le compagnon ou une famille souhaitant inclure leur chien dans les vacances, ce guide vous permet de bien pr\u00e9parer votre s\u00e9jour. Il rassure les propri\u00e9taires d\u2019animaux sur les r\u00e8gles applicables et facilite l\u2019organisation gr\u00e2ce \u00e0 l\u2019information claire sur les tarifs et lieux autoris\u00e9s.\n\nCe guide est aussi utile pour les nouveaux visiteurs du camping Omaha Beach qui d\u00e9couvrent la r\u00e9gion et ses obligations concernant les animaux domestiques.<\/span>\n\t\t\t\n\t\t\t\n\t\t<\/div>\n\t\t\t\t\t\t<\/div>\n\t\t\t\t<\/div>\n\t\t\t\t<div class=\"elementor-element elementor-element-df2a508 elementor-alert-info elementor-widget elementor-widget-alert\" data-id=\"df2a508\" data-element_type=\"widget\" data-e-type=\"widget\" data-widget_type=\"alert.default\">\n\t\t\t\t<div class=\"elementor-widget-container\">\n\t\t\t\t\t\t\t<div class=\"elementor-alert\" role=\"alert\">\n\n\t\t\t\t\t\t<span class=\"elementor-alert-title\">\ud83d\udccc Infos pratiques pour vos chiens au Camping Omaha Beach<\/span>\n\t\t\t\n\t\t\t\t\t\t<span class=\"elementor-alert-description\">P\u00e9riode d\u2019accueil : du 1er avril au 3 novembre 2026\nChiens accept\u00e9s sauf cat\u00e9gories 1 et 2\nAnimal tenu en laisse obligatoire dans le camping\nPr\u00e9sentation du carnet de sant\u00e9, vaccins et tatouage obligatoires\nSuppl\u00e9ments : 3 \u20ac\/jour locatif, 3,50-4 \u20ac\/jour emplacement (selon saison)\nNombre max animaux : 1 par locatif, 2 par emplacement\nPlage de Vierville-sur-Mer accessible aux chiens\nGuide toutou offert par l\u2019Office de Tourisme avec conseils et packs de bienvenue<\/span>\n\t\t\t\n\t\t\t\n\t\t<\/div>\n\t\t\t\t\t\t<\/div>\n\t\t\t\t<\/div>\n\t\t\t\t\t<\/div>\n\t\t\t\t<\/div>\n\t\t<div class=\"elementor-element elementor-element-2db3873 e-flex e-con-boxed e-con e-child\" data-id=\"2db3873\" data-element_type=\"container\" data-e-type=\"container\" data-settings=\"{&quot;sticky&quot;:&quot;top&quot;,&quot;sticky_on&quot;:[&quot;desktop&quot;,&quot;tablet&quot;],&quot;sticky_offset&quot;:115,&quot;sticky_parent&quot;:&quot;yes&quot;,&quot;sticky_effects_offset&quot;:0,&quot;sticky_anchor_link_offset&quot;:0}\">\n\t\t\t\t\t<div class=\"e-con-inner\">\n\t\t\t\t<div class=\"elementor-element elementor-element-6d5683c elementor-widget-mobile__width-inherit elementor-widget elementor-widget-image\" data-id=\"6d5683c\" data-element_type=\"widget\" data-e-type=\"widget\" data-widget_type=\"image.default\">\n\t\t\t\t<div class=\"elementor-widget-container\">\n\t\t\t\t\t\t\t\t\t\t\t\t\t\t\t<img loading=\"lazy\" decoding=\"async\" width=\"640\" height=\"853\" src=\"https:\/\/www.campingomaha.fr\/wp-content\/uploads\/2026\/03\/musee-D-Day-Omaha-accepte-chien.webp\" class=\"attachment-large size-large wp-image-9979\" alt=\"\" srcset=\"https:\/\/www.campingomaha.fr\/wp-content\/uploads\/2026\/03\/musee-D-Day-Omaha-accepte-chien.webp 756w, https:\/\/www.campingomaha.fr\/wp-content\/uploads\/2026\/03\/musee-D-Day-Omaha-accepte-chien-375x500.webp 375w\" sizes=\"(max-width: 640px) 100vw, 640px\" \/>\t\t\t\t\t\t\t\t\t\t\t\t\t\t\t<\/div>\n\t\t\t\t<\/div>\n\t\t\t\t\t<\/div>\n\t\t\t\t<\/div>\n\t\t\t\t<\/div>\n\t\t\t\t<div class=\"elementor-element elementor-element-3789bd5 elementor-widget elementor-widget-spacer\" data-id=\"3789bd5\" data-element_type=\"widget\" data-e-type=\"widget\" data-widget_type=\"spacer.default\">\n\t\t\t\t<div class=\"elementor-widget-container\">\n\t\t\t\t\t\t\t<div class=\"elementor-spacer\">\n\t\t\t<div class=\"elementor-spacer-inner\"><\/div>\n\t\t<\/div>\n\t\t\t\t\t\t<\/div>\n\t\t\t\t<\/div>\n\t\t\t\t\t<\/div>\n\t\t\t\t<\/div>\n\t\t<div class=\"elementor-element elementor-element-6a5f454 e-flex e-con-boxed e-con e-parent\" data-id=\"6a5f454\" data-element_type=\"container\" data-e-type=\"container\">\n\t\t\t\t\t<div class=\"e-con-inner\">\n\t\t\t\t<div class=\"elementor-element elementor-element-960410a elementor-align-center elementor-widget elementor-widget-button\" data-id=\"960410a\" data-element_type=\"widget\" data-e-type=\"widget\" data-widget_type=\"button.default\">\n\t\t\t\t<div class=\"elementor-widget-container\">\n\t\t\t\t\t\t\t\t\t<div class=\"elementor-button-wrapper\">\n\t\t\t\t\t<a class=\"elementor-button elementor-button-link elementor-size-sm\" href=\"\">\n\t\t\t\t\t\t<span class=\"elementor-button-content-wrapper\">\n\t\t\t\t\t\t\t\t\t<span class=\"elementor-button-text\">TOUTOU GUIDE LES VACANCES AVEC MON CHIEN <\/span>\n\t\t\t\t\t<\/span>\n\t\t\t\t\t<\/a>\n\t\t\t\t<\/div>\n\t\t\t\t\t\t\t\t<\/div>\n\t\t\t\t<\/div>\n\t\t\t\t<div class=\"elementor-element elementor-element-01a77f7 elementor-widget elementor-widget-spacer\" data-id=\"01a77f7\" data-element_type=\"widget\" data-e-type=\"widget\" data-widget_type=\"spacer.default\">\n\t\t\t\t<div class=\"elementor-widget-container\">\n\t\t\t\t\t\t\t<div class=\"elementor-spacer\">\n\t\t\t<div class=\"elementor-spacer-inner\"><\/div>\n\t\t<\/div>\n\t\t\t\t\t\t<\/div>\n\t\t\t\t<\/div>\n\t\t\t\t\t<\/div>\n\t\t\t\t<\/div>\n\t\t<div class=\"elementor-element elementor-element-e7d8349 e-flex e-con-boxed e-con e-parent\" data-id=\"e7d8349\" data-element_type=\"container\" data-e-type=\"container\">\n\t\t\t\t\t<div class=\"e-con-inner\">\n\t\t<div class=\"elementor-element elementor-element-5a52879 e-con-full e-flex e-con e-child\" data-id=\"5a52879\" data-element_type=\"container\" data-e-type=\"container\">\n\t\t\t\t<div class=\"elementor-element elementor-element-673421b elementor-widget elementor-widget-text-editor\" data-id=\"673421b\" data-element_type=\"widget\" data-e-type=\"widget\" data-widget_type=\"text-editor.default\">\n\t\t\t\t<div class=\"elementor-widget-container\">\n\t\t\t\t\t\t\t\t\t<h2>\u2753 Questions fr\u00e9quentes<\/h2><div class=\"faq-item\"><h3>Quels chiens sont interdits au Camping Omaha Beach ?<\/h3><p>Les chiens de cat\u00e9gorie 1 et 2 ne sont pas autoris\u00e9s dans le camping, conform\u00e9ment \u00e0 la r\u00e9glementation fran\u00e7aise.<\/p><\/div><div class=\"faq-item\"><h3>Combien de chiens puis-je amener par emplacement ou location ?<\/h3><p>Un animal est autoris\u00e9 par logement locatif, et jusqu&#8217;\u00e0 deux animaux par emplacement camping.<\/p><\/div><div class=\"faq-item\"><h3>Quelle est la proc\u00e9dure d\u2019arriv\u00e9e avec un chien ?<\/h3><p>Vous devez pr\u00e9senter le carnet de sant\u00e9 de votre chien avec les vaccins \u00e0 jour et le certificat de tatouage.<\/p><\/div><div class=\"faq-item\"><h3>Y a-t-il des zones du camping interdites aux chiens ?<\/h3><p>Les chiens doivent \u00eatre tenus en laisse partout dans le camping. Aucun espace interdit n\u2019a \u00e9t\u00e9 sp\u00e9cifiquement signal\u00e9, mais le respect des autres vacanciers est indispensable.<\/p><\/div><div class=\"faq-item\"><h3>Puis-je promener mon chien sur la plage ?<\/h3><p>Oui, la plage de Vierville-sur-Mer autorise les chiens. Pensez \u00e0 le tenir en laisse si n\u00e9cessaire et \u00e0 respecter les consignes locales.<\/p><\/div><div class=\"faq-item\"><h3>Qu\u2019est-ce que le \u00ab guide toutou \u00bb et comment l\u2019obtenir ?<\/h3><p>Ce guide est un livret pratique disponible \u00e0 l\u2019Office de Tourisme, qui liste les lieux accueillant les chiens, conseils et les bonnes pratiques pour vos vacances en Normandie. Un pack de bienvenue avec sac de propret\u00e9 et friandises vous est offert.<\/p><\/div>\t\t\t\t\t\t\t\t<\/div>\n\t\t\t\t<\/div>\n\t\t\t\t<\/div>\n\t\t\t\t\t<\/div>\n\t\t\t\t<\/div>\n\t\t\t\t<\/div>\n\t\t","protected":false},"excerpt":{"rendered":"<p>Mein Aufenthalt vor Ort Was ist in meinem Komfortstandort enthalten: 2 Personen ; Ausr\u00fcstung (Zelt oder Wohnwagen); Ein Fahrzeug (ein Auto oder Motorrad) oder ein Wohnmobil\/Van; Ein Servicebereich f\u00fcr Wohnmobile; 10 AM-Stromanschluss (Adapter + Verl\u00e4ngerungskabel bereitstellen). Mit Erg\u00e4nzung: Bis zu 6 zus\u00e4tzliche Personen (Erwachsene, Kinder und Babys) pro Stellplatz 2 Tiere akzeptiert (max. 15 kg). [&hellip;]<\/p>\n","protected":false},"author":2,"featured_media":9990,"parent":3679,"menu_order":0,"comment_status":"closed","ping_status":"closed","template":"","meta":{"_acf_changed":false,"footnotes":""},"class_list":["post-9955","page","type-page","status-publish","has-post-thumbnail","hentry"],"acf":[],"_links":{"self":[{"href":"https:\/\/www.campingomaha.fr\/de\/wp-json\/wp\/v2\/pages\/9955","targetHints":{"allow":["GET"]}}],"collection":[{"href":"https:\/\/www.campingomaha.fr\/de\/wp-json\/wp\/v2\/pages"}],"about":[{"href":"https:\/\/www.campingomaha.fr\/de\/wp-json\/wp\/v2\/types\/page"}],"author":[{"embeddable":true,"href":"https:\/\/www.campingomaha.fr\/de\/wp-json\/wp\/v2\/users\/2"}],"replies":[{"embeddable":true,"href":"https:\/\/www.campingomaha.fr\/de\/wp-json\/wp\/v2\/comments?post=9955"}],"version-history":[{"count":3,"href":"https:\/\/www.campingomaha.fr\/de\/wp-json\/wp\/v2\/pages\/9955\/revisions"}],"predecessor-version":[{"id":9984,"href":"https:\/\/www.campingomaha.fr\/de\/wp-json\/wp\/v2\/pages\/9955\/revisions\/9984"}],"up":[{"embeddable":true,"href":"https:\/\/www.campingomaha.fr\/de\/wp-json\/wp\/v2\/pages\/3679"}],"wp:featuredmedia":[{"embeddable":true,"href":"https:\/\/www.campingomaha.fr\/de\/wp-json\/wp\/v2\/media\/9990"}],"wp:attachment":[{"href":"https:\/\/www.campingomaha.fr\/de\/wp-json\/wp\/v2\/media?parent=9955"}],"curies":[{"name":"wp","href":"https:\/\/api.w.org\/{rel}","templated":true}]}}