{"id":4788,"date":"2024-08-23T09:40:49","date_gmt":"2024-08-23T07:40:49","guid":{"rendered":"https:\/\/www.campingomaha.fr\/?page_id=4788"},"modified":"2025-04-26T12:22:06","modified_gmt":"2025-04-26T10:22:06","slug":"gift-voucher","status":"publish","type":"page","link":"https:\/\/www.campingomaha.fr\/en\/gift-voucher\/","title":{"rendered":"Gift voucher"},"content":{"rendered":"\t\t<div data-elementor-type=\"wp-page\" data-elementor-id=\"4788\" class=\"elementor elementor-4788 elementor-4787\" data-elementor-post-type=\"page\">\n\t\t\t\t<div class=\"elementor-element elementor-element-5b8b02b e-con-full e-flex e-con e-parent\" data-id=\"5b8b02b\" data-element_type=\"container\" data-e-type=\"container\">\n\t\t\t\t<div class=\"elementor-element elementor-element-46f856d elementor-widget elementor-widget-text-editor\" data-id=\"46f856d\" data-element_type=\"widget\" data-e-type=\"widget\" data-widget_type=\"text-editor.default\">\n\t\t\t\t<div class=\"elementor-widget-container\">\n\t\t\t\t\t\t\t\t\t<h4><b>Give the gift of escape with our gift vouchers!<\/b><\/h4>\t\t\t\t\t\t\t\t<\/div>\n\t\t\t\t<\/div>\n\t\t\t\t<div class=\"elementor-element elementor-element-7d7dc0a elementor-widget__width-inherit elementor-widget elementor-widget-heading\" data-id=\"7d7dc0a\" data-element_type=\"widget\" data-e-type=\"widget\" data-widget_type=\"heading.default\">\n\t\t\t\t<div class=\"elementor-widget-container\">\n\t\t\t\t\t<h2 class=\"elementor-heading-title elementor-size-default\">Treat your loved ones to an unforgettable stay at <br>!<\/h2>\t\t\t\t<\/div>\n\t\t\t\t<\/div>\n\t\t\t\t<\/div>\n\t\t<div class=\"elementor-element elementor-element-ff67dd0 e-flex e-con-boxed e-con e-parent\" data-id=\"ff67dd0\" data-element_type=\"container\" data-e-type=\"container\">\n\t\t\t\t\t<div class=\"e-con-inner\">\n\t\t\t\t<div class=\"elementor-element elementor-element-cf8a2c9 elementor--h-position-center elementor--v-position-middle elementor-arrows-position-inside elementor-pagination-position-inside elementor-widget elementor-widget-slides\" data-id=\"cf8a2c9\" data-element_type=\"widget\" data-e-type=\"widget\" data-settings=\"{&quot;navigation&quot;:&quot;both&quot;,&quot;autoplay&quot;:&quot;yes&quot;,&quot;pause_on_hover&quot;:&quot;yes&quot;,&quot;pause_on_interaction&quot;:&quot;yes&quot;,&quot;autoplay_speed&quot;:5000,&quot;infinite&quot;:&quot;yes&quot;,&quot;transition&quot;:&quot;slide&quot;,&quot;transition_speed&quot;:500}\" data-widget_type=\"slides.default\">\n\t\t\t\t<div class=\"elementor-widget-container\">\n\t\t\t\t\t\t\t\t\t<div class=\"elementor-swiper\">\n\t\t\t\t\t<div class=\"elementor-slides-wrapper elementor-main-swiper swiper\" role=\"region\" aria-roledescription=\"carousel\" aria-label=\"Slides\" dir=\"ltr\" data-animation=\"fadeInUp\">\n\t\t\t\t<div class=\"swiper-wrapper elementor-slides\">\n\t\t\t\t\t\t\t\t\t\t<div class=\"elementor-repeater-item-28b5037 swiper-slide\" role=\"group\" aria-roledescription=\"slide\"><div class=\"swiper-slide-bg\" role=\"img\" aria-label=\"Mobil home 33 m\u00b2 premium\"><\/div><div class=\"elementor-background-overlay\"><\/div><a class=\"swiper-slide-inner\" href=\"https:\/\/reservation.secureholiday.net\/en\/6927\/gift-voucher\" target=\"_blank\" rel=\"noopener\"><div class=\"swiper-slide-contents\"><div class=\"elementor-slide-heading\">Family vacations<\/div><div class=\"elementor-slide-description\"><p>The ideal gift for young and old<\/p>\n<\/div><div  class=\"elementor-button elementor-slide-button elementor-size-sm\">Click here<\/div><\/div><\/a><\/div><div class=\"elementor-repeater-item-ae4a1ec swiper-slide\" role=\"group\" aria-roledescription=\"slide\"><div class=\"swiper-slide-bg\" role=\"img\" aria-label=\"idee-cadeau-noel-original-insolite-local-nord-pas-de-calais-lille\"><\/div><div class=\"elementor-background-overlay\"><\/div><a class=\"swiper-slide-inner\" href=\"https:\/\/reservation.secureholiday.net\/en\/6927\/gift-voucher\" target=\"_blank\" rel=\"noopener\"><div class=\"swiper-slide-contents\"><div class=\"elementor-slide-heading\">Christmas is coming soon!<\/div><div class=\"elementor-slide-description\"><p>Still looking for gift ideas?<\/p>\n<\/div><div  class=\"elementor-button elementor-slide-button elementor-size-sm\">Click here<\/div><\/div><\/a><\/div><div class=\"elementor-repeater-item-1578942 swiper-slide\" role=\"group\" aria-roledescription=\"slide\"><div class=\"swiper-slide-bg\" role=\"img\" aria-label=\"71\"><\/div><div class=\"elementor-background-overlay\"><\/div><a class=\"swiper-slide-inner\" href=\"https:\/\/reservation.secureholiday.net\/en\/6927\/gift-voucher\" target=\"_blank\" rel=\"noopener\"><div class=\"swiper-slide-contents\"><div class=\"elementor-slide-heading\">Soon his birthday?<\/div><div class=\"elementor-slide-description\"><p>Please him ...<\/p>\n<\/div><div  class=\"elementor-button elementor-slide-button elementor-size-sm\">Click here<\/div><\/div><\/a><\/div><div class=\"elementor-repeater-item-ac26c99 swiper-slide\" role=\"group\" aria-roledescription=\"slide\"><div class=\"swiper-slide-bg\" role=\"img\" aria-label=\"xr:d:DAFDnxrC-Ok:2,j:28646783610,t:22061423\"><\/div><div class=\"elementor-background-overlay\"><\/div><a class=\"swiper-slide-inner\" href=\"https:\/\/reservation.secureholiday.net\/en\/6927\/gift-voucher\" target=\"_blank\" rel=\"noopener\"><div class=\"swiper-slide-contents\"><div class=\"elementor-slide-heading\">Happy birthday, Dad!<\/div><div class=\"elementor-slide-description\"><p>A chance to thank him<\/p>\n<\/div><div  class=\"elementor-button elementor-slide-button elementor-size-sm\">Click here<\/div><\/div><\/a><\/div><div class=\"elementor-repeater-item-df6afaa swiper-slide\" role=\"group\" aria-roledescription=\"slide\"><div class=\"swiper-slide-bg\" role=\"img\" aria-label=\"1869\"><\/div><div class=\"elementor-background-overlay\"><\/div><a class=\"swiper-slide-inner\" href=\"https:\/\/reservation.secureholiday.net\/en\/6927\/gift-voucher\" target=\"_blank\" rel=\"noopener\"><div class=\"swiper-slide-contents\"><div class=\"elementor-slide-heading\">Want to relax?<\/div><div class=\"elementor-slide-description\"><p>Nothing better than enjoying the sea air<\/p>\n<\/div><div  class=\"elementor-button elementor-slide-button elementor-size-sm\">Click here<\/div><\/div><\/a><\/div><div class=\"elementor-repeater-item-117d490 swiper-slide\" role=\"group\" aria-roledescription=\"slide\"><div class=\"swiper-slide-bg\" role=\"img\" aria-label=\"Quel-cadeau-offrir-\u00e0-la-Saint-Valentin-La-s\u00e9lection-Gouiran-Beaut\u00e9\"><\/div><div class=\"elementor-background-overlay\"><\/div><a class=\"swiper-slide-inner\" href=\"https:\/\/reservation.secureholiday.net\/en\/6927\/gift-voucher\" target=\"_blank\" rel=\"noopener\"><div class=\"swiper-slide-contents\"><div class=\"elementor-slide-heading\">A parenthesis for two  <\/div><div class=\"elementor-slide-description\"><p>Tell her I love you<\/p>\n<\/div><div  class=\"elementor-button elementor-slide-button elementor-size-sm\">Click here<\/div><\/div><\/a><\/div>\t\t\t\t<\/div>\n\t\t\t\t\t\t\t\t\t\t\t\t\t\t\t<div class=\"elementor-swiper-button elementor-swiper-button-prev\" role=\"button\" tabindex=\"0\" aria-label=\"Previous slide\">\n\t\t\t\t\t\t\t<svg aria-hidden=\"true\" class=\"e-font-icon-svg e-eicon-chevron-left\" viewBox=\"0 0 1000 1000\" xmlns=\"http:\/\/www.w3.org\/2000\/svg\"><path d=\"M646 125C629 125 613 133 604 142L308 442C296 454 292 471 292 487 292 504 296 521 308 533L604 854C617 867 629 875 646 875 663 875 679 871 692 858 704 846 713 829 713 812 713 796 708 779 692 767L438 487 692 225C700 217 708 204 708 187 708 171 704 154 692 142 675 129 663 125 646 125Z\"><\/path><\/svg>\t\t\t\t\t\t<\/div>\n\t\t\t\t\t\t<div class=\"elementor-swiper-button elementor-swiper-button-next\" role=\"button\" tabindex=\"0\" aria-label=\"Next slide\">\n\t\t\t\t\t\t\t<svg aria-hidden=\"true\" class=\"e-font-icon-svg e-eicon-chevron-right\" viewBox=\"0 0 1000 1000\" xmlns=\"http:\/\/www.w3.org\/2000\/svg\"><path d=\"M696 533C708 521 713 504 713 487 713 471 708 454 696 446L400 146C388 133 375 125 354 125 338 125 325 129 313 142 300 154 292 171 292 187 292 204 296 221 308 233L563 492 304 771C292 783 288 800 288 817 288 833 296 850 308 863 321 871 338 875 354 875 371 875 388 867 400 854L696 533Z\"><\/path><\/svg>\t\t\t\t\t\t<\/div>\n\t\t\t\t\t\t\t\t\t\t\t\t\t\t\t\t<div class=\"swiper-pagination\"><\/div>\n\t\t\t\t\t\t\t\t\t\t\t\t<\/div>\n\t\t\t\t<\/div>\n\t\t\t\t\t\t\t\t<\/div>\n\t\t\t\t<\/div>\n\t\t\t\t<div class=\"elementor-element elementor-element-68a1d09 elementor-widget elementor-widget-text-editor\" data-id=\"68a1d09\" data-element_type=\"widget\" data-e-type=\"widget\" data-widget_type=\"text-editor.default\">\n\t\t\t\t<div class=\"elementor-widget-container\">\n\t\t\t\t\t\t\t\t\t<h4><b>Why give a gift voucher?<\/b><\/h4>\t\t\t\t\t\t\t\t<\/div>\n\t\t\t\t<\/div>\n\t\t\t\t<div class=\"elementor-element elementor-element-c22294f elementor-widget__width-initial elementor-widget elementor-widget-text-editor\" data-id=\"c22294f\" data-element_type=\"widget\" data-e-type=\"widget\" data-widget_type=\"text-editor.default\">\n\t\t\t\t<div class=\"elementor-widget-container\">\n\t\t\t\t\t\t\t\t\t<p>It&#8217;s almost Christmas? a friend&#8217;s birthday? Mother&#8217;s Day, Father&#8217;s Day or Valentine&#8217;s Day!  <\/p><p>Would you like to please a loved one with an original gift? Give a gift voucher and be sure to please! <\/p><p>Vouchers worth \u20ac50, \u20ac100, \u20ac150, \u20ac200 or \u20ac250 are valid for 12 months (renewable 1 time) from the date of issue and can be used on the Omaha Beach campsite website.<\/p>\t\t\t\t\t\t\t\t<\/div>\n\t\t\t\t<\/div>\n\t\t\t\t\t<\/div>\n\t\t\t\t<\/div>\n\t\t<div class=\"elementor-element elementor-element-9fab376 e-con-full shape-wave e-flex e-con e-parent\" data-id=\"9fab376\" data-element_type=\"container\" data-e-type=\"container\">\n\t\t<div class=\"elementor-element elementor-element-5d634e5 e-flex e-con-boxed e-con e-child\" data-id=\"5d634e5\" data-element_type=\"container\" data-e-type=\"container\">\n\t\t\t\t\t<div class=\"e-con-inner\">\n\t\t<div class=\"elementor-element elementor-element-001ee38 e-flex e-con-boxed e-con e-child\" data-id=\"001ee38\" data-element_type=\"container\" data-e-type=\"container\">\n\t\t\t\t\t<div class=\"e-con-inner\">\n\t\t\t\t<div class=\"elementor-element elementor-element-cc66912 elementor-widget elementor-widget-heading\" data-id=\"cc66912\" data-element_type=\"widget\" data-e-type=\"widget\" data-widget_type=\"heading.default\">\n\t\t\t\t<div class=\"elementor-widget-container\">\n\t\t\t\t\t<h2 class=\"elementor-heading-title elementor-size-default\">I would like to offer a gift voucher<\/h2>\t\t\t\t<\/div>\n\t\t\t\t<\/div>\n\t\t\t\t<div class=\"elementor-element elementor-element-0a0504d elementor-widget elementor-widget-button\" data-id=\"0a0504d\" data-element_type=\"widget\" data-e-type=\"widget\" data-widget_type=\"button.default\">\n\t\t\t\t<div class=\"elementor-widget-container\">\n\t\t\t\t\t\t\t\t\t<div class=\"elementor-button-wrapper\">\n\t\t\t\t\t<a class=\"elementor-button elementor-button-link elementor-size-sm\" href=\"https:\/\/reservation.secureholiday.net\/en\/6927\/gift-voucher\" target=\"_blank\" rel=\"noopener\">\n\t\t\t\t\t\t<span class=\"elementor-button-content-wrapper\">\n\t\t\t\t\t\t\t\t\t<span class=\"elementor-button-text\">I order a gift voucher<\/span>\n\t\t\t\t\t<\/span>\n\t\t\t\t\t<\/a>\n\t\t\t\t<\/div>\n\t\t\t\t\t\t\t\t<\/div>\n\t\t\t\t<\/div>\n\t\t\t\t<div class=\"elementor-element elementor-element-5a16052 elementor-widget elementor-widget-text-editor\" data-id=\"5a16052\" data-element_type=\"widget\" data-e-type=\"widget\" data-widget_type=\"text-editor.default\">\n\t\t\t\t<div class=\"elementor-widget-container\">\n\t\t\t\t\t\t\t\t\t<p>To do this I go to &#8220;I order a gift voucher&#8221; and fill in the form:<\/p><ul><li>I choose the amount of the gift voucher to offer from \u20ac50 to \u20ac250<\/li><li>I fill in my contact details: name, first name and e-mail address<\/li><li>I note the first and last name of the person to whom I want to give the gift voucher<\/li><li>I&#8217;m writing a personal message<\/li><li>I choose to send the voucher to my e-mail address, so that I can offer it whenever I want, or to the e-mail address of the person I want to offer it to.<\/li><\/ul><p>I then receive my order form by email. Payment is by credit card. <\/p><p>Give them to your friends and family, who can then choose their own vacation at the Omaha Beach campsite.<\/p>\t\t\t\t\t\t\t\t<\/div>\n\t\t\t\t<\/div>\n\t\t\t\t\t<\/div>\n\t\t\t\t<\/div>\n\t\t<div class=\"elementor-element elementor-element-578e119 e-flex e-con-boxed e-con e-child\" data-id=\"578e119\" data-element_type=\"container\" data-e-type=\"container\" data-settings=\"{&quot;sticky&quot;:&quot;top&quot;,&quot;sticky_on&quot;:[&quot;desktop&quot;,&quot;tablet&quot;],&quot;sticky_offset&quot;:115,&quot;sticky_parent&quot;:&quot;yes&quot;,&quot;sticky_effects_offset&quot;:0,&quot;sticky_anchor_link_offset&quot;:0}\">\n\t\t\t\t\t<div class=\"e-con-inner\">\n\t\t\t\t<div class=\"elementor-element elementor-element-eb25302 elementor-widget-mobile__width-inherit elementor-widget elementor-widget-image\" data-id=\"eb25302\" data-element_type=\"widget\" data-e-type=\"widget\" data-widget_type=\"image.default\">\n\t\t\t\t<div class=\"elementor-widget-container\">\n\t\t\t\t\t\t\t\t\t\t\t\t\t\t\t\t<a href=\"https:\/\/www.campingomaha.fr\/wp-content\/uploads\/2024\/10\/BON-CADEAU-CAMPING-1.png\" data-elementor-open-lightbox=\"yes\" data-e-action-hash=\"#elementor-action%3Aaction%3Dlightbox%26settings%3DeyJpZCI6NjYzMCwidXJsIjoiaHR0cHM6XC9cL3d3dy5jYW1waW5nb21haGEuZnJcL3dwLWNvbnRlbnRcL3VwbG9hZHNcLzIwMjRcLzEwXC9CT04tQ0FERUFVLUNBTVBJTkctMS5wbmcifQ%3D%3D\">\n\t\t\t\t\t\t\t<img fetchpriority=\"high\" decoding=\"async\" width=\"1744\" height=\"1240\" src=\"https:\/\/www.campingomaha.fr\/wp-content\/uploads\/2024\/10\/BON-CADEAU-CAMPING-1.png\" class=\"attachment-2048x2048 size-2048x2048 wp-image-6630\" alt=\"\" srcset=\"https:\/\/www.campingomaha.fr\/wp-content\/uploads\/2024\/10\/BON-CADEAU-CAMPING-1.png 1744w, https:\/\/www.campingomaha.fr\/wp-content\/uploads\/2024\/10\/BON-CADEAU-CAMPING-1-500x356.png 500w, https:\/\/www.campingomaha.fr\/wp-content\/uploads\/2024\/10\/BON-CADEAU-CAMPING-1-1024x728.png 1024w, https:\/\/www.campingomaha.fr\/wp-content\/uploads\/2024\/10\/BON-CADEAU-CAMPING-1-768x546.png 768w, https:\/\/www.campingomaha.fr\/wp-content\/uploads\/2024\/10\/BON-CADEAU-CAMPING-1-1536x1092.png 1536w\" sizes=\"(max-width: 1744px) 100vw, 1744px\" \/>\t\t\t\t\t\t\t\t<\/a>\n\t\t\t\t\t\t\t\t\t\t\t\t\t\t\t<\/div>\n\t\t\t\t<\/div>\n\t\t\t\t\t<\/div>\n\t\t\t\t<\/div>\n\t\t\t\t\t<\/div>\n\t\t\t\t<\/div>\n\t\t\t\t<\/div>\n\t\t<div class=\"elementor-element elementor-element-8dda875 e-con-full e-flex e-con e-parent\" data-id=\"8dda875\" data-element_type=\"container\" data-e-type=\"container\">\n\t\t<div class=\"elementor-element elementor-element-dd03021 e-flex e-con-boxed e-con e-child\" data-id=\"dd03021\" data-element_type=\"container\" data-e-type=\"container\">\n\t\t\t\t\t<div class=\"e-con-inner\">\n\t\t<div class=\"elementor-element elementor-element-d194e50 e-flex e-con-boxed e-con e-child\" data-id=\"d194e50\" data-element_type=\"container\" data-e-type=\"container\" data-settings=\"{&quot;sticky&quot;:&quot;top&quot;,&quot;sticky_on&quot;:[&quot;desktop&quot;,&quot;tablet&quot;],&quot;sticky_offset&quot;:115,&quot;sticky_parent&quot;:&quot;yes&quot;,&quot;sticky_effects_offset&quot;:0,&quot;sticky_anchor_link_offset&quot;:0}\">\n\t\t\t\t\t<div class=\"e-con-inner\">\n\t\t\t\t<div class=\"elementor-element elementor-element-d94615a elementor-widget-mobile__width-inherit elementor-widget elementor-widget-image\" data-id=\"d94615a\" data-element_type=\"widget\" data-e-type=\"widget\" data-widget_type=\"image.default\">\n\t\t\t\t<div class=\"elementor-widget-container\">\n\t\t\t\t\t\t\t\t\t\t\t\t\t\t\t<img decoding=\"async\" width=\"640\" height=\"632\" src=\"https:\/\/www.campingomaha.fr\/wp-content\/uploads\/2024\/08\/camping-omaha-beach-bon-cadeau-reservation.jpg\" class=\"attachment-large size-large wp-image-5640\" alt=\"reservation bon cadeau\" srcset=\"https:\/\/www.campingomaha.fr\/wp-content\/uploads\/2024\/08\/camping-omaha-beach-bon-cadeau-reservation.jpg 674w, https:\/\/www.campingomaha.fr\/wp-content\/uploads\/2024\/08\/camping-omaha-beach-bon-cadeau-reservation-500x494.jpg 500w\" sizes=\"(max-width: 640px) 100vw, 640px\" \/>\t\t\t\t\t\t\t\t\t\t\t\t\t\t\t<\/div>\n\t\t\t\t<\/div>\n\t\t\t\t\t<\/div>\n\t\t\t\t<\/div>\n\t\t<div class=\"elementor-element elementor-element-87cd771 e-flex e-con-boxed e-con e-child\" data-id=\"87cd771\" data-element_type=\"container\" data-e-type=\"container\">\n\t\t\t\t\t<div class=\"e-con-inner\">\n\t\t\t\t<div class=\"elementor-element elementor-element-6f2ea06 elementor-widget elementor-widget-heading\" data-id=\"6f2ea06\" data-element_type=\"widget\" data-e-type=\"widget\" data-widget_type=\"heading.default\">\n\t\t\t\t<div class=\"elementor-widget-container\">\n\t\t\t\t\t<h2 class=\"elementor-heading-title elementor-size-default\">I would like to use my gift voucher<\/h2>\t\t\t\t<\/div>\n\t\t\t\t<\/div>\n\t\t\t\t<div class=\"elementor-element elementor-element-a5e81c9 elementor-widget elementor-widget-text-editor\" data-id=\"a5e81c9\" data-element_type=\"widget\" data-e-type=\"widget\" data-widget_type=\"text-editor.default\">\n\t\t\t\t<div class=\"elementor-widget-container\">\n\t\t\t\t\t\t\t\t\tI&#8217;ve received a gift voucher? To book your stay, visit the campsite website <a href=\"https:\/\/www.campingcoteplage.com\/\" target=\"_blank\" rel=\"noopener noreferrer\">www.campingomaha.fr<\/a>! \n<ul>\n \t<li>I&#8217;m looking for the holiday that suits me best:\n<ol>\n \t<li>I select my dates of stay<\/li>\n \t<li>I choose my type of vacation (pitch or mobile home)<\/li>\n \t<li>I complete the form (contact details, participants&#8230;etc)<\/li>\n<\/ol>\n<\/li>\n<\/ul>\n<ul>\n \t<li>To pay for my stay :\n<ol>\n \t<li>I click on the &#8220;gift voucher&#8221; payment method<\/li>\n \t<li>Enter my gift voucher number\n<ul>\n \t<li>If the amount of the deposit is greater than the amount of the gift voucher, you will need to complete the payment by credit card (follow the instructions on the site).<\/li>\n \t<li>If the amount of the deposit is less than the amount of the gift voucher, the amount of the deposit will be readjusted in order to use the full amount of the gift voucher (the amount of the balance will be recalculated).<\/li>\n<\/ul>\n<\/li>\n<\/ol>\n<\/li>\n<\/ul>\t\t\t\t\t\t\t\t<\/div>\n\t\t\t\t<\/div>\n\t\t\t\t\t<\/div>\n\t\t\t\t<\/div>\n\t\t\t\t\t<\/div>\n\t\t\t\t<\/div>\n\t\t\t\t<\/div>\n\t\t\t\t<\/div>\n\t\t","protected":false},"excerpt":{"rendered":"<p>Give the gift of escape with our gift vouchers! Treat your loved ones to an unforgettable stay at ! Family vacations The ideal gift for young and old Click hereChristmas is coming soon! Still looking for gift ideas? Click hereSoon his birthday? Please him &#8230; Click hereHappy birthday, Dad! A chance to thank him Click [&hellip;]<\/p>\n","protected":false},"author":2,"featured_media":4887,"parent":0,"menu_order":3,"comment_status":"closed","ping_status":"closed","template":"","meta":{"_acf_changed":false,"footnotes":""},"class_list":["post-4788","page","type-page","status-publish","has-post-thumbnail","hentry"],"acf":[],"_links":{"self":[{"href":"https:\/\/www.campingomaha.fr\/en\/wp-json\/wp\/v2\/pages\/4788","targetHints":{"allow":["GET"]}}],"collection":[{"href":"https:\/\/www.campingomaha.fr\/en\/wp-json\/wp\/v2\/pages"}],"about":[{"href":"https:\/\/www.campingomaha.fr\/en\/wp-json\/wp\/v2\/types\/page"}],"author":[{"embeddable":true,"href":"https:\/\/www.campingomaha.fr\/en\/wp-json\/wp\/v2\/users\/2"}],"replies":[{"embeddable":true,"href":"https:\/\/www.campingomaha.fr\/en\/wp-json\/wp\/v2\/comments?post=4788"}],"version-history":[{"count":3,"href":"https:\/\/www.campingomaha.fr\/en\/wp-json\/wp\/v2\/pages\/4788\/revisions"}],"predecessor-version":[{"id":7828,"href":"https:\/\/www.campingomaha.fr\/en\/wp-json\/wp\/v2\/pages\/4788\/revisions\/7828"}],"wp:featuredmedia":[{"embeddable":true,"href":"https:\/\/www.campingomaha.fr\/en\/wp-json\/wp\/v2\/media\/4887"}],"wp:attachment":[{"href":"https:\/\/www.campingomaha.fr\/en\/wp-json\/wp\/v2\/media?parent=4788"}],"curies":[{"name":"wp","href":"https:\/\/api.w.org\/{rel}","templated":true}]}}