{"id":7800,"date":"2025-09-30T10:29:40","date_gmt":"2025-09-30T08:29:40","guid":{"rendered":"https:\/\/www.campingomaha.fr\/?page_id=7800"},"modified":"2025-09-30T10:29:40","modified_gmt":"2025-09-30T08:29:40","slug":"insurance-2","status":"publish","type":"page","link":"https:\/\/www.campingomaha.fr\/en\/practical-information\/insurance-2\/","title":{"rendered":"Insurance"},"content":{"rendered":"\t\t<div data-elementor-type=\"wp-page\" data-elementor-id=\"7800\" class=\"elementor elementor-7800 elementor-7798\" data-elementor-post-type=\"page\">\n\t\t\t\t<div class=\"elementor-element elementor-element-0f401cb e-con-full shape-wave e-flex e-con e-parent\" data-id=\"0f401cb\" data-element_type=\"container\" data-e-type=\"container\">\n\t\t<div class=\"elementor-element elementor-element-a4321a8 e-flex e-con-boxed e-con e-child\" data-id=\"a4321a8\" data-element_type=\"container\" data-e-type=\"container\">\n\t\t\t\t\t<div class=\"e-con-inner\">\n\t\t<div class=\"elementor-element elementor-element-f268300 e-flex e-con-boxed e-con e-child\" data-id=\"f268300\" data-element_type=\"container\" data-e-type=\"container\">\n\t\t\t\t\t<div class=\"e-con-inner\">\n\t\t\t\t<div class=\"elementor-element elementor-element-f7ca259 elementor-widget elementor-widget-heading\" data-id=\"f7ca259\" data-element_type=\"widget\" data-e-type=\"widget\" data-widget_type=\"heading.default\">\n\t\t\t\t<div class=\"elementor-widget-container\">\n\t\t\t\t\t<h2 class=\"elementor-heading-title elementor-size-default\">Campez couvert !<\/h2>\t\t\t\t<\/div>\n\t\t\t\t<\/div>\n\t\t\t\t<div class=\"elementor-element elementor-element-ffe30a7 elementor-widget elementor-widget-text-editor\" data-id=\"ffe30a7\" data-element_type=\"widget\" data-e-type=\"widget\" data-widget_type=\"text-editor.default\">\n\t\t\t\t<div class=\"elementor-widget-container\">\n\t\t\t\t\t\t\t\t\t<p>Your campsite has selected <a href=\"https:\/\/www.campez-couvert.com\/\" target=\"_blank\" rel=\"noopener\">Campez Couvert<\/a> for you, in order to offer you the best insurance in the event of cancellation or interruption of your stay and late arrival.<\/p><p>Its amount ? <strong>only 4% of the amount of your stay !<\/strong><\/p><p>Campez Couvert insurance covers all cancellations that are not your fault. It is also the reimbursement of vehicle rental costs following a breakdown, accident or theft during your stay. Everyone is covered with no kinship necessary. Refund in 48 hours. Clearly, everything is guaranteed except the change of mind !<\/p>\t\t\t\t\t\t\t\t<\/div>\n\t\t\t\t<\/div>\n\t\t<div class=\"elementor-element elementor-element-c93cb89 e-grid e-con-boxed e-con e-child\" data-id=\"c93cb89\" data-element_type=\"container\" data-e-type=\"container\">\n\t\t\t\t\t<div class=\"e-con-inner\">\n\t\t<div class=\"elementor-element elementor-element-42befc2 e-flex e-con-boxed e-con e-child\" data-id=\"42befc2\" data-element_type=\"container\" data-e-type=\"container\">\n\t\t\t\t\t<div class=\"e-con-inner\">\n\t\t\t\t<div class=\"elementor-element elementor-element-ab816d0 elementor-widget elementor-widget-image\" data-id=\"ab816d0\" data-element_type=\"widget\" data-e-type=\"widget\" data-widget_type=\"image.default\">\n\t\t\t\t<div class=\"elementor-widget-container\">\n\t\t\t\t\t\t\t\t\t\t\t\t\t\t\t<img decoding=\"async\" width=\"51\" height=\"51\" src=\"https:\/\/www.campingomaha.fr\/wp-content\/uploads\/2024\/04\/icon-sante.png\" class=\"attachment-thumbnail size-thumbnail wp-image-3556\" alt=\"\" \/>\t\t\t\t\t\t\t\t\t\t\t\t\t\t\t<\/div>\n\t\t\t\t<\/div>\n\t\t<div class=\"elementor-element elementor-element-5bed78f e-con-full e-flex e-con e-child\" data-id=\"5bed78f\" data-element_type=\"container\" data-e-type=\"container\">\n\t\t\t\t<div class=\"elementor-element elementor-element-946bf5a elementor-widget elementor-widget-heading\" data-id=\"946bf5a\" data-element_type=\"widget\" data-e-type=\"widget\" data-widget_type=\"heading.default\">\n\t\t\t\t<div class=\"elementor-widget-container\">\n\t\t\t\t\t<p class=\"elementor-heading-title elementor-size-default\">Medical reasons<\/p>\t\t\t\t<\/div>\n\t\t\t\t<\/div>\n\t\t\t\t<div class=\"elementor-element elementor-element-9c8d6dc elementor-widget elementor-widget-text-editor\" data-id=\"9c8d6dc\" data-element_type=\"widget\" data-e-type=\"widget\" data-widget_type=\"text-editor.default\">\n\t\t\t\t<div class=\"elementor-widget-container\">\n\t\t\t\t\t\t\t\t\tSerious illness, serious accident or death, contraindication and follow-up to vaccination, complications due to pregnancy.\t\t\t\t\t\t\t\t<\/div>\n\t\t\t\t<\/div>\n\t\t\t\t<\/div>\n\t\t\t\t\t<\/div>\n\t\t\t\t<\/div>\n\t\t<div class=\"elementor-element elementor-element-27d23ca e-flex e-con-boxed e-con e-child\" data-id=\"27d23ca\" data-element_type=\"container\" data-e-type=\"container\">\n\t\t\t\t\t<div class=\"e-con-inner\">\n\t\t\t\t<div class=\"elementor-element elementor-element-84684b4 elementor-widget elementor-widget-image\" data-id=\"84684b4\" data-element_type=\"widget\" data-e-type=\"widget\" data-widget_type=\"image.default\">\n\t\t\t\t<div class=\"elementor-widget-container\">\n\t\t\t\t\t\t\t\t\t\t\t\t\t\t\t<img decoding=\"async\" width=\"51\" height=\"51\" src=\"https:\/\/www.campingomaha.fr\/wp-content\/uploads\/2024\/04\/icon-private.png\" class=\"attachment-thumbnail size-thumbnail wp-image-3562\" alt=\"\" \/>\t\t\t\t\t\t\t\t\t\t\t\t\t\t\t<\/div>\n\t\t\t\t<\/div>\n\t\t<div class=\"elementor-element elementor-element-ae54caf e-con-full e-flex e-con e-child\" data-id=\"ae54caf\" data-element_type=\"container\" data-e-type=\"container\">\n\t\t\t\t<div class=\"elementor-element elementor-element-8a518ed elementor-widget elementor-widget-heading\" data-id=\"8a518ed\" data-element_type=\"widget\" data-e-type=\"widget\" data-widget_type=\"heading.default\">\n\t\t\t\t<div class=\"elementor-widget-container\">\n\t\t\t\t\t<p class=\"elementor-heading-title elementor-size-default\">Personal reasons<\/p>\t\t\t\t<\/div>\n\t\t\t\t<\/div>\n\t\t\t\t<div class=\"elementor-element elementor-element-5669f44 elementor-widget elementor-widget-text-editor\" data-id=\"5669f44\" data-element_type=\"widget\" data-e-type=\"widget\" data-widget_type=\"text-editor.default\">\n\t\t\t\t<div class=\"elementor-widget-container\">\n\t\t\t\t\t\t\t\t\tSummons for the adoption of a child, a remedial examination or an organ transplant, separation, etc.\t\t\t\t\t\t\t\t<\/div>\n\t\t\t\t<\/div>\n\t\t\t\t<\/div>\n\t\t\t\t\t<\/div>\n\t\t\t\t<\/div>\n\t\t<div class=\"elementor-element elementor-element-43904c3 e-flex e-con-boxed e-con e-child\" data-id=\"43904c3\" data-element_type=\"container\" data-e-type=\"container\">\n\t\t\t\t\t<div class=\"e-con-inner\">\n\t\t\t\t<div class=\"elementor-element elementor-element-09b3a3a elementor-widget elementor-widget-image\" data-id=\"09b3a3a\" data-element_type=\"widget\" data-e-type=\"widget\" data-widget_type=\"image.default\">\n\t\t\t\t<div class=\"elementor-widget-container\">\n\t\t\t\t\t\t\t\t\t\t\t\t\t\t\t<img decoding=\"async\" width=\"51\" height=\"51\" src=\"https:\/\/www.campingomaha.fr\/wp-content\/uploads\/2024\/04\/icon-accident.png\" class=\"attachment-thumbnail size-thumbnail wp-image-3559\" alt=\"\" \/>\t\t\t\t\t\t\t\t\t\t\t\t\t\t\t<\/div>\n\t\t\t\t<\/div>\n\t\t<div class=\"elementor-element elementor-element-a5139f0 e-con-full e-flex e-con e-child\" data-id=\"a5139f0\" data-element_type=\"container\" data-e-type=\"container\">\n\t\t\t\t<div class=\"elementor-element elementor-element-8be2c5f elementor-widget elementor-widget-heading\" data-id=\"8be2c5f\" data-element_type=\"widget\" data-e-type=\"widget\" data-widget_type=\"heading.default\">\n\t\t\t\t<div class=\"elementor-widget-container\">\n\t\t\t\t\t<p class=\"elementor-heading-title elementor-size-default\">Serious damage to your vehicle<\/p>\t\t\t\t<\/div>\n\t\t\t\t<\/div>\n\t\t\t\t<div class=\"elementor-element elementor-element-69748b0 elementor-widget elementor-widget-text-editor\" data-id=\"69748b0\" data-element_type=\"widget\" data-e-type=\"widget\" data-widget_type=\"text-editor.default\">\n\t\t\t\t<div class=\"elementor-widget-container\">\n\t\t\t\t\t\t\t\t\tWithin 48 hours before departure.\t\t\t\t\t\t\t\t<\/div>\n\t\t\t\t<\/div>\n\t\t\t\t<\/div>\n\t\t\t\t\t<\/div>\n\t\t\t\t<\/div>\n\t\t<div class=\"elementor-element elementor-element-ee3a973 e-flex e-con-boxed e-con e-child\" data-id=\"ee3a973\" data-element_type=\"container\" data-e-type=\"container\">\n\t\t\t\t\t<div class=\"e-con-inner\">\n\t\t\t\t<div class=\"elementor-element elementor-element-d105658 elementor-widget elementor-widget-image\" data-id=\"d105658\" data-element_type=\"widget\" data-e-type=\"widget\" data-widget_type=\"image.default\">\n\t\t\t\t<div class=\"elementor-widget-container\">\n\t\t\t\t\t\t\t\t\t\t\t\t\t\t\t<img loading=\"lazy\" decoding=\"async\" width=\"51\" height=\"51\" src=\"https:\/\/www.campingomaha.fr\/wp-content\/uploads\/2024\/04\/icon-job.png\" class=\"attachment-thumbnail size-thumbnail wp-image-3565\" alt=\"\" \/>\t\t\t\t\t\t\t\t\t\t\t\t\t\t\t<\/div>\n\t\t\t\t<\/div>\n\t\t<div class=\"elementor-element elementor-element-803aeb4 e-con-full e-flex e-con e-child\" data-id=\"803aeb4\" data-element_type=\"container\" data-e-type=\"container\">\n\t\t\t\t<div class=\"elementor-element elementor-element-ed20cfa elementor-widget elementor-widget-heading\" data-id=\"ed20cfa\" data-element_type=\"widget\" data-e-type=\"widget\" data-widget_type=\"heading.default\">\n\t\t\t\t<div class=\"elementor-widget-container\">\n\t\t\t\t\t<p class=\"elementor-heading-title elementor-size-default\">Professional reasons<\/p>\t\t\t\t<\/div>\n\t\t\t\t<\/div>\n\t\t\t\t<div class=\"elementor-element elementor-element-0d5d95a elementor-widget elementor-widget-text-editor\" data-id=\"0d5d95a\" data-element_type=\"widget\" data-e-type=\"widget\" data-widget_type=\"text-editor.default\">\n\t\t\t\t<div class=\"elementor-widget-container\">\n\t\t\t\t\t\t\t\t\tRemoval or modification of paid leave dates, economic dismissal or contractual termination, professional transfer, obtaining a job, etc.\t\t\t\t\t\t\t\t<\/div>\n\t\t\t\t<\/div>\n\t\t\t\t<\/div>\n\t\t\t\t\t<\/div>\n\t\t\t\t<\/div>\n\t\t<div class=\"elementor-element elementor-element-6760f22 e-flex e-con-boxed e-con e-child\" data-id=\"6760f22\" data-element_type=\"container\" data-e-type=\"container\">\n\t\t\t\t\t<div class=\"e-con-inner\">\n\t\t\t\t<div class=\"elementor-element elementor-element-a3e2257 elementor-widget elementor-widget-image\" data-id=\"a3e2257\" data-element_type=\"widget\" data-e-type=\"widget\" data-widget_type=\"image.default\">\n\t\t\t\t<div class=\"elementor-widget-container\">\n\t\t\t\t\t\t\t\t\t\t\t\t\t\t\t<img loading=\"lazy\" decoding=\"async\" width=\"51\" height=\"51\" src=\"https:\/\/www.campingomaha.fr\/wp-content\/uploads\/2024\/04\/icon-fire.png\" class=\"attachment-thumbnail size-thumbnail wp-image-3568\" alt=\"\" \/>\t\t\t\t\t\t\t\t\t\t\t\t\t\t\t<\/div>\n\t\t\t\t<\/div>\n\t\t<div class=\"elementor-element elementor-element-2fbf404 e-con-full e-flex e-con e-child\" data-id=\"2fbf404\" data-element_type=\"container\" data-e-type=\"container\">\n\t\t\t\t<div class=\"elementor-element elementor-element-4fc8ed7 elementor-widget elementor-widget-heading\" data-id=\"4fc8ed7\" data-element_type=\"widget\" data-e-type=\"widget\" data-widget_type=\"heading.default\">\n\t\t\t\t<div class=\"elementor-widget-container\">\n\t\t\t\t\t<p class=\"elementor-heading-title elementor-size-default\">Others<\/p>\t\t\t\t<\/div>\n\t\t\t\t<\/div>\n\t\t\t\t<div class=\"elementor-element elementor-element-3cc0847 elementor-widget elementor-widget-text-editor\" data-id=\"3cc0847\" data-element_type=\"widget\" data-e-type=\"widget\" data-widget_type=\"text-editor.default\">\n\t\t\t\t<div class=\"elementor-widget-container\">\n\t\t\t\t\t\t\t\t\tSerious damage from fire, explosion, water damage, theft from professional or private premises, natural disasters, ban from the site, impediment to getting to the place of stay, theft of identity card, driving license or passport, visa refusal by the country&#8217;s authorities.\t\t\t\t\t\t\t\t<\/div>\n\t\t\t\t<\/div>\n\t\t\t\t<\/div>\n\t\t\t\t\t<\/div>\n\t\t\t\t<\/div>\n\t\t\t\t\t<\/div>\n\t\t\t\t<\/div>\n\t\t<div class=\"elementor-element elementor-element-f282264 e-flex e-con-boxed e-con e-child\" data-id=\"f282264\" data-element_type=\"container\" data-e-type=\"container\">\n\t\t\t\t\t<div class=\"e-con-inner\">\n\t\t\t\t<div class=\"elementor-element elementor-element-5e80d86 elementor-widget elementor-widget-button\" data-id=\"5e80d86\" data-element_type=\"widget\" data-e-type=\"widget\" data-widget_type=\"button.default\">\n\t\t\t\t<div class=\"elementor-widget-container\">\n\t\t\t\t\t\t\t\t\t<div class=\"elementor-button-wrapper\">\n\t\t\t\t\t<a class=\"elementor-button elementor-button-link elementor-size-sm\" href=\"https:\/\/www.campingomaha.fr\/wp-content\/uploads\/2024\/10\/ipid_FR.pdf\" target=\"_blank\" download=\"\">\n\t\t\t\t\t\t<span class=\"elementor-button-content-wrapper\">\n\t\t\t\t\t\t\t\t\t<span class=\"elementor-button-text\">T\u00e9l\u00e9charger la brochure (Fran\u00e7ais)<\/span>\n\t\t\t\t\t<\/span>\n\t\t\t\t\t<\/a>\n\t\t\t\t<\/div>\n\t\t\t\t\t\t\t\t<\/div>\n\t\t\t\t<\/div>\n\t\t\t\t<div class=\"elementor-element elementor-element-ea6f307 elementor-widget elementor-widget-button\" data-id=\"ea6f307\" data-element_type=\"widget\" data-e-type=\"widget\" data-widget_type=\"button.default\">\n\t\t\t\t<div class=\"elementor-widget-container\">\n\t\t\t\t\t\t\t\t\t<div class=\"elementor-button-wrapper\">\n\t\t\t\t\t<a class=\"elementor-button elementor-button-link elementor-size-sm\" href=\"https:\/\/www.campingomaha.fr\/wp-content\/uploads\/2024\/10\/ipid_EN.pdf\" target=\"_blank\" download=\"\">\n\t\t\t\t\t\t<span class=\"elementor-button-content-wrapper\">\n\t\t\t\t\t\t\t\t\t<span class=\"elementor-button-text\">Download the brochure (english)<\/span>\n\t\t\t\t\t<\/span>\n\t\t\t\t\t<\/a>\n\t\t\t\t<\/div>\n\t\t\t\t\t\t\t\t<\/div>\n\t\t\t\t<\/div>\n\t\t\t\t<div class=\"elementor-element elementor-element-867ccbf elementor-widget elementor-widget-button\" data-id=\"867ccbf\" data-element_type=\"widget\" data-e-type=\"widget\" data-widget_type=\"button.default\">\n\t\t\t\t<div class=\"elementor-widget-container\">\n\t\t\t\t\t\t\t\t\t<div class=\"elementor-button-wrapper\">\n\t\t\t\t\t<a class=\"elementor-button elementor-button-link elementor-size-sm\" href=\"https:\/\/www.campingomaha.fr\/wp-content\/uploads\/2024\/10\/ipid_DE.pdf\" target=\"_blank\" download=\"\">\n\t\t\t\t\t\t<span class=\"elementor-button-content-wrapper\">\n\t\t\t\t\t\t\t\t\t<span class=\"elementor-button-text\">Laden Sie die Brosch\u00fcre herunter (Deutsch)<\/span>\n\t\t\t\t\t<\/span>\n\t\t\t\t\t<\/a>\n\t\t\t\t<\/div>\n\t\t\t\t\t\t\t\t<\/div>\n\t\t\t\t<\/div>\n\t\t\t\t<div class=\"elementor-element elementor-element-c74e56b elementor-widget elementor-widget-button\" data-id=\"c74e56b\" data-element_type=\"widget\" data-e-type=\"widget\" data-widget_type=\"button.default\">\n\t\t\t\t<div class=\"elementor-widget-container\">\n\t\t\t\t\t\t\t\t\t<div class=\"elementor-button-wrapper\">\n\t\t\t\t\t<a class=\"elementor-button elementor-button-link elementor-size-sm\" href=\"https:\/\/www.campingomaha.fr\/wp-content\/uploads\/2024\/10\/ipid_NL.pdf\" target=\"_blank\" download=\"\">\n\t\t\t\t\t\t<span class=\"elementor-button-content-wrapper\">\n\t\t\t\t\t\t\t\t\t<span class=\"elementor-button-text\">Download brochure (Duits)<\/span>\n\t\t\t\t\t<\/span>\n\t\t\t\t\t<\/a>\n\t\t\t\t<\/div>\n\t\t\t\t\t\t\t\t<\/div>\n\t\t\t\t<\/div>\n\t\t\t\t\t<\/div>\n\t\t\t\t<\/div>\n\t\t\t\t\t<\/div>\n\t\t\t\t<\/div>\n\t\t<div class=\"elementor-element elementor-element-1c627cd e-flex e-con-boxed e-con e-child\" data-id=\"1c627cd\" data-element_type=\"container\" data-e-type=\"container\" data-settings=\"{&quot;sticky_on&quot;:[&quot;desktop&quot;,&quot;tablet&quot;],&quot;sticky_offset&quot;:115,&quot;sticky&quot;:&quot;top&quot;,&quot;sticky_parent&quot;:&quot;yes&quot;,&quot;sticky_effects_offset&quot;:0,&quot;sticky_anchor_link_offset&quot;:0}\">\n\t\t\t\t\t<div class=\"e-con-inner\">\n\t\t\t\t<div class=\"elementor-element elementor-element-9fd5807 elementor-widget-mobile__width-inherit elementor-widget elementor-widget-image\" data-id=\"9fd5807\" data-element_type=\"widget\" data-e-type=\"widget\" data-widget_type=\"image.default\">\n\t\t\t\t<div class=\"elementor-widget-container\">\n\t\t\t\t\t\t\t\t\t\t\t\t\t\t\t<img loading=\"lazy\" decoding=\"async\" width=\"524\" height=\"800\" src=\"https:\/\/www.campingomaha.fr\/wp-content\/uploads\/2024\/04\/campez-couvert-camping-omaha-beach-2024.jpg\" class=\"attachment-large size-large wp-image-3613\" alt=\"\" srcset=\"https:\/\/www.campingomaha.fr\/wp-content\/uploads\/2024\/04\/campez-couvert-camping-omaha-beach-2024.jpg 524w, https:\/\/www.campingomaha.fr\/wp-content\/uploads\/2024\/04\/campez-couvert-camping-omaha-beach-2024-328x500.jpg 328w\" sizes=\"(max-width: 524px) 100vw, 524px\" \/>\t\t\t\t\t\t\t\t\t\t\t\t\t\t\t<\/div>\n\t\t\t\t<\/div>\n\t\t\t\t\t<\/div>\n\t\t\t\t<\/div>\n\t\t\t\t\t<\/div>\n\t\t\t\t<\/div>\n\t\t\t\t<\/div>\n\t\t\t\t<\/div>\n\t\t","protected":false},"excerpt":{"rendered":"<p>Campez couvert ! Your campsite has selected Campez Couvert for you, in order to offer you the best insurance in the event of cancellation or interruption of your stay and late arrival. Its amount ? only 4% of the amount of your stay ! Campez Couvert insurance covers all cancellations that are not your fault. [&hellip;]<\/p>\n","protected":false},"author":2,"featured_media":7118,"parent":3677,"menu_order":2,"comment_status":"closed","ping_status":"closed","template":"","meta":{"_acf_changed":false,"footnotes":""},"class_list":["post-7800","page","type-page","status-publish","has-post-thumbnail","hentry"],"acf":[],"_links":{"self":[{"href":"https:\/\/www.campingomaha.fr\/en\/wp-json\/wp\/v2\/pages\/7800","targetHints":{"allow":["GET"]}}],"collection":[{"href":"https:\/\/www.campingomaha.fr\/en\/wp-json\/wp\/v2\/pages"}],"about":[{"href":"https:\/\/www.campingomaha.fr\/en\/wp-json\/wp\/v2\/types\/page"}],"author":[{"embeddable":true,"href":"https:\/\/www.campingomaha.fr\/en\/wp-json\/wp\/v2\/users\/2"}],"replies":[{"embeddable":true,"href":"https:\/\/www.campingomaha.fr\/en\/wp-json\/wp\/v2\/comments?post=7800"}],"version-history":[{"count":1,"href":"https:\/\/www.campingomaha.fr\/en\/wp-json\/wp\/v2\/pages\/7800\/revisions"}],"predecessor-version":[{"id":7803,"href":"https:\/\/www.campingomaha.fr\/en\/wp-json\/wp\/v2\/pages\/7800\/revisions\/7803"}],"up":[{"embeddable":true,"href":"https:\/\/www.campingomaha.fr\/en\/wp-json\/wp\/v2\/pages\/3677"}],"wp:featuredmedia":[{"embeddable":true,"href":"https:\/\/www.campingomaha.fr\/en\/wp-json\/wp\/v2\/media\/7118"}],"wp:attachment":[{"href":"https:\/\/www.campingomaha.fr\/en\/wp-json\/wp\/v2\/media?parent=7800"}],"curies":[{"name":"wp","href":"https:\/\/api.w.org\/{rel}","templated":true}]}}