{"id":7171,"date":"2024-11-27T15:53:24","date_gmt":"2024-11-27T14:53:24","guid":{"rendered":"https:\/\/www.campingomaha.fr\/?page_id=7171"},"modified":"2026-04-24T15:59:00","modified_gmt":"2026-04-24T13:59:00","slug":"de-velomaritime-2","status":"publish","type":"page","link":"https:\/\/www.campingomaha.fr\/nl\/omgeving\/de-velomaritime-2\/","title":{"rendered":"De must-haves"},"content":{"rendered":"\t\t<div data-elementor-type=\"wp-page\" data-elementor-id=\"7171\" class=\"elementor elementor-7171 elementor-7168\" data-elementor-post-type=\"page\">\n\t\t\t\t<div class=\"elementor-element elementor-element-52991e9 e-con-full shape-wave e-flex e-con e-parent\" data-id=\"52991e9\" data-element_type=\"container\" data-e-type=\"container\">\n\t\t<div class=\"elementor-element elementor-element-ab4c62c e-flex e-con-boxed e-con e-child\" data-id=\"ab4c62c\" data-element_type=\"container\" data-e-type=\"container\">\n\t\t\t\t\t<div class=\"e-con-inner\">\n\t\t<div class=\"elementor-element elementor-element-c3f0066 e-con-full e-flex e-con e-child\" data-id=\"c3f0066\" data-element_type=\"container\" data-e-type=\"container\" data-settings=\"{&quot;sticky_on&quot;:[&quot;desktop&quot;,&quot;tablet&quot;],&quot;sticky_offset&quot;:115,&quot;sticky_parent&quot;:&quot;yes&quot;,&quot;sticky&quot;:&quot;top&quot;,&quot;sticky_effects_offset&quot;:0,&quot;sticky_anchor_link_offset&quot;:0}\">\n\t\t<div class=\"elementor-element elementor-element-4b23192 e-con-full e-flex e-con e-child\" data-id=\"4b23192\" data-element_type=\"container\" data-e-type=\"container\">\n\t\t\t\t<div class=\"elementor-element elementor-element-1918e1f elementor-widget elementor-widget-image\" data-id=\"1918e1f\" data-element_type=\"widget\" data-e-type=\"widget\" data-widget_type=\"image.default\">\n\t\t\t\t<div class=\"elementor-widget-container\">\n\t\t\t\t\t\t\t\t\t\t\t\t\t\t\t<img fetchpriority=\"high\" decoding=\"async\" width=\"1536\" height=\"960\" src=\"https:\/\/www.campingomaha.fr\/wp-content\/uploads\/2025\/07\/Copie-de-Carte-touristique-reception-160-x-100-cm-1536x960.png\" class=\"attachment-1536x1536 size-1536x1536 wp-image-8304\" alt=\"\" srcset=\"https:\/\/www.campingomaha.fr\/wp-content\/uploads\/2025\/07\/Copie-de-Carte-touristique-reception-160-x-100-cm-1536x960.png 1536w, https:\/\/www.campingomaha.fr\/wp-content\/uploads\/2025\/07\/Copie-de-Carte-touristique-reception-160-x-100-cm-500x312.png 500w, https:\/\/www.campingomaha.fr\/wp-content\/uploads\/2025\/07\/Copie-de-Carte-touristique-reception-160-x-100-cm-1024x640.png 1024w, https:\/\/www.campingomaha.fr\/wp-content\/uploads\/2025\/07\/Copie-de-Carte-touristique-reception-160-x-100-cm-768x480.png 768w, https:\/\/www.campingomaha.fr\/wp-content\/uploads\/2025\/07\/Copie-de-Carte-touristique-reception-160-x-100-cm-2048x1280.png 2048w\" sizes=\"(max-width: 1536px) 100vw, 1536px\" \/>\t\t\t\t\t\t\t\t\t\t\t\t\t\t\t<\/div>\n\t\t\t\t<\/div>\n\t\t\t\t<\/div>\n\t\t\t\t<div class=\"elementor-element elementor-element-b61c631 elementor-widget elementor-widget-spacer\" data-id=\"b61c631\" data-element_type=\"widget\" data-e-type=\"widget\" data-widget_type=\"spacer.default\">\n\t\t\t\t<div class=\"elementor-widget-container\">\n\t\t\t\t\t\t\t<div class=\"elementor-spacer\">\n\t\t\t<div class=\"elementor-spacer-inner\"><\/div>\n\t\t<\/div>\n\t\t\t\t\t\t<\/div>\n\t\t\t\t<\/div>\n\t\t\t\t<div class=\"elementor-element elementor-element-bdc889e elementor-widget elementor-widget-heading\" data-id=\"bdc889e\" data-element_type=\"widget\" data-e-type=\"widget\" data-widget_type=\"heading.default\">\n\t\t\t\t<div class=\"elementor-widget-container\">\n\t\t\t\t\t<h2 class=\"elementor-heading-title elementor-size-default\">Ontdek Normandi\u00eb  <\/h2>\t\t\t\t<\/div>\n\t\t\t\t<\/div>\n\t\t\t\t<div class=\"elementor-element elementor-element-a285e84 elementor-widget elementor-widget-image\" data-id=\"a285e84\" data-element_type=\"widget\" data-e-type=\"widget\" data-widget_type=\"image.default\">\n\t\t\t\t<div class=\"elementor-widget-container\">\n\t\t\t\t\t\t\t\t\t\t\t\t\t\t\t<img decoding=\"async\" width=\"1201\" height=\"517\" src=\"https:\/\/www.campingomaha.fr\/wp-content\/uploads\/2024\/11\/carte-normandie-tourisme-1.jpg\" class=\"attachment-full size-full wp-image-7185\" alt=\"\" srcset=\"https:\/\/www.campingomaha.fr\/wp-content\/uploads\/2024\/11\/carte-normandie-tourisme-1.jpg 1201w, https:\/\/www.campingomaha.fr\/wp-content\/uploads\/2024\/11\/carte-normandie-tourisme-1-500x215.jpg 500w, https:\/\/www.campingomaha.fr\/wp-content\/uploads\/2024\/11\/carte-normandie-tourisme-1-1024x441.jpg 1024w, https:\/\/www.campingomaha.fr\/wp-content\/uploads\/2024\/11\/carte-normandie-tourisme-1-768x331.jpg 768w\" sizes=\"(max-width: 1201px) 100vw, 1201px\" \/>\t\t\t\t\t\t\t\t\t\t\t\t\t\t\t<\/div>\n\t\t\t\t<\/div>\n\t\t\t\t<div class=\"elementor-element elementor-element-476671e elementor-widget elementor-widget-text-editor\" data-id=\"476671e\" data-element_type=\"widget\" data-e-type=\"widget\" data-widget_type=\"text-editor.default\">\n\t\t\t\t<div class=\"elementor-widget-container\">\n\t\t\t\t\t\t\t\t\t<p class=\"is-style-excerpt\">Normandi\u00eb heeft een aantal UNESCO Werelderfgoedlocaties en tradities, maar ook dorpen die op de lijst van &#8220;Mooiste Dorpen van Frankrijk&#8221; staan en kuuroorden. Naast deze opmerkelijke bezienswaardigheden en de vele mooie omwegen is elke stad en elk dorp in Normandi\u00eb het ontdekken waard in elk seizoen. <\/p><p>Van Mont-Saint-Michel tot Tr\u00e9port, van Cherbourg tot Alen\u00e7on, Normandi\u00eb biedt een fantastisch moza\u00efek van landschappen. Ontdek plaatsen met een rijke geschiedenis, geniet van de natuur en maak kennis met de lokale bevolking. Als je deze bestemmingen op een andere manier wilt verkennen, sportief, leuk of ongewoon, raden we je ook onze <a href=\"https:\/\/www.normandie-tourisme.fr\/les-experiences\/\" target=\"_blank\" rel=\"noopener\">Normandi\u00eb-Experiences<\/a> aan.  <\/p>\t\t\t\t\t\t\t\t<\/div>\n\t\t\t\t<\/div>\n\t\t\t\t<div class=\"elementor-element elementor-element-4df89a2 elementor-align-center elementor-widget elementor-widget-button\" data-id=\"4df89a2\" data-element_type=\"widget\" data-e-type=\"widget\" data-widget_type=\"button.default\">\n\t\t\t\t<div class=\"elementor-widget-container\">\n\t\t\t\t\t\t\t\t\t<div class=\"elementor-button-wrapper\">\n\t\t\t\t\t<a class=\"elementor-button elementor-button-link elementor-size-sm\" href=\"https:\/\/www.normandie-tourisme.fr\/\" target=\"_blank\" rel=\"nofollow noopener\">\n\t\t\t\t\t\t<span class=\"elementor-button-content-wrapper\">\n\t\t\t\t\t\t\t\t\t<span class=\"elementor-button-text\">Normandi\u00eb toeristische website<\/span>\n\t\t\t\t\t<\/span>\n\t\t\t\t\t<\/a>\n\t\t\t\t<\/div>\n\t\t\t\t\t\t\t\t<\/div>\n\t\t\t\t<\/div>\n\t\t\t\t<\/div>\n\t\t\t\t\t<\/div>\n\t\t\t\t<\/div>\n\t\t<div class=\"elementor-element elementor-element-8824e46 e-flex e-con-boxed e-con e-child\" data-id=\"8824e46\" data-element_type=\"container\" data-e-type=\"container\">\n\t\t\t\t\t<div class=\"e-con-inner\">\n\t\t\t\t<div class=\"elementor-element elementor-element-7291002 elementor-widget elementor-widget-spacer\" data-id=\"7291002\" data-element_type=\"widget\" data-e-type=\"widget\" data-widget_type=\"spacer.default\">\n\t\t\t\t<div class=\"elementor-widget-container\">\n\t\t\t\t\t\t\t<div class=\"elementor-spacer\">\n\t\t\t<div class=\"elementor-spacer-inner\"><\/div>\n\t\t<\/div>\n\t\t\t\t\t\t<\/div>\n\t\t\t\t<\/div>\n\t\t\t\t<div class=\"elementor-element elementor-element-08ab638 elementor-widget elementor-widget-image\" data-id=\"08ab638\" data-element_type=\"widget\" data-e-type=\"widget\" data-widget_type=\"image.default\">\n\t\t\t\t<div class=\"elementor-widget-container\">\n\t\t\t\t\t\t\t\t\t\t\t\t\t\t\t<img decoding=\"async\" width=\"244\" height=\"76\" src=\"https:\/\/www.campingomaha.fr\/wp-content\/uploads\/2024\/11\/normandie-tourisme-logo.jpg\" class=\"attachment-large size-large wp-image-7221\" alt=\"\" \/>\t\t\t\t\t\t\t\t\t\t\t\t\t\t\t<\/div>\n\t\t\t\t<\/div>\n\t\t\t\t\t<\/div>\n\t\t\t\t<\/div>\n\t\t\t\t<\/div>\n\t\t\t\t<\/div>\n\t\t","protected":false},"excerpt":{"rendered":"<p>Ontdek Normandi\u00eb Normandi\u00eb heeft een aantal UNESCO Werelderfgoedlocaties en tradities, maar ook dorpen die op de lijst van &#8220;Mooiste Dorpen van Frankrijk&#8221; staan en kuuroorden. Naast deze opmerkelijke bezienswaardigheden en de vele mooie omwegen is elke stad en elk dorp in Normandi\u00eb het ontdekken waard in elk seizoen. Van Mont-Saint-Michel tot Tr\u00e9port, van Cherbourg tot [&hellip;]<\/p>\n","protected":false},"author":2,"featured_media":7176,"parent":3651,"menu_order":0,"comment_status":"closed","ping_status":"closed","template":"","meta":{"_acf_changed":false,"footnotes":""},"class_list":["post-7171","page","type-page","status-publish","has-post-thumbnail","hentry"],"acf":[],"_links":{"self":[{"href":"https:\/\/www.campingomaha.fr\/nl\/wp-json\/wp\/v2\/pages\/7171","targetHints":{"allow":["GET"]}}],"collection":[{"href":"https:\/\/www.campingomaha.fr\/nl\/wp-json\/wp\/v2\/pages"}],"about":[{"href":"https:\/\/www.campingomaha.fr\/nl\/wp-json\/wp\/v2\/types\/page"}],"author":[{"embeddable":true,"href":"https:\/\/www.campingomaha.fr\/nl\/wp-json\/wp\/v2\/users\/2"}],"replies":[{"embeddable":true,"href":"https:\/\/www.campingomaha.fr\/nl\/wp-json\/wp\/v2\/comments?post=7171"}],"version-history":[{"count":3,"href":"https:\/\/www.campingomaha.fr\/nl\/wp-json\/wp\/v2\/pages\/7171\/revisions"}],"predecessor-version":[{"id":10620,"href":"https:\/\/www.campingomaha.fr\/nl\/wp-json\/wp\/v2\/pages\/7171\/revisions\/10620"}],"up":[{"embeddable":true,"href":"https:\/\/www.campingomaha.fr\/nl\/wp-json\/wp\/v2\/pages\/3651"}],"wp:featuredmedia":[{"embeddable":true,"href":"https:\/\/www.campingomaha.fr\/nl\/wp-json\/wp\/v2\/media\/7176"}],"wp:attachment":[{"href":"https:\/\/www.campingomaha.fr\/nl\/wp-json\/wp\/v2\/media?parent=7171"}],"curies":[{"name":"wp","href":"https:\/\/api.w.org\/{rel}","templated":true}]}}